{"id":12056,"date":"2025-04-27T10:00:51","date_gmt":"2025-04-27T08:00:51","guid":{"rendered":"https:\/\/candeebaar.ee\/?post_type=product&#038;p=12056"},"modified":"2026-02-19T11:39:52","modified_gmt":"2026-02-19T09:39:52","slug":"callebaut-60-1-1000g","status":"publish","type":"product","link":"https:\/\/candeebaar.ee\/et\/pood\/callebaut-60-1-1000g\/","title":{"rendered":"Callebaut 60 40 38 tume \u0161okolaad (60.1%) 1000g"},"content":{"rendered":"<p>Tuntud \u0161okolaad. Sellel on k\u00f5rgeim kvaliteet.<br \/>\nKoostis: kakaomass, suhkur, kakaov\u00f5i, emulgaator: letsitiinid (<strong>SOJA<\/strong>), looduslik vanilje maitseaine<br \/>\nKaal: 1000g<\/p>\n<p>Tootja: CALLEBAUT Belgia<br \/>\nLisaks leiate veebisaidilt palju uusi retsepte ja saate tutvuda nende toodetega <a href=\"https:\/\/www.callebaut.com\/\">callebaut.com<\/a>.<br \/>\nS\u00e4ilitustemperatuur: <strong>12\u201320 \u00b0C<br \/>\n<\/strong>V\u00f5ib sisaldada <strong>Piim.<\/strong><\/p>\n<p>&nbsp;<\/p>","protected":false},"excerpt":{"rendered":"<p>Tuntud \u0161okolaad. Sellel on k\u00f5rgeim kvaliteet. Koostis: kakaomass, suhkur, kakaov\u00f5i, emulgaator: letsitiinid (SOJA), looduslik vanilje maitseaine Kaal: 1000g Tootja: CALLEBAUT Belgia Lisaks leiate veebisaidilt callebaut.com palju uusi retsepte ja saate tutvuda nende toodetega. S\u00e4ilitustemperatuur: 12 \u2013 20 \u00b0C V\u00f5ib sisaldada piima. &nbsp;<\/p>","protected":false},"featured_media":12057,"template":"","meta":{"_seopress_robots_primary_cat":"none","_seopress_titles_title":"","_seopress_titles_desc":"","_seopress_robots_index":""},"product_brand":[],"product_cat":[15,110,109,106],"product_tag":[],"class_list":{"0":"post-12056","1":"product","2":"type-product","3":"status-publish","4":"has-post-thumbnail","6":"product_cat-all-products","7":"product_cat-callebaut","8":"product_cat-sale","9":"product_cat-new","11":"first","12":"instock","13":"sale","14":"taxable","15":"shipping-taxable","16":"purchasable","17":"product-type-simple"},"_links":{"self":[{"href":"https:\/\/candeebaar.ee\/et\/wp-json\/wp\/v2\/product\/12056","targetHints":{"allow":["GET"]}}],"collection":[{"href":"https:\/\/candeebaar.ee\/et\/wp-json\/wp\/v2\/product"}],"about":[{"href":"https:\/\/candeebaar.ee\/et\/wp-json\/wp\/v2\/types\/product"}],"version-history":[{"count":1,"href":"https:\/\/candeebaar.ee\/et\/wp-json\/wp\/v2\/product\/12056\/revisions"}],"predecessor-version":[{"id":12058,"href":"https:\/\/candeebaar.ee\/et\/wp-json\/wp\/v2\/product\/12056\/revisions\/12058"}],"wp:featuredmedia":[{"embeddable":true,"href":"https:\/\/candeebaar.ee\/et\/wp-json\/wp\/v2\/media\/12057"}],"wp:attachment":[{"href":"https:\/\/candeebaar.ee\/et\/wp-json\/wp\/v2\/media?parent=12056"}],"wp:term":[{"taxonomy":"product_brand","embeddable":true,"href":"https:\/\/candeebaar.ee\/et\/wp-json\/wp\/v2\/product_brand?post=12056"},{"taxonomy":"product_cat","embeddable":true,"href":"https:\/\/candeebaar.ee\/et\/wp-json\/wp\/v2\/product_cat?post=12056"},{"taxonomy":"product_tag","embeddable":true,"href":"https:\/\/candeebaar.ee\/et\/wp-json\/wp\/v2\/product_tag?post=12056"}],"curies":[{"name":"t\u00f6\u00f6leht","href":"https:\/\/api.w.org\/{rel}","templated":true}]}}