{"id":12249,"date":"2025-05-09T08:44:25","date_gmt":"2025-05-09T06:44:25","guid":{"rendered":"https:\/\/candeebaar.ee\/?post_type=product&#038;p=12249"},"modified":"2026-01-20T17:54:22","modified_gmt":"2026-01-20T15:54:22","slug":"silikoonvorm-poolkera-45mm","status":"publish","type":"product","link":"https:\/\/candeebaar.ee\/et\/pood\/silikoonvorm-poolkera-45mm\/","title":{"rendered":"Silikoonvorm poolkera 45mm"},"content":{"rendered":"<p>Vorm \u0161okolaadi jaoks<br \/>\nSuurus: 29*16,5*2cm<br \/>\nPoolkera l\u00e4bim\u00f5\u00f5t: 45 mm (15 \u00f5\u00f5nsust)<br \/>\nMaterjal: toidu silikoon<br \/>\nT\u00f6\u00f6temperatuur: -60\u00b0C kuni 230\u00b0C<br \/>\nToodetud: Hiinas<\/p>","protected":false},"excerpt":{"rendered":"<p>\u0160okolaadivorm Suurus: 29*16,5*2cm Poolkera l\u00e4bim\u00f5\u00f5t: 45mm (15 s\u00fcvendit) Materjal: toidusilikoon T\u00f6\u00f6temperatuur: -60\u00b0C kuni 230\u00b0C Tootja: Hiina<\/p>","protected":false},"featured_media":7756,"template":"","meta":{"_seopress_robots_primary_cat":"none","_seopress_titles_title":"","_seopress_titles_desc":"","_seopress_robots_index":""},"product_brand":[],"product_cat":[15,82,123],"product_tag":[],"class_list":{"0":"post-12249","1":"product","2":"type-product","3":"status-publish","4":"has-post-thumbnail","6":"product_cat-all-products","7":"product_cat-chocolate-molds","8":"product_cat-geometry","10":"first","11":"instock","12":"taxable","13":"shipping-taxable","14":"purchasable","15":"product-type-simple"},"_links":{"self":[{"href":"https:\/\/candeebaar.ee\/et\/wp-json\/wp\/v2\/product\/12249","targetHints":{"allow":["GET"]}}],"collection":[{"href":"https:\/\/candeebaar.ee\/et\/wp-json\/wp\/v2\/product"}],"about":[{"href":"https:\/\/candeebaar.ee\/et\/wp-json\/wp\/v2\/types\/product"}],"version-history":[{"count":1,"href":"https:\/\/candeebaar.ee\/et\/wp-json\/wp\/v2\/product\/12249\/revisions"}],"predecessor-version":[{"id":12250,"href":"https:\/\/candeebaar.ee\/et\/wp-json\/wp\/v2\/product\/12249\/revisions\/12250"}],"wp:featuredmedia":[{"embeddable":true,"href":"https:\/\/candeebaar.ee\/et\/wp-json\/wp\/v2\/media\/7756"}],"wp:attachment":[{"href":"https:\/\/candeebaar.ee\/et\/wp-json\/wp\/v2\/media?parent=12249"}],"wp:term":[{"taxonomy":"product_brand","embeddable":true,"href":"https:\/\/candeebaar.ee\/et\/wp-json\/wp\/v2\/product_brand?post=12249"},{"taxonomy":"product_cat","embeddable":true,"href":"https:\/\/candeebaar.ee\/et\/wp-json\/wp\/v2\/product_cat?post=12249"},{"taxonomy":"product_tag","embeddable":true,"href":"https:\/\/candeebaar.ee\/et\/wp-json\/wp\/v2\/product_tag?post=12249"}],"curies":[{"name":"t\u00f6\u00f6leht","href":"https:\/\/api.w.org\/{rel}","templated":true}]}}