{"id":12633,"date":"2025-06-12T07:55:46","date_gmt":"2025-06-12T05:55:46","guid":{"rendered":"https:\/\/candeebaar.ee\/?post_type=product&#038;p=12633"},"modified":"2026-03-23T19:03:02","modified_gmt":"2026-03-23T17:03:02","slug":"8-g-sinist-kuivvarve-2-toiduvarvi","status":"publish","type":"product","link":"https:\/\/candeebaar.ee\/et\/pood\/8-g-sinist-kuivvarve-2-toiduvarvi\/","title":{"rendered":"Kuivv\u00e4rv Sinine 8g Toiduv\u00e4rvid"},"content":{"rendered":"<p>Kuiv toiduv\u00e4rv vees lahustuv &quot;Sinine&quot;.<br \/>\nKasutamine: lahustage vajalik kogus v\u00e4rvainet v\u00e4ikeses koguses vees v\u00f5i muus vedelikus, seej\u00e4rel lisage see tootesse. Soovitatav annus 0,003%-0,007% toote massist.<br \/>\nKoostisosad: E133. Hoida kuivas jahedas kohas. K\u00f5lblikkusaeg 4 aastat alates valmistamiskuup\u00e4evast.<br \/>\n*V\u00f5ib negatiivselt m\u00f5jutada laste aktiivsust ja t\u00e4helepanu.<br \/>\nKaal: 8g<br \/>\nTootja: Food Colours, Poola<\/p>","protected":false},"excerpt":{"rendered":"<p>Kuiv toiduv\u00e4rv vees lahustuv \u201cSinine\u201d. Kasutamine: lahustage vajalik kogus v\u00e4rvainet v\u00e4heses koguses vees v\u00f5i muus vedelikus ja seej\u00e4rel lisage see tootele. Soovitatav annus 0,003%-0,007% toote kaalust. Koostis: E133. Hoida kuivas ja jahedas kohas. S\u00e4ilivusaeg 4 aastat alates tootmiskuup\u00e4evast. *V\u00f5ib olla negatiivne [\u2026]<\/p>","protected":false},"featured_media":12635,"template":"","meta":{"_seopress_robots_primary_cat":"none","_seopress_titles_title":"","_seopress_titles_desc":"","_seopress_robots_index":""},"product_brand":[],"product_cat":[15,112,106],"product_tag":[],"class_list":{"0":"post-12633","1":"product","2":"type-product","3":"status-publish","4":"has-post-thumbnail","6":"product_cat-all-products","7":"product_cat-powder-water-soluble","8":"product_cat-new","10":"first","11":"instock","12":"taxable","13":"shipping-taxable","14":"purchasable","15":"product-type-simple"},"_links":{"self":[{"href":"https:\/\/candeebaar.ee\/et\/wp-json\/wp\/v2\/product\/12633","targetHints":{"allow":["GET"]}}],"collection":[{"href":"https:\/\/candeebaar.ee\/et\/wp-json\/wp\/v2\/product"}],"about":[{"href":"https:\/\/candeebaar.ee\/et\/wp-json\/wp\/v2\/types\/product"}],"version-history":[{"count":1,"href":"https:\/\/candeebaar.ee\/et\/wp-json\/wp\/v2\/product\/12633\/revisions"}],"predecessor-version":[{"id":12634,"href":"https:\/\/candeebaar.ee\/et\/wp-json\/wp\/v2\/product\/12633\/revisions\/12634"}],"wp:featuredmedia":[{"embeddable":true,"href":"https:\/\/candeebaar.ee\/et\/wp-json\/wp\/v2\/media\/12635"}],"wp:attachment":[{"href":"https:\/\/candeebaar.ee\/et\/wp-json\/wp\/v2\/media?parent=12633"}],"wp:term":[{"taxonomy":"product_brand","embeddable":true,"href":"https:\/\/candeebaar.ee\/et\/wp-json\/wp\/v2\/product_brand?post=12633"},{"taxonomy":"product_cat","embeddable":true,"href":"https:\/\/candeebaar.ee\/et\/wp-json\/wp\/v2\/product_cat?post=12633"},{"taxonomy":"product_tag","embeddable":true,"href":"https:\/\/candeebaar.ee\/et\/wp-json\/wp\/v2\/product_tag?post=12633"}],"curies":[{"name":"t\u00f6\u00f6leht","href":"https:\/\/api.w.org\/{rel}","templated":true}]}}