{"id":12668,"date":"2025-06-16T13:12:19","date_gmt":"2025-06-16T11:12:19","guid":{"rendered":"https:\/\/candeebaar.ee\/?post_type=product&#038;p=12668"},"modified":"2026-04-06T08:35:44","modified_gmt":"2026-04-06T06:35:44","slug":"agar-agar-1200-500g","status":"publish","type":"product","link":"https:\/\/candeebaar.ee\/et\/pood\/agar-agar-1200-500g\/","title":{"rendered":"Agar-agar 1200 \u00f5it 500g"},"content":{"rendered":"<p>Agar-agarit kasutatakse paksendajana vahukommide, tarretise, \u201cLinnupiima\u201d jt valmistamisel.<br \/>\nTaimne v\u00e4rvuse ja l\u00f5hnata \u017eelatiiniasendaja.<br \/>\nTugevus on <strong>\u00a01200 \u00f5itsemist<\/strong>.<br \/>\nKaal: 500g<br \/>\nSisu 100g kohta:<br \/>\nToitev\u00e4\u00e4rtus: 1411kJ\/336kcal<br \/>\nValgud: 6,2 g<br \/>\nRasvad: 0,3 g<br \/>\nS\u00fcsivesikud (suhkrud): 73,2 g (3 g)<br \/>\nKiudained: 7,7g<br \/>\nHoida kuivas, jahedas kohas, suletud pakendis. V\u00f5ib sisaldada j\u00e4lgi: <strong>p\u00e4hklid, soja, gluteen<\/strong>.<br \/>\nTootmine: Poola<\/p>","protected":false},"excerpt":{"rendered":"<p>Agar-agarit kasutatakse paksendajana vahukommide, \u017eelee, \u201elinnupiima\u201c ja muude toodete valmistamisel. Taimne \u017eelatiini asendaja ilma v\u00e4rvi ja l\u00f5hnata. Tugevus on 1200 bloomi. Kaal: 500g Sisu 100g kohta: Toitev\u00e4\u00e4rtus: 1411kJ\/336kcal Valgud: 6,2g Rasvad: 0,3g S\u00fcsivesikud (suhkrud): 73,2g (3g) Kiudained: 7,7g Hoida kuivas, jahedas kohas, suletud pakendis. [\u2026]<\/p>","protected":false},"featured_media":6171,"template":"","meta":{"_seopress_robots_primary_cat":"none","_seopress_titles_title":"","_seopress_titles_desc":"","_seopress_robots_index":""},"product_brand":[],"product_cat":[15,100,106],"product_tag":[],"class_list":{"0":"post-12668","1":"product","2":"type-product","3":"status-publish","4":"has-post-thumbnail","6":"product_cat-all-products","7":"product_cat-thickeners","8":"product_cat-new","10":"first","11":"instock","12":"taxable","13":"shipping-taxable","14":"purchasable","15":"product-type-simple"},"_links":{"self":[{"href":"https:\/\/candeebaar.ee\/et\/wp-json\/wp\/v2\/product\/12668","targetHints":{"allow":["GET"]}}],"collection":[{"href":"https:\/\/candeebaar.ee\/et\/wp-json\/wp\/v2\/product"}],"about":[{"href":"https:\/\/candeebaar.ee\/et\/wp-json\/wp\/v2\/types\/product"}],"version-history":[{"count":1,"href":"https:\/\/candeebaar.ee\/et\/wp-json\/wp\/v2\/product\/12668\/revisions"}],"predecessor-version":[{"id":12669,"href":"https:\/\/candeebaar.ee\/et\/wp-json\/wp\/v2\/product\/12668\/revisions\/12669"}],"wp:featuredmedia":[{"embeddable":true,"href":"https:\/\/candeebaar.ee\/et\/wp-json\/wp\/v2\/media\/6171"}],"wp:attachment":[{"href":"https:\/\/candeebaar.ee\/et\/wp-json\/wp\/v2\/media?parent=12668"}],"wp:term":[{"taxonomy":"product_brand","embeddable":true,"href":"https:\/\/candeebaar.ee\/et\/wp-json\/wp\/v2\/product_brand?post=12668"},{"taxonomy":"product_cat","embeddable":true,"href":"https:\/\/candeebaar.ee\/et\/wp-json\/wp\/v2\/product_cat?post=12668"},{"taxonomy":"product_tag","embeddable":true,"href":"https:\/\/candeebaar.ee\/et\/wp-json\/wp\/v2\/product_tag?post=12668"}],"curies":[{"name":"t\u00f6\u00f6leht","href":"https:\/\/api.w.org\/{rel}","templated":true}]}}