{"id":12672,"date":"2025-06-16T13:26:54","date_gmt":"2025-06-16T11:26:54","guid":{"rendered":"https:\/\/candeebaar.ee\/?post_type=product&#038;p=12672"},"modified":"2025-09-24T09:12:19","modified_gmt":"2025-09-24T07:12:19","slug":"lapitud-pasta-1000g-valge-koopia","status":"publish","type":"product","link":"https:\/\/candeebaar.ee\/et\/pood\/lapitud-pasta-1000g-valge-koopia\/","title":{"rendered":"Laped Wonder pasta 1000g (valge)"},"content":{"rendered":"<p>Kasutusvalmis sile rullfondant magustoitude katmiseks, kergesti v\u00e4rvitav geel- v\u00f5i pulberv\u00e4rvidega vees lahustuvate v\u00e4rvidega.<br \/>\nKaal: 1000g<br \/>\nKoostisosad: suhkur, gl\u00fckoosisiirup, rafineeritud ja h\u00fcdrogeenitud taime\u00f5li (palmi-, puuvilla-, kookos-, safloori-, p\u00e4evalille-, babassu-, sheav\u00f5i ja illipe\u00f5li), stabilisaatorid E414, E466, E412, emulgaator E422, happesuse regulaator: E330, s\u00e4ilitusaine: E202, l\u00f5hna- ja maitseained.<br \/>\nSisu 100g kohta:<br \/>\nEnergia: 389 kcal\/1577 kJ<br \/>\nRasvad (k\u00fcllastunud): 4,7 (3,5) g<br \/>\nKarbonaadid (suhkrud): 87,8 (80,2) g<br \/>\nValk: 0 g<br \/>\nSool: 0,1 g<br \/>\nHoida jahedas, pimedas kohas tihedalt suletuna.<br \/>\nParim enne (partii number): 04.06.2026 (24339100WIP)<br \/>\nTootmine: Laped, Itaalia<\/p>","protected":false},"excerpt":{"rendered":"<p>Kasutusvalmis sile rullfondant magustoitude katmiseks, kergesti v\u00e4rvitav geel- v\u00f5i pulbriliste vees lahustuvate v\u00e4rvainetega. Kaal: 1000g Koostisosad: suhkur, gl\u00fckoosisiirup, rafineeritud ja h\u00fcdrogeenitud taime\u00f5li (palmi-, puuvilla-, kookos-, safloori-, p\u00e4evalille-, babassu\u00f5li, sheav\u00f5i ja illipe\u00f5li), stabilisaatorid E414, E466, E412, emulgaator E422, happesuse regulaator: E330, s\u00e4ilitusaine: E202, l\u00f5hna- ja maitseained. Sisaldab 100g kohta: [\u2026]<\/p>","protected":false},"featured_media":12674,"template":"","meta":{"_seopress_robots_primary_cat":"none","_seopress_titles_title":"","_seopress_titles_desc":"","_seopress_robots_index":""},"product_brand":[],"product_cat":[15,102,106],"product_tag":[],"class_list":{"0":"post-12672","1":"product","2":"type-product","3":"status-publish","4":"has-post-thumbnail","6":"product_cat-all-products","7":"product_cat-sugars","8":"product_cat-new","10":"first","11":"outofstock","12":"taxable","13":"shipping-taxable","14":"purchasable","15":"product-type-simple"},"_links":{"self":[{"href":"https:\/\/candeebaar.ee\/et\/wp-json\/wp\/v2\/product\/12672","targetHints":{"allow":["GET"]}}],"collection":[{"href":"https:\/\/candeebaar.ee\/et\/wp-json\/wp\/v2\/product"}],"about":[{"href":"https:\/\/candeebaar.ee\/et\/wp-json\/wp\/v2\/types\/product"}],"version-history":[{"count":1,"href":"https:\/\/candeebaar.ee\/et\/wp-json\/wp\/v2\/product\/12672\/revisions"}],"predecessor-version":[{"id":12675,"href":"https:\/\/candeebaar.ee\/et\/wp-json\/wp\/v2\/product\/12672\/revisions\/12675"}],"wp:featuredmedia":[{"embeddable":true,"href":"https:\/\/candeebaar.ee\/et\/wp-json\/wp\/v2\/media\/12674"}],"wp:attachment":[{"href":"https:\/\/candeebaar.ee\/et\/wp-json\/wp\/v2\/media?parent=12672"}],"wp:term":[{"taxonomy":"product_brand","embeddable":true,"href":"https:\/\/candeebaar.ee\/et\/wp-json\/wp\/v2\/product_brand?post=12672"},{"taxonomy":"product_cat","embeddable":true,"href":"https:\/\/candeebaar.ee\/et\/wp-json\/wp\/v2\/product_cat?post=12672"},{"taxonomy":"product_tag","embeddable":true,"href":"https:\/\/candeebaar.ee\/et\/wp-json\/wp\/v2\/product_tag?post=12672"}],"curies":[{"name":"t\u00f6\u00f6leht","href":"https:\/\/api.w.org\/{rel}","templated":true}]}}