{"id":12708,"date":"2025-06-18T14:49:50","date_gmt":"2025-06-18T12:49:50","guid":{"rendered":"https:\/\/candeebaar.ee\/?post_type=product&#038;p=12708"},"modified":"2025-07-01T07:32:33","modified_gmt":"2025-07-01T05:32:33","slug":"magustoidu-alus-5cm-kuldne","status":"publish","type":"product","link":"https:\/\/candeebaar.ee\/et\/pood\/magustoidu-alus-5cm-kuldne\/","title":{"rendered":"Magustoidu alus 5cm kuldne"},"content":{"rendered":"<p>V\u00e4ike k\u00e4epidemega p\u00f5hi portsjonite magustoitude jaoks.<br \/>\nSuurus: \u00d848mm x 1mm<br \/>\nMaterjal: papp<\/p>","protected":false},"excerpt":{"rendered":"<p>V\u00e4ike alus k\u00e4epidemega portsjonmagustoitude jaoks. Suurus: \u00d848mm x 1mm Materjal: papp<\/p>","protected":false},"featured_media":4989,"template":"","meta":{"_seopress_robots_primary_cat":"none","_seopress_titles_title":"","_seopress_titles_desc":"","_seopress_robots_index":""},"product_brand":[],"product_cat":[15,139,106],"product_tag":[],"class_list":{"0":"post-12708","1":"product","2":"type-product","3":"status-publish","4":"has-post-thumbnail","6":"product_cat-all-products","7":"product_cat-small-size","8":"product_cat-new","10":"first","11":"instock","12":"taxable","13":"shipping-taxable","14":"purchasable","15":"product-type-simple"},"_links":{"self":[{"href":"https:\/\/candeebaar.ee\/et\/wp-json\/wp\/v2\/product\/12708","targetHints":{"allow":["GET"]}}],"collection":[{"href":"https:\/\/candeebaar.ee\/et\/wp-json\/wp\/v2\/product"}],"about":[{"href":"https:\/\/candeebaar.ee\/et\/wp-json\/wp\/v2\/types\/product"}],"version-history":[{"count":1,"href":"https:\/\/candeebaar.ee\/et\/wp-json\/wp\/v2\/product\/12708\/revisions"}],"predecessor-version":[{"id":12709,"href":"https:\/\/candeebaar.ee\/et\/wp-json\/wp\/v2\/product\/12708\/revisions\/12709"}],"wp:featuredmedia":[{"embeddable":true,"href":"https:\/\/candeebaar.ee\/et\/wp-json\/wp\/v2\/media\/4989"}],"wp:attachment":[{"href":"https:\/\/candeebaar.ee\/et\/wp-json\/wp\/v2\/media?parent=12708"}],"wp:term":[{"taxonomy":"product_brand","embeddable":true,"href":"https:\/\/candeebaar.ee\/et\/wp-json\/wp\/v2\/product_brand?post=12708"},{"taxonomy":"product_cat","embeddable":true,"href":"https:\/\/candeebaar.ee\/et\/wp-json\/wp\/v2\/product_cat?post=12708"},{"taxonomy":"product_tag","embeddable":true,"href":"https:\/\/candeebaar.ee\/et\/wp-json\/wp\/v2\/product_tag?post=12708"}],"curies":[{"name":"t\u00f6\u00f6leht","href":"https:\/\/api.w.org\/{rel}","templated":true}]}}