{"id":12726,"date":"2025-06-30T11:19:41","date_gmt":"2025-06-30T09:19:41","guid":{"rendered":"https:\/\/candeebaar.ee\/?post_type=product&#038;p=12726"},"modified":"2026-04-05T08:03:05","modified_gmt":"2026-04-05T06:03:05","slug":"sokolaadikarp-18102-5cm-must","status":"publish","type":"product","link":"https:\/\/candeebaar.ee\/et\/pood\/sokolaadikarp-18102-5cm-must\/","title":{"rendered":"\u0160okolaadikarp 18*10*2.5cm must"},"content":{"rendered":"<p>Lihtsasti kokkupandav pappkarp \u0161okolaaditahvli jaoks.<br \/>\nSuurus: 180*100*k25mm (akna 150*70mm)<br \/>\nMaterjal: papp, l\u00e4bipaistev plastaken<br \/>\nV\u00e4rv: must<\/p>","protected":false},"excerpt":{"rendered":"<p>Lihtsalt kokkupandav pappkarp \u0161okolaaditahvlile. M\u00f5\u00f5t: 180*100*k25mm (aken 150*70mm). Materjal: papp, l\u00e4bipaistev plastaken. V\u00e4rv: must.<\/p>","protected":false},"featured_media":12806,"template":"","meta":{"_seopress_robots_primary_cat":"none","_seopress_titles_title":"","_seopress_titles_desc":"","_seopress_robots_index":""},"product_brand":[],"product_cat":[150,153,154,156,93,109,106],"product_tag":[],"class_list":{"0":"post-12726","1":"product","2":"type-product","3":"status-publish","4":"has-post-thumbnail","6":"product_cat-dessert-boxes","7":"product_cat-candy-boxes","8":"product_cat-different-style","9":"product_cat-low-boxes","10":"product_cat-gift-packaging","11":"product_cat-sale","12":"product_cat-new","14":"first","15":"instock","16":"sale","17":"taxable","18":"shipping-taxable","19":"purchasable","20":"product-type-simple"},"_links":{"self":[{"href":"https:\/\/candeebaar.ee\/et\/wp-json\/wp\/v2\/product\/12726","targetHints":{"allow":["GET"]}}],"collection":[{"href":"https:\/\/candeebaar.ee\/et\/wp-json\/wp\/v2\/product"}],"about":[{"href":"https:\/\/candeebaar.ee\/et\/wp-json\/wp\/v2\/types\/product"}],"version-history":[{"count":1,"href":"https:\/\/candeebaar.ee\/et\/wp-json\/wp\/v2\/product\/12726\/revisions"}],"predecessor-version":[{"id":12729,"href":"https:\/\/candeebaar.ee\/et\/wp-json\/wp\/v2\/product\/12726\/revisions\/12729"}],"wp:featuredmedia":[{"embeddable":true,"href":"https:\/\/candeebaar.ee\/et\/wp-json\/wp\/v2\/media\/12806"}],"wp:attachment":[{"href":"https:\/\/candeebaar.ee\/et\/wp-json\/wp\/v2\/media?parent=12726"}],"wp:term":[{"taxonomy":"product_brand","embeddable":true,"href":"https:\/\/candeebaar.ee\/et\/wp-json\/wp\/v2\/product_brand?post=12726"},{"taxonomy":"product_cat","embeddable":true,"href":"https:\/\/candeebaar.ee\/et\/wp-json\/wp\/v2\/product_cat?post=12726"},{"taxonomy":"product_tag","embeddable":true,"href":"https:\/\/candeebaar.ee\/et\/wp-json\/wp\/v2\/product_tag?post=12726"}],"curies":[{"name":"t\u00f6\u00f6leht","href":"https:\/\/api.w.org\/{rel}","templated":true}]}}