{"id":12825,"date":"2025-06-30T17:47:11","date_gmt":"2025-06-30T15:47:11","guid":{"rendered":"https:\/\/candeebaar.ee\/?post_type=product&#038;p=12825"},"modified":"2026-02-23T11:38:42","modified_gmt":"2026-02-23T09:38:42","slug":"suletud-tahega-otsik-6s","status":"publish","type":"product","link":"https:\/\/candeebaar.ee\/et\/pood\/suletud-tahega-otsik-6s\/","title":{"rendered":"Suletud t\u00e4hega otsik 6S"},"content":{"rendered":"<p>Metallist otsik 6 ogaga.<br \/>\nSuurus: 26 * 44 mm<br \/>\nV\u00e4ljund: 15mm<\/p>","protected":false},"excerpt":{"rendered":"<p>Metallist otsik 6 ogaga. Suurus: 26 * 44 mm. L\u00e4bim\u00f5\u00f5t: 15 mm.<\/p>","protected":false},"featured_media":12829,"template":"","meta":{"_seopress_robots_primary_cat":"none","_seopress_titles_title":"","_seopress_titles_desc":"","_seopress_robots_index":""},"product_brand":[],"product_cat":[15,119],"product_tag":[],"class_list":{"0":"post-12825","1":"product","2":"type-product","3":"status-publish","4":"has-post-thumbnail","6":"product_cat-all-products","7":"product_cat-closed-star","9":"first","10":"instock","11":"taxable","12":"shipping-taxable","13":"purchasable","14":"product-type-simple"},"_links":{"self":[{"href":"https:\/\/candeebaar.ee\/et\/wp-json\/wp\/v2\/product\/12825","targetHints":{"allow":["GET"]}}],"collection":[{"href":"https:\/\/candeebaar.ee\/et\/wp-json\/wp\/v2\/product"}],"about":[{"href":"https:\/\/candeebaar.ee\/et\/wp-json\/wp\/v2\/types\/product"}],"version-history":[{"count":1,"href":"https:\/\/candeebaar.ee\/et\/wp-json\/wp\/v2\/product\/12825\/revisions"}],"predecessor-version":[{"id":12834,"href":"https:\/\/candeebaar.ee\/et\/wp-json\/wp\/v2\/product\/12825\/revisions\/12834"}],"wp:featuredmedia":[{"embeddable":true,"href":"https:\/\/candeebaar.ee\/et\/wp-json\/wp\/v2\/media\/12829"}],"wp:attachment":[{"href":"https:\/\/candeebaar.ee\/et\/wp-json\/wp\/v2\/media?parent=12825"}],"wp:term":[{"taxonomy":"product_brand","embeddable":true,"href":"https:\/\/candeebaar.ee\/et\/wp-json\/wp\/v2\/product_brand?post=12825"},{"taxonomy":"product_cat","embeddable":true,"href":"https:\/\/candeebaar.ee\/et\/wp-json\/wp\/v2\/product_cat?post=12825"},{"taxonomy":"product_tag","embeddable":true,"href":"https:\/\/candeebaar.ee\/et\/wp-json\/wp\/v2\/product_tag?post=12825"}],"curies":[{"name":"t\u00f6\u00f6leht","href":"https:\/\/api.w.org\/{rel}","templated":true}]}}