{"id":12841,"date":"2025-06-30T17:55:39","date_gmt":"2025-06-30T15:55:39","guid":{"rendered":"https:\/\/candeebaar.ee\/?post_type=product&#038;p=12841"},"modified":"2026-02-01T21:02:47","modified_gmt":"2026-02-01T19:02:47","slug":"otsik-sultan-a","status":"publish","type":"product","link":"https:\/\/candeebaar.ee\/et\/pood\/otsik-sultan-a\/","title":{"rendered":"Toruotsak Sultan (A)"},"content":{"rendered":"<p>Roostevabast terasest kondiitriotsik.<br \/>\nSuurus: 40x50 mm:<br \/>\nV\u00e4ljund: l\u00e4bim\u00f5\u00f5t 27 * 5 mm<\/p>","protected":false},"excerpt":{"rendered":"<p>Roostevabast terasest tainaots. M\u00f5\u00f5tmed: 40x50mm. L\u00e4bim\u00f5\u00f5t: 27*5mm.<\/p>","protected":false},"featured_media":12827,"template":"","meta":{"_seopress_robots_primary_cat":"none","_seopress_titles_title":"","_seopress_titles_desc":"","_seopress_robots_index":""},"product_brand":[],"product_cat":[15,122,106],"product_tag":[],"class_list":{"0":"post-12841","1":"product","2":"type-product","3":"status-publish","4":"has-post-thumbnail","6":"product_cat-all-products","7":"product_cat-miscellaneous","8":"product_cat-new","10":"first","11":"instock","12":"taxable","13":"shipping-taxable","14":"purchasable","15":"product-type-simple"},"_links":{"self":[{"href":"https:\/\/candeebaar.ee\/et\/wp-json\/wp\/v2\/product\/12841","targetHints":{"allow":["GET"]}}],"collection":[{"href":"https:\/\/candeebaar.ee\/et\/wp-json\/wp\/v2\/product"}],"about":[{"href":"https:\/\/candeebaar.ee\/et\/wp-json\/wp\/v2\/types\/product"}],"version-history":[{"count":1,"href":"https:\/\/candeebaar.ee\/et\/wp-json\/wp\/v2\/product\/12841\/revisions"}],"predecessor-version":[{"id":12842,"href":"https:\/\/candeebaar.ee\/et\/wp-json\/wp\/v2\/product\/12841\/revisions\/12842"}],"wp:featuredmedia":[{"embeddable":true,"href":"https:\/\/candeebaar.ee\/et\/wp-json\/wp\/v2\/media\/12827"}],"wp:attachment":[{"href":"https:\/\/candeebaar.ee\/et\/wp-json\/wp\/v2\/media?parent=12841"}],"wp:term":[{"taxonomy":"product_brand","embeddable":true,"href":"https:\/\/candeebaar.ee\/et\/wp-json\/wp\/v2\/product_brand?post=12841"},{"taxonomy":"product_cat","embeddable":true,"href":"https:\/\/candeebaar.ee\/et\/wp-json\/wp\/v2\/product_cat?post=12841"},{"taxonomy":"product_tag","embeddable":true,"href":"https:\/\/candeebaar.ee\/et\/wp-json\/wp\/v2\/product_tag?post=12841"}],"curies":[{"name":"t\u00f6\u00f6leht","href":"https:\/\/api.w.org\/{rel}","templated":true}]}}