{"id":12843,"date":"2025-06-30T17:57:26","date_gmt":"2025-06-30T15:57:26","guid":{"rendered":"https:\/\/candeebaar.ee\/?post_type=product&#038;p=12843"},"modified":"2025-10-19T14:37:38","modified_gmt":"2025-10-19T12:37:38","slug":"otsik-sultan-b","status":"publish","type":"product","link":"https:\/\/candeebaar.ee\/et\/pood\/otsik-sultan-b\/","title":{"rendered":"Toruotsak Sultan (B)"},"content":{"rendered":"<p>Roostevabast terasest kondiitriotsik.<br \/>\nSuurus: 40x50 mm:<br \/>\nV\u00e4ljund: l\u00e4bim\u00f5\u00f5t 27 * 3 mm<\/p>","protected":false},"excerpt":{"rendered":"<p>Roostevabast terasest tainaots. Suurus: 40x50mm. L\u00e4bim\u00f5\u00f5t: 27*3mm.<\/p>","protected":false},"featured_media":12828,"template":"","meta":{"_seopress_robots_primary_cat":"none","_seopress_titles_title":"","_seopress_titles_desc":"","_seopress_robots_index":""},"product_brand":[],"product_cat":[15,122,106],"product_tag":[],"class_list":{"0":"post-12843","1":"product","2":"type-product","3":"status-publish","4":"has-post-thumbnail","6":"product_cat-all-products","7":"product_cat-miscellaneous","8":"product_cat-new","10":"first","11":"instock","12":"taxable","13":"shipping-taxable","14":"purchasable","15":"product-type-simple"},"_links":{"self":[{"href":"https:\/\/candeebaar.ee\/et\/wp-json\/wp\/v2\/product\/12843","targetHints":{"allow":["GET"]}}],"collection":[{"href":"https:\/\/candeebaar.ee\/et\/wp-json\/wp\/v2\/product"}],"about":[{"href":"https:\/\/candeebaar.ee\/et\/wp-json\/wp\/v2\/types\/product"}],"version-history":[{"count":1,"href":"https:\/\/candeebaar.ee\/et\/wp-json\/wp\/v2\/product\/12843\/revisions"}],"predecessor-version":[{"id":12844,"href":"https:\/\/candeebaar.ee\/et\/wp-json\/wp\/v2\/product\/12843\/revisions\/12844"}],"wp:featuredmedia":[{"embeddable":true,"href":"https:\/\/candeebaar.ee\/et\/wp-json\/wp\/v2\/media\/12828"}],"wp:attachment":[{"href":"https:\/\/candeebaar.ee\/et\/wp-json\/wp\/v2\/media?parent=12843"}],"wp:term":[{"taxonomy":"product_brand","embeddable":true,"href":"https:\/\/candeebaar.ee\/et\/wp-json\/wp\/v2\/product_brand?post=12843"},{"taxonomy":"product_cat","embeddable":true,"href":"https:\/\/candeebaar.ee\/et\/wp-json\/wp\/v2\/product_cat?post=12843"},{"taxonomy":"product_tag","embeddable":true,"href":"https:\/\/candeebaar.ee\/et\/wp-json\/wp\/v2\/product_tag?post=12843"}],"curies":[{"name":"t\u00f6\u00f6leht","href":"https:\/\/api.w.org\/{rel}","templated":true}]}}