{"id":12845,"date":"2025-06-30T17:58:53","date_gmt":"2025-06-30T15:58:53","guid":{"rendered":"https:\/\/candeebaar.ee\/?post_type=product&#038;p=12845"},"modified":"2025-12-01T13:40:20","modified_gmt":"2025-12-01T11:40:20","slug":"sublimeeritud-murakas-30g","status":"publish","type":"product","link":"https:\/\/candeebaar.ee\/et\/pood\/sublimeeritud-murakas-30g\/","title":{"rendered":"K\u00fclmkuivatatud murakat\u00fckid 1-3mm 30g"},"content":{"rendered":"<p>K\u00fclmkuivatatud murakas on eriti v\u00e4\u00e4rtuslik. Uuringud on n\u00e4idanud, et see mari s\u00e4ilitab p\u00e4rast sellist t\u00f6\u00f6tlemist k\u00f5ik kasulikud ained. Selle toote regulaarne tarbimine v\u00f5ib tugevdada immuuns\u00fcsteemi ja t\u00e4iendada mikrotoitainete varusid. Madal kalorsus ja positiivne m\u00f5ju ainevahetusele muudavad marja asendamatuks kaalu normaliseerimise protsessis. Seda toodet kasutatakse aktiivselt tervislikus toitumises ja see v\u00f5ib olla suurep\u00e4rane lisand kodustele roogadele, nagu pudrud, kompotid ja k\u00fcpsetised. Lisaks on k\u00fclmkuivatatud vaarikas asendamatu kondiitritoodete tootmisel \u2013 pagarit\u00f6\u00f6kodadele, kohvikutele ja magustoitude tehastele. Marjad s\u00e4ilivad h\u00e4sti ega vaja erilisi temperatuuritingimusi. Lisaks on k\u00fclmkuivatatud marjade hind oluliselt madalam v\u00f5rreldes v\u00e4rskete ostmisega. See saavutatakse ostetud toote k\u00f5rge kontsentratsiooni t\u00f5ttu.<br \/>\nHoida pimedas kohas temperatuuril mitte \u00fcle 20\u00b0C ja suhtelise \u00f5huniiskuse juures mitte \u00fcle 70% <strong>tihedalt suletud pakendis<\/strong>.<br \/>\nFraktsioon: 1-3mm<br \/>\nKaal: 30 g<br \/>\nKoostis: k\u00fclmkuivatatud murakas<\/p>","protected":false},"excerpt":{"rendered":"<p>K\u00fclmkuivatatud murakas on eriti v\u00e4\u00e4rtuslik. Uuringud on n\u00e4idanud, et see mari s\u00e4ilitab p\u00e4rast sellist t\u00f6\u00f6tlemist k\u00f5ik kasulikud ained. Selle toote regulaarne tarbimine v\u00f5ib tugevdada immuuns\u00fcsteemi ja taastada mikrotoitainete varusid. Madal kalorsus ja positiivne m\u00f5ju ainevahetusele muudavad marja asendamatuks kaalu normaliseerimise protsessis. [\u2026]<\/p>","protected":false},"featured_media":12826,"template":"","meta":{"_seopress_robots_primary_cat":"none","_seopress_titles_title":"","_seopress_titles_desc":"","_seopress_robots_index":""},"product_brand":[],"product_cat":[15,98,106],"product_tag":[],"class_list":{"0":"post-12845","1":"product","2":"type-product","3":"status-publish","4":"has-post-thumbnail","6":"product_cat-all-products","7":"product_cat-dry-and-sublimated-products","8":"product_cat-new","10":"first","11":"outofstock","12":"taxable","13":"shipping-taxable","14":"purchasable","15":"product-type-simple"},"_links":{"self":[{"href":"https:\/\/candeebaar.ee\/et\/wp-json\/wp\/v2\/product\/12845","targetHints":{"allow":["GET"]}}],"collection":[{"href":"https:\/\/candeebaar.ee\/et\/wp-json\/wp\/v2\/product"}],"about":[{"href":"https:\/\/candeebaar.ee\/et\/wp-json\/wp\/v2\/types\/product"}],"version-history":[{"count":1,"href":"https:\/\/candeebaar.ee\/et\/wp-json\/wp\/v2\/product\/12845\/revisions"}],"predecessor-version":[{"id":12846,"href":"https:\/\/candeebaar.ee\/et\/wp-json\/wp\/v2\/product\/12845\/revisions\/12846"}],"wp:featuredmedia":[{"embeddable":true,"href":"https:\/\/candeebaar.ee\/et\/wp-json\/wp\/v2\/media\/12826"}],"wp:attachment":[{"href":"https:\/\/candeebaar.ee\/et\/wp-json\/wp\/v2\/media?parent=12845"}],"wp:term":[{"taxonomy":"product_brand","embeddable":true,"href":"https:\/\/candeebaar.ee\/et\/wp-json\/wp\/v2\/product_brand?post=12845"},{"taxonomy":"product_cat","embeddable":true,"href":"https:\/\/candeebaar.ee\/et\/wp-json\/wp\/v2\/product_cat?post=12845"},{"taxonomy":"product_tag","embeddable":true,"href":"https:\/\/candeebaar.ee\/et\/wp-json\/wp\/v2\/product_tag?post=12845"}],"curies":[{"name":"t\u00f6\u00f6leht","href":"https:\/\/api.w.org\/{rel}","templated":true}]}}