{"id":12873,"date":"2025-07-04T08:00:27","date_gmt":"2025-07-04T06:00:27","guid":{"rendered":"https:\/\/candeebaar.ee\/?post_type=product&#038;p=12873"},"modified":"2026-04-06T21:16:22","modified_gmt":"2026-04-06T19:16:22","slug":"koogikarp-35x45x10cm","status":"publish","type":"product","link":"https:\/\/candeebaar.ee\/et\/pood\/koogikarp-35x45x10cm\/","title":{"rendered":"Koogikarp 35x45x10cm"},"content":{"rendered":"<p>Karp suurte kookide jaoks.<br \/>\nMaterjal: mikrolainepapp<br \/>\nV\u00e4rv: valge<br \/>\nM\u00f5\u00f5dud: 35x45x10cm<\/p>","protected":false},"excerpt":{"rendered":"<p>Suurte kookide karp. Materjal: mikrolainepapp. V\u00e4rv: valge. M\u00f5\u00f5tmed: 35x45x10cm.<\/p>","protected":false},"featured_media":5123,"template":"","meta":{"_seopress_robots_primary_cat":"none","_seopress_titles_title":"","_seopress_titles_desc":"","_seopress_robots_index":""},"product_brand":[],"product_cat":[15,135,137],"product_tag":[],"class_list":{"0":"post-12873","1":"product","2":"type-product","3":"status-publish","4":"has-post-thumbnail","6":"product_cat-all-products","7":"product_cat-31cm-base-and-bigger","8":"product_cat-rectangular","10":"first","11":"instock","12":"taxable","13":"shipping-taxable","14":"purchasable","15":"product-type-simple"},"_links":{"self":[{"href":"https:\/\/candeebaar.ee\/et\/wp-json\/wp\/v2\/product\/12873","targetHints":{"allow":["GET"]}}],"collection":[{"href":"https:\/\/candeebaar.ee\/et\/wp-json\/wp\/v2\/product"}],"about":[{"href":"https:\/\/candeebaar.ee\/et\/wp-json\/wp\/v2\/types\/product"}],"version-history":[{"count":1,"href":"https:\/\/candeebaar.ee\/et\/wp-json\/wp\/v2\/product\/12873\/revisions"}],"predecessor-version":[{"id":12874,"href":"https:\/\/candeebaar.ee\/et\/wp-json\/wp\/v2\/product\/12873\/revisions\/12874"}],"wp:featuredmedia":[{"embeddable":true,"href":"https:\/\/candeebaar.ee\/et\/wp-json\/wp\/v2\/media\/5123"}],"wp:attachment":[{"href":"https:\/\/candeebaar.ee\/et\/wp-json\/wp\/v2\/media?parent=12873"}],"wp:term":[{"taxonomy":"product_brand","embeddable":true,"href":"https:\/\/candeebaar.ee\/et\/wp-json\/wp\/v2\/product_brand?post=12873"},{"taxonomy":"product_cat","embeddable":true,"href":"https:\/\/candeebaar.ee\/et\/wp-json\/wp\/v2\/product_cat?post=12873"},{"taxonomy":"product_tag","embeddable":true,"href":"https:\/\/candeebaar.ee\/et\/wp-json\/wp\/v2\/product_tag?post=12873"}],"curies":[{"name":"t\u00f6\u00f6leht","href":"https:\/\/api.w.org\/{rel}","templated":true}]}}