{"id":12903,"date":"2025-07-08T07:32:37","date_gmt":"2025-07-08T05:32:37","guid":{"rendered":"https:\/\/candeebaar.ee\/?post_type=product&#038;p=12903"},"modified":"2026-04-13T21:21:32","modified_gmt":"2026-04-13T19:21:32","slug":"koogivormid-50-tk-valge-koopia","status":"publish","type":"product","link":"https:\/\/candeebaar.ee\/et\/pood\/koogivormid-50-tk-valge-koopia\/","title":{"rendered":"Koogikese k\u00fcpsetusvorm 50 tk valge"},"content":{"rendered":"<p>Pabervorm sobib suurep\u00e4raselt koogikeste k\u00fcpsetamiseks. Hoiab oma kuju ega vaja t\u00e4iendavat metallist alust t\u00e4nu volditud \u00fclemisele servale.<br \/>\nP\u00f5hja l\u00e4bim\u00f5\u00f5t: 5 cm<br \/>\n\u00dclemise l\u00e4bim\u00f5\u00f5t: 6,8 cm<br \/>\nK\u00f5rgus: 3,8 cm<br \/>\nV\u00e4rv: valge<br \/>\nPakend sisaldab 50 tk.<\/p>","protected":false},"excerpt":{"rendered":"<p>Pabervorm sobib ideaalselt muffinite k\u00fcpsetamiseks. Hoiab oma kuju ega vaja t\u00e4nu volditud \u00fclemisele servale t\u00e4iendavat metallalust. Alumise osa l\u00e4bim\u00f5\u00f5t: 5 cm \u00dclemise osa l\u00e4bim\u00f5\u00f5t: 6,8 cm K\u00f5rgus: 3,8 cm V\u00e4rvus: valge Pakendis on 50 tk.<\/p>","protected":false},"featured_media":7692,"template":"","meta":{"_seopress_robots_primary_cat":"none","_seopress_titles_title":"","_seopress_titles_desc":"","_seopress_robots_index":""},"product_brand":[],"product_cat":[15,117,90,152,106],"product_tag":[],"class_list":{"0":"post-12903","1":"product","2":"type-product","3":"status-publish","4":"has-post-thumbnail","6":"product_cat-all-products","7":"product_cat-paper","8":"product_cat-paper-cups-and-tulips","9":"product_cat-cupcakes","10":"product_cat-new","12":"first","13":"instock","14":"taxable","15":"shipping-taxable","16":"purchasable","17":"product-type-simple"},"_links":{"self":[{"href":"https:\/\/candeebaar.ee\/et\/wp-json\/wp\/v2\/product\/12903","targetHints":{"allow":["GET"]}}],"collection":[{"href":"https:\/\/candeebaar.ee\/et\/wp-json\/wp\/v2\/product"}],"about":[{"href":"https:\/\/candeebaar.ee\/et\/wp-json\/wp\/v2\/types\/product"}],"version-history":[{"count":1,"href":"https:\/\/candeebaar.ee\/et\/wp-json\/wp\/v2\/product\/12903\/revisions"}],"predecessor-version":[{"id":12904,"href":"https:\/\/candeebaar.ee\/et\/wp-json\/wp\/v2\/product\/12903\/revisions\/12904"}],"wp:featuredmedia":[{"embeddable":true,"href":"https:\/\/candeebaar.ee\/et\/wp-json\/wp\/v2\/media\/7692"}],"wp:attachment":[{"href":"https:\/\/candeebaar.ee\/et\/wp-json\/wp\/v2\/media?parent=12903"}],"wp:term":[{"taxonomy":"product_brand","embeddable":true,"href":"https:\/\/candeebaar.ee\/et\/wp-json\/wp\/v2\/product_brand?post=12903"},{"taxonomy":"product_cat","embeddable":true,"href":"https:\/\/candeebaar.ee\/et\/wp-json\/wp\/v2\/product_cat?post=12903"},{"taxonomy":"product_tag","embeddable":true,"href":"https:\/\/candeebaar.ee\/et\/wp-json\/wp\/v2\/product_tag?post=12903"}],"curies":[{"name":"t\u00f6\u00f6leht","href":"https:\/\/api.w.org\/{rel}","templated":true}]}}