{"id":13250,"date":"2025-08-13T18:27:32","date_gmt":"2025-08-13T16:27:32","guid":{"rendered":"https:\/\/candeebaar.ee\/?post_type=product&#038;p=13250"},"modified":"2026-04-07T11:00:16","modified_gmt":"2026-04-07T09:00:16","slug":"valge-koogilaud-26-3mm","status":"publish","type":"product","link":"https:\/\/candeebaar.ee\/et\/pood\/valge-koogilaud-26-3mm\/","title":{"rendered":"Valge koogialus 26cm * 3mm"},"content":{"rendered":"<p>\u00dcmmargune alus tihedast tugevdatud papist, niiskus- ja rasvakindel.<br \/>\nV\u00e4rv: valge<br \/>\nL\u00e4bim\u00f5\u00f5t: 258 mm<br \/>\nPaksus: 3mm<\/p>","protected":false},"excerpt":{"rendered":"<p>Tihedast tugevdatud papist \u00fcmmargune alus, niiskus- ja rasvakindel. V\u00e4rvus: valge. L\u00e4bim\u00f5\u00f5t: 258 mm. Paksus: 3 mm.<\/p>","protected":false},"featured_media":7250,"template":"","meta":{"_seopress_robots_primary_cat":"none","_seopress_titles_title":"","_seopress_titles_desc":"","_seopress_robots_index":""},"product_brand":[],"product_cat":[15,145,106],"product_tag":[],"class_list":{"0":"post-13250","1":"product","2":"type-product","3":"status-publish","4":"has-post-thumbnail","6":"product_cat-all-products","7":"product_cat-26cm","8":"product_cat-new","10":"first","11":"instock","12":"taxable","13":"shipping-taxable","14":"purchasable","15":"product-type-simple"},"_links":{"self":[{"href":"https:\/\/candeebaar.ee\/et\/wp-json\/wp\/v2\/product\/13250","targetHints":{"allow":["GET"]}}],"collection":[{"href":"https:\/\/candeebaar.ee\/et\/wp-json\/wp\/v2\/product"}],"about":[{"href":"https:\/\/candeebaar.ee\/et\/wp-json\/wp\/v2\/types\/product"}],"version-history":[{"count":1,"href":"https:\/\/candeebaar.ee\/et\/wp-json\/wp\/v2\/product\/13250\/revisions"}],"predecessor-version":[{"id":13251,"href":"https:\/\/candeebaar.ee\/et\/wp-json\/wp\/v2\/product\/13250\/revisions\/13251"}],"wp:featuredmedia":[{"embeddable":true,"href":"https:\/\/candeebaar.ee\/et\/wp-json\/wp\/v2\/media\/7250"}],"wp:attachment":[{"href":"https:\/\/candeebaar.ee\/et\/wp-json\/wp\/v2\/media?parent=13250"}],"wp:term":[{"taxonomy":"product_brand","embeddable":true,"href":"https:\/\/candeebaar.ee\/et\/wp-json\/wp\/v2\/product_brand?post=13250"},{"taxonomy":"product_cat","embeddable":true,"href":"https:\/\/candeebaar.ee\/et\/wp-json\/wp\/v2\/product_cat?post=13250"},{"taxonomy":"product_tag","embeddable":true,"href":"https:\/\/candeebaar.ee\/et\/wp-json\/wp\/v2\/product_tag?post=13250"}],"curies":[{"name":"t\u00f6\u00f6leht","href":"https:\/\/api.w.org\/{rel}","templated":true}]}}