{"id":13262,"date":"2025-08-14T08:30:50","date_gmt":"2025-08-14T06:30:50","guid":{"rendered":"https:\/\/candeebaar.ee\/?post_type=product&#038;p=13262"},"modified":"2026-04-13T07:56:26","modified_gmt":"2026-04-13T05:56:26","slug":"aknaga-kinkekarp-23012760","status":"publish","type":"product","link":"https:\/\/candeebaar.ee\/et\/pood\/aknaga-kinkekarp-23012760\/","title":{"rendered":"Aknaga kinkekarp (230*127*60mm)"},"content":{"rendered":"<p>Aknaga lainepapist kast. Sobib magustoitude, jookide, nukkude pakendamiseks.<br \/>\nSuurus: 230 * 127 * 60 mm<br \/>\nV\u00e4rv: kraft<\/p>","protected":false},"excerpt":{"rendered":"<p>Lainepapist karp aknaga. Sobib magustoitude, jookide, nukkude pakendamiseks. M\u00f5\u00f5t: 230*127*60mm V\u00e4rv: kraft<\/p>","protected":false},"featured_media":7158,"template":"","meta":{"_seopress_robots_primary_cat":"none","_seopress_titles_title":"","_seopress_titles_desc":"","_seopress_robots_index":""},"product_brand":[],"product_cat":[15,154,93,106],"product_tag":[],"class_list":{"0":"post-13262","1":"product","2":"type-product","3":"status-publish","4":"has-post-thumbnail","6":"product_cat-all-products","7":"product_cat-different-style","8":"product_cat-gift-packaging","9":"product_cat-new","11":"first","12":"instock","13":"taxable","14":"shipping-taxable","15":"purchasable","16":"product-type-simple"},"_links":{"self":[{"href":"https:\/\/candeebaar.ee\/et\/wp-json\/wp\/v2\/product\/13262","targetHints":{"allow":["GET"]}}],"collection":[{"href":"https:\/\/candeebaar.ee\/et\/wp-json\/wp\/v2\/product"}],"about":[{"href":"https:\/\/candeebaar.ee\/et\/wp-json\/wp\/v2\/types\/product"}],"version-history":[{"count":1,"href":"https:\/\/candeebaar.ee\/et\/wp-json\/wp\/v2\/product\/13262\/revisions"}],"predecessor-version":[{"id":13263,"href":"https:\/\/candeebaar.ee\/et\/wp-json\/wp\/v2\/product\/13262\/revisions\/13263"}],"wp:featuredmedia":[{"embeddable":true,"href":"https:\/\/candeebaar.ee\/et\/wp-json\/wp\/v2\/media\/7158"}],"wp:attachment":[{"href":"https:\/\/candeebaar.ee\/et\/wp-json\/wp\/v2\/media?parent=13262"}],"wp:term":[{"taxonomy":"product_brand","embeddable":true,"href":"https:\/\/candeebaar.ee\/et\/wp-json\/wp\/v2\/product_brand?post=13262"},{"taxonomy":"product_cat","embeddable":true,"href":"https:\/\/candeebaar.ee\/et\/wp-json\/wp\/v2\/product_cat?post=13262"},{"taxonomy":"product_tag","embeddable":true,"href":"https:\/\/candeebaar.ee\/et\/wp-json\/wp\/v2\/product_tag?post=13262"}],"curies":[{"name":"t\u00f6\u00f6leht","href":"https:\/\/api.w.org\/{rel}","templated":true}]}}