{"id":13590,"date":"2025-09-19T08:01:37","date_gmt":"2025-09-19T06:01:37","guid":{"rendered":"https:\/\/candeebaar.ee\/?post_type=product&#038;p=13590"},"modified":"2026-04-13T16:47:50","modified_gmt":"2026-04-13T14:47:50","slug":"valge-karp-uhele-koogikesele-koos-aknaga-koopiaga","status":"publish","type":"product","link":"https:\/\/candeebaar.ee\/et\/pood\/valge-karp-uhele-koogikesele-koos-aknaga-koopiaga\/","title":{"rendered":"Valge aknaga karp \u00fchele koogikesele"},"content":{"rendered":"<p>Tassikoogikarp.<br \/>\nSellel on spetsiaalne siset\u00fckk, mis hoiab koogikese kindlalt paigal. Aken on valmistatud l\u00e4bipaistvast plastist.<br \/>\nLaius: 10 cm<br \/>\nPikkus: 10 cm<br \/>\nK\u00f5rgus: 6,5 cm<br \/>\nV\u00e4rv: valge<br \/>\nMaterjal: papp<br \/>\nLihtne kokku panna<\/p>\n<p>&nbsp;<\/p>","protected":false},"excerpt":{"rendered":"<p>Koogikesekarp. Sellel on spetsiaalne siset\u00fckk, mis hoiab koogikese kindlalt paigal. Aken on valmistatud l\u00e4bipaistvast plastist. Laius: 10 cm Pikkus: 10 cm K\u00f5rgus: 6,5 cm V\u00e4rv: valge Materjal: papp Lihtne kokku panna &nbsp;<\/p>","protected":false},"featured_media":13592,"template":"","meta":{"_seopress_robots_primary_cat":"none","_seopress_titles_title":"","_seopress_titles_desc":"","_seopress_robots_index":""},"product_brand":[],"product_cat":[15,152,93,106],"product_tag":[],"class_list":{"0":"post-13590","1":"product","2":"type-product","3":"status-publish","4":"has-post-thumbnail","6":"product_cat-all-products","7":"product_cat-cupcakes","8":"product_cat-gift-packaging","9":"product_cat-new","11":"first","12":"instock","13":"taxable","14":"shipping-taxable","15":"purchasable","16":"product-type-simple"},"_links":{"self":[{"href":"https:\/\/candeebaar.ee\/et\/wp-json\/wp\/v2\/product\/13590","targetHints":{"allow":["GET"]}}],"collection":[{"href":"https:\/\/candeebaar.ee\/et\/wp-json\/wp\/v2\/product"}],"about":[{"href":"https:\/\/candeebaar.ee\/et\/wp-json\/wp\/v2\/types\/product"}],"version-history":[{"count":1,"href":"https:\/\/candeebaar.ee\/et\/wp-json\/wp\/v2\/product\/13590\/revisions"}],"predecessor-version":[{"id":13593,"href":"https:\/\/candeebaar.ee\/et\/wp-json\/wp\/v2\/product\/13590\/revisions\/13593"}],"wp:featuredmedia":[{"embeddable":true,"href":"https:\/\/candeebaar.ee\/et\/wp-json\/wp\/v2\/media\/13592"}],"wp:attachment":[{"href":"https:\/\/candeebaar.ee\/et\/wp-json\/wp\/v2\/media?parent=13590"}],"wp:term":[{"taxonomy":"product_brand","embeddable":true,"href":"https:\/\/candeebaar.ee\/et\/wp-json\/wp\/v2\/product_brand?post=13590"},{"taxonomy":"product_cat","embeddable":true,"href":"https:\/\/candeebaar.ee\/et\/wp-json\/wp\/v2\/product_cat?post=13590"},{"taxonomy":"product_tag","embeddable":true,"href":"https:\/\/candeebaar.ee\/et\/wp-json\/wp\/v2\/product_tag?post=13590"}],"curies":[{"name":"t\u00f6\u00f6leht","href":"https:\/\/api.w.org\/{rel}","templated":true}]}}