{"id":13607,"date":"2025-09-22T07:41:24","date_gmt":"2025-09-22T05:41:24","guid":{"rendered":"https:\/\/candeebaar.ee\/?post_type=product&#038;p=13607"},"modified":"2025-10-28T10:26:38","modified_gmt":"2025-10-28T08:26:38","slug":"sprinkles-kommi-voi-maiuse-jaoks-45g","status":"publish","type":"product","link":"https:\/\/candeebaar.ee\/et\/pood\/sprinkles-kommi-voi-maiuse-jaoks-45g\/","title":{"rendered":"Piserdused \u201eKomm v\u00f5i komm\u201c 45g"},"content":{"rendered":"<p>Sprinkles segada.<\/p>\n<p>Koostisosad:<\/p>\n<p>Suhkur, t\u00e4rklis (<strong>NISU<\/strong>, mais, kartul, riis), jahu (<strong>NISU<\/strong>, riis), taime\u00f5lid (p\u00e4evalille-, rapsi-, kookos\u00f5li), taimne rasv (palmi\u00f5li), gl\u00fckoosisiirup, dekstroos, maltodekstriin, t\u00e4istera <strong>PIIM<\/strong> pulber, lahustuv<strong> PIIM<\/strong> valk, kakaov\u00f5i, kakaomass, v\u00e4rvained (E100, E110*, E120, E132, E153, E160b, E172, E174), toiduv\u00e4rv (\u00f5unamahla, porgandimahla, paprika, peedimahla, sidruni, acerola kirsi kontsentraat), l\u00f5hna- ja maitseained, looduslik vanilje maitse, kunstlik vanilje maitse, lagritsapulber, glasuuraine (E901, E903, E904), paksendaja (E414), emulgaator (letsitiin (p\u00e4evalill, raps, SOJA), E473), \u017eelatiin (veiseliha), eraldusaine (E470b, E553b), niiskuses\u00e4ilitaja (E422), happesuse regulaator (E330). V\u00f5ib sisaldada j\u00e4lgi <strong>P\u00c4HKLID<\/strong> ja <strong>MUNAD<\/strong>.<\/p>\n<p><span style=\"text-decoration: underline;\">Toitumisalased faktid 100 g kohta:<\/span><\/p>\n<p>Kcal: 396; Kj: 1678; Rasv: 1,9 g; millest k\u00fcllastunud rasvhappeid: 1,6 g; S\u00fcsivesikud: 93,9 g; millest suhkrud: 82,7; Valgud: 0,3 g; Sool: 0,00 g<\/p>\n<p>Ei sobi alla 3-aastastele lastele. M\u00f5ned elemendid v\u00f5ivad hammastele rasked olla.<br \/>\nTootja: Saksamaa<br \/>\nS\u00e4ilivusaeg: september 2027<\/p>","protected":false},"excerpt":{"rendered":"<p>Piserduste segu. Koostisosad: suhkur, t\u00e4rklis (NISU, mais, kartul, riis), jahu (NISU, riis), taime\u00f5lid (p\u00e4evalille-, rapsi-, kookos\u00f5li), taimne rasv (palmi\u00f5li), gl\u00fckoosisiirup, dekstroos, maltodekstriin, t\u00e4ispiimapulber, lahustuv PIIMAvalk, kakaov\u00f5i, kakaomass, v\u00e4rvained (E100, E110*, E120, E132, E153, E160b, E172, E174), toiduv\u00e4rv (\u00f5unamahla, porgandimahla, paprika, peedimahla kontsentraat, [\u2026]<\/p>","protected":false},"featured_media":13608,"template":"","meta":{"_seopress_robots_primary_cat":"none","_seopress_titles_title":"","_seopress_titles_desc":"","_seopress_robots_index":""},"product_brand":[],"product_cat":[15,104,106],"product_tag":[],"class_list":{"0":"post-13607","1":"product","2":"type-product","3":"status-publish","4":"has-post-thumbnail","6":"product_cat-all-products","7":"product_cat-sprinkles","8":"product_cat-new","10":"first","11":"outofstock","12":"taxable","13":"shipping-taxable","14":"purchasable","15":"product-type-simple"},"_links":{"self":[{"href":"https:\/\/candeebaar.ee\/et\/wp-json\/wp\/v2\/product\/13607","targetHints":{"allow":["GET"]}}],"collection":[{"href":"https:\/\/candeebaar.ee\/et\/wp-json\/wp\/v2\/product"}],"about":[{"href":"https:\/\/candeebaar.ee\/et\/wp-json\/wp\/v2\/types\/product"}],"version-history":[{"count":1,"href":"https:\/\/candeebaar.ee\/et\/wp-json\/wp\/v2\/product\/13607\/revisions"}],"predecessor-version":[{"id":13609,"href":"https:\/\/candeebaar.ee\/et\/wp-json\/wp\/v2\/product\/13607\/revisions\/13609"}],"wp:featuredmedia":[{"embeddable":true,"href":"https:\/\/candeebaar.ee\/et\/wp-json\/wp\/v2\/media\/13608"}],"wp:attachment":[{"href":"https:\/\/candeebaar.ee\/et\/wp-json\/wp\/v2\/media?parent=13607"}],"wp:term":[{"taxonomy":"product_brand","embeddable":true,"href":"https:\/\/candeebaar.ee\/et\/wp-json\/wp\/v2\/product_brand?post=13607"},{"taxonomy":"product_cat","embeddable":true,"href":"https:\/\/candeebaar.ee\/et\/wp-json\/wp\/v2\/product_cat?post=13607"},{"taxonomy":"product_tag","embeddable":true,"href":"https:\/\/candeebaar.ee\/et\/wp-json\/wp\/v2\/product_tag?post=13607"}],"curies":[{"name":"t\u00f6\u00f6leht","href":"https:\/\/api.w.org\/{rel}","templated":true}]}}