{"id":13610,"date":"2025-09-22T07:48:26","date_gmt":"2025-09-22T05:48:26","guid":{"rendered":"https:\/\/candeebaar.ee\/?post_type=product&#038;p=13610"},"modified":"2026-03-21T14:36:52","modified_gmt":"2026-03-21T12:36:52","slug":"lavendli-varvi-veskioli-segu-20ml","status":"publish","type":"product","link":"https:\/\/candeebaar.ee\/et\/pood\/lavendli-varvi-veskioli-segu-20ml\/","title":{"rendered":"Lavendel \u2013 v\u00e4rviveski \u00f5lisegu 20ml"},"content":{"rendered":"<p>Geeli baasil \u00f5line toiduv\u00e4rv sobib suurep\u00e4raselt \u0161okolaadi ja muude rasvamasside jaoks. Pange t\u00e4hele, et v\u00e4rv vajab lahustumiseks veidi aega, seega optimaalse tulemuse saavutamiseks lisage seda vaid v\u00e4ikestes kogustes.<br \/>\nKoostisosad:<br \/>\nGl\u00fctserool, rapsi\u00f5li, letsitiin, v\u00e4rvained (E120, E132)<br \/>\nTootmine: Austraalia<\/p>","protected":false},"excerpt":{"rendered":"<p>Geelip\u00f5hine \u00f5lip\u00f5hine toiduv\u00e4rv sobib ideaalselt \u0161okolaadi ja muude rasvaste masside jaoks. Pange t\u00e4hele, et v\u00e4rvaine vajab lahustumiseks aega, seega lisage optimaalse tulemuse saavutamiseks vaid v\u00e4ikeseid koguseid. Koostisosad: gl\u00fctserool, rapsi\u00f5li, letsitiin, v\u00e4rvained (E120, E132). Tootja: Austraalia.<\/p>","protected":false},"featured_media":13617,"template":"","meta":{"_seopress_robots_primary_cat":"none","_seopress_titles_title":"%%post_title%% %%sitetitle%%","_seopress_titles_desc":"Gel based oil food coloring is perfect for chocolate and other fat masses. Production: Australia","_seopress_robots_index":""},"product_brand":[],"product_cat":[15,176,106],"product_tag":[],"class_list":{"0":"post-13610","1":"product","2":"type-product","3":"status-publish","4":"has-post-thumbnail","6":"product_cat-all-products","7":"product_cat-gel-dyes-fat-soluble","8":"product_cat-new","10":"first","11":"instock","12":"taxable","13":"shipping-taxable","14":"purchasable","15":"product-type-simple"},"_links":{"self":[{"href":"https:\/\/candeebaar.ee\/et\/wp-json\/wp\/v2\/product\/13610","targetHints":{"allow":["GET"]}}],"collection":[{"href":"https:\/\/candeebaar.ee\/et\/wp-json\/wp\/v2\/product"}],"about":[{"href":"https:\/\/candeebaar.ee\/et\/wp-json\/wp\/v2\/types\/product"}],"version-history":[{"count":1,"href":"https:\/\/candeebaar.ee\/et\/wp-json\/wp\/v2\/product\/13610\/revisions"}],"predecessor-version":[{"id":13618,"href":"https:\/\/candeebaar.ee\/et\/wp-json\/wp\/v2\/product\/13610\/revisions\/13618"}],"wp:featuredmedia":[{"embeddable":true,"href":"https:\/\/candeebaar.ee\/et\/wp-json\/wp\/v2\/media\/13617"}],"wp:attachment":[{"href":"https:\/\/candeebaar.ee\/et\/wp-json\/wp\/v2\/media?parent=13610"}],"wp:term":[{"taxonomy":"product_brand","embeddable":true,"href":"https:\/\/candeebaar.ee\/et\/wp-json\/wp\/v2\/product_brand?post=13610"},{"taxonomy":"product_cat","embeddable":true,"href":"https:\/\/candeebaar.ee\/et\/wp-json\/wp\/v2\/product_cat?post=13610"},{"taxonomy":"product_tag","embeddable":true,"href":"https:\/\/candeebaar.ee\/et\/wp-json\/wp\/v2\/product_tag?post=13610"}],"curies":[{"name":"t\u00f6\u00f6leht","href":"https:\/\/api.w.org\/{rel}","templated":true}]}}