{"id":13612,"date":"2025-09-22T07:48:29","date_gmt":"2025-09-22T05:48:29","guid":{"rendered":"https:\/\/candeebaar.ee\/?post_type=product&#038;p=13612"},"modified":"2026-03-12T16:16:52","modified_gmt":"2026-03-12T14:16:52","slug":"oranzi-varvi-veskioli-segu-20ml","status":"publish","type":"product","link":"https:\/\/candeebaar.ee\/et\/pood\/oranzi-varvi-veskioli-segu-20ml\/","title":{"rendered":"Apelsin \u2013 Colour Mill \u00f5lisegu 20ml"},"content":{"rendered":"<p>Geeli baasil \u00f5line toiduv\u00e4rv sobib suurep\u00e4raselt \u0161okolaadi ja muude rasvamasside jaoks. Pange t\u00e4hele, et v\u00e4rv vajab lahustumiseks veidi aega, seega optimaalse tulemuse saavutamiseks lisage seda vaid v\u00e4ikestes kogustes.<br \/>\nKoostisosad:<br \/>\nGl\u00fctserool, rapsi\u00f5li, letsitiin, v\u00e4rvaine (E110*)<br \/>\n*V\u00f5ib avaldada negatiivset m\u00f5ju laste aktiivsusele ja t\u00e4helepanuv\u00f5imele.<br \/>\nTootmine: Austraalia<\/p>","protected":false},"excerpt":{"rendered":"<p>Geeli baasil \u00f5line toiduv\u00e4rv sobib suurep\u00e4raselt \u0161okolaadi ja muude rasvamasside jaoks. Pange t\u00e4hele, et v\u00e4rv vajab lahustumiseks veidi aega, seega optimaalse tulemuse saavutamiseks lisage seda vaid v\u00e4ikestes kogustes. Koostis: gl\u00fctserool, rapsi\u00f5li, letsitiin, v\u00e4rvaine (E110*) *V\u00f5ib avaldada kahjulikku m\u00f5ju laste aktiivsusele ja t\u00e4helepanuv\u00f5imele. Tootmine: Austraalia<\/p>","protected":false},"featured_media":13615,"template":"","meta":{"_seopress_robots_primary_cat":"none","_seopress_titles_title":"%%post_title%% %%sitetitle%%","_seopress_titles_desc":"Gel based oil food coloring is perfect for chocolate and other fat masses. Production: Australia","_seopress_robots_index":""},"product_brand":[],"product_cat":[15,176,106],"product_tag":[],"class_list":{"0":"post-13612","1":"product","2":"type-product","3":"status-publish","4":"has-post-thumbnail","6":"product_cat-all-products","7":"product_cat-gel-dyes-fat-soluble","8":"product_cat-new","10":"first","11":"outofstock","12":"taxable","13":"shipping-taxable","14":"purchasable","15":"product-type-simple"},"_links":{"self":[{"href":"https:\/\/candeebaar.ee\/et\/wp-json\/wp\/v2\/product\/13612","targetHints":{"allow":["GET"]}}],"collection":[{"href":"https:\/\/candeebaar.ee\/et\/wp-json\/wp\/v2\/product"}],"about":[{"href":"https:\/\/candeebaar.ee\/et\/wp-json\/wp\/v2\/types\/product"}],"version-history":[{"count":1,"href":"https:\/\/candeebaar.ee\/et\/wp-json\/wp\/v2\/product\/13612\/revisions"}],"predecessor-version":[{"id":13616,"href":"https:\/\/candeebaar.ee\/et\/wp-json\/wp\/v2\/product\/13612\/revisions\/13616"}],"wp:featuredmedia":[{"embeddable":true,"href":"https:\/\/candeebaar.ee\/et\/wp-json\/wp\/v2\/media\/13615"}],"wp:attachment":[{"href":"https:\/\/candeebaar.ee\/et\/wp-json\/wp\/v2\/media?parent=13612"}],"wp:term":[{"taxonomy":"product_brand","embeddable":true,"href":"https:\/\/candeebaar.ee\/et\/wp-json\/wp\/v2\/product_brand?post=13612"},{"taxonomy":"product_cat","embeddable":true,"href":"https:\/\/candeebaar.ee\/et\/wp-json\/wp\/v2\/product_cat?post=13612"},{"taxonomy":"product_tag","embeddable":true,"href":"https:\/\/candeebaar.ee\/et\/wp-json\/wp\/v2\/product_tag?post=13612"}],"curies":[{"name":"t\u00f6\u00f6leht","href":"https:\/\/api.w.org\/{rel}","templated":true}]}}