{"id":13770,"date":"2025-10-14T12:28:36","date_gmt":"2025-10-14T10:28:36","guid":{"rendered":"https:\/\/candeebaar.ee\/?post_type=product&#038;p=13770"},"modified":"2026-04-07T11:49:25","modified_gmt":"2026-04-07T09:49:25","slug":"kakaovoi-100-g","status":"publish","type":"product","link":"https:\/\/candeebaar.ee\/et\/pood\/kakaovoi-100-g\/","title":{"rendered":"Kakaov\u00f5i 100g"},"content":{"rendered":"<p>Kakaov\u00f5i, tilgad, l\u00f5hnatu.<br \/>\nPakend: 100g (+-1g)<br \/>\n100g sisaldab:<br \/>\nRasvad: 99,8 g<br \/>\nValgud: 0 g<br \/>\nS\u00fcsivesikud: 0 g<br \/>\nSool: 0 g<br \/>\nSuhkur: 0 g<br \/>\nToitev\u00e4\u00e4rtus:<br \/>\n3692,6 kJ\/898,2 kcal<br \/>\nTootja: Saksamaa<br \/>\nHoida temperatuuril 16-18\u00b0C kuivas ja pimedas kohas.<\/p>\n<p>&nbsp;<\/p>","protected":false},"excerpt":{"rendered":"<p>Kakaov\u00f5i, tilgad, l\u00f5hnatu. Pakend: 100g (+-1g) 100g sisaldab: Rasvu: 99,8g Valke: 0g S\u00fcsivesikuid: 0g Soola: 0g Suhkrut: 0g Toitev\u00e4\u00e4rtus: 3692,6 kJ\/898,2 kcal Tootja: Saksamaa Hoida temperatuuril 16-18\u00b0C kuivas ja pimedas kohas. &nbsp;<\/p>","protected":false},"featured_media":13771,"template":"","meta":{"_seopress_robots_primary_cat":"none","_seopress_titles_title":"","_seopress_titles_desc":"","_seopress_robots_index":""},"product_brand":[],"product_cat":[15,111,110,106],"product_tag":[],"class_list":{"0":"post-13770","1":"product","2":"type-product","3":"status-publish","4":"has-post-thumbnail","6":"product_cat-all-products","7":"product_cat-cacao-mill","8":"product_cat-callebaut","9":"product_cat-new","11":"first","12":"instock","13":"taxable","14":"shipping-taxable","15":"purchasable","16":"product-type-simple"},"_links":{"self":[{"href":"https:\/\/candeebaar.ee\/et\/wp-json\/wp\/v2\/product\/13770","targetHints":{"allow":["GET"]}}],"collection":[{"href":"https:\/\/candeebaar.ee\/et\/wp-json\/wp\/v2\/product"}],"about":[{"href":"https:\/\/candeebaar.ee\/et\/wp-json\/wp\/v2\/types\/product"}],"version-history":[{"count":1,"href":"https:\/\/candeebaar.ee\/et\/wp-json\/wp\/v2\/product\/13770\/revisions"}],"predecessor-version":[{"id":13772,"href":"https:\/\/candeebaar.ee\/et\/wp-json\/wp\/v2\/product\/13770\/revisions\/13772"}],"wp:featuredmedia":[{"embeddable":true,"href":"https:\/\/candeebaar.ee\/et\/wp-json\/wp\/v2\/media\/13771"}],"wp:attachment":[{"href":"https:\/\/candeebaar.ee\/et\/wp-json\/wp\/v2\/media?parent=13770"}],"wp:term":[{"taxonomy":"product_brand","embeddable":true,"href":"https:\/\/candeebaar.ee\/et\/wp-json\/wp\/v2\/product_brand?post=13770"},{"taxonomy":"product_cat","embeddable":true,"href":"https:\/\/candeebaar.ee\/et\/wp-json\/wp\/v2\/product_cat?post=13770"},{"taxonomy":"product_tag","embeddable":true,"href":"https:\/\/candeebaar.ee\/et\/wp-json\/wp\/v2\/product_tag?post=13770"}],"curies":[{"name":"t\u00f6\u00f6leht","href":"https:\/\/api.w.org\/{rel}","templated":true}]}}