{"id":13773,"date":"2025-10-14T12:30:18","date_gmt":"2025-10-14T10:30:18","guid":{"rendered":"https:\/\/candeebaar.ee\/?post_type=product&#038;p=13773"},"modified":"2026-04-07T02:13:49","modified_gmt":"2026-04-07T00:13:49","slug":"kakaovoi-500-g","status":"publish","type":"product","link":"https:\/\/candeebaar.ee\/et\/pood\/kakaovoi-500-g\/","title":{"rendered":"Kakaov\u00f5i 500g"},"content":{"rendered":"<p>Kakaov\u00f5i, tilgad, l\u00f5hnatu.<br \/>\nPakend: 500g (+-1g)<br \/>\n100g sisaldab:<br \/>\nRasvad: 99,8 g<br \/>\nValgud: 0 g<br \/>\nS\u00fcsivesikud: 0 g<br \/>\nSool: 0 g<br \/>\nSuhkur: 0 g<br \/>\nToitev\u00e4\u00e4rtus:<br \/>\n3692,6 kJ\/898,2 kcal<br \/>\nTootja: Saksamaa<br \/>\nHoida temperatuuril 16-18\u00b0C kuivas ja pimedas kohas.<\/p>\n<p>&nbsp;<\/p>","protected":false},"excerpt":{"rendered":"<p>Kakaov\u00f5i, tilgad, l\u00f5hnatu. Pakend: 500g (+-1g) 100g sisaldab: Rasvu: 99,8g Valke: 0g S\u00fcsivesikuid: 0g Soola: 0g Suhkrut: 0g Toitev\u00e4\u00e4rtus: 3692,6 kJ\/898,2 kcal Tootja: Saksamaa Hoida temperatuuril 16-18\u00b0C kuivas ja pimedas kohas. &nbsp;<\/p>","protected":false},"featured_media":13771,"template":"","meta":{"_seopress_robots_primary_cat":"none","_seopress_titles_title":"","_seopress_titles_desc":"","_seopress_robots_index":""},"product_brand":[],"product_cat":[15,111,110,106],"product_tag":[],"class_list":{"0":"post-13773","1":"product","2":"type-product","3":"status-publish","4":"has-post-thumbnail","6":"product_cat-all-products","7":"product_cat-cacao-mill","8":"product_cat-callebaut","9":"product_cat-new","11":"first","12":"instock","13":"taxable","14":"shipping-taxable","15":"purchasable","16":"product-type-simple"},"_links":{"self":[{"href":"https:\/\/candeebaar.ee\/et\/wp-json\/wp\/v2\/product\/13773","targetHints":{"allow":["GET"]}}],"collection":[{"href":"https:\/\/candeebaar.ee\/et\/wp-json\/wp\/v2\/product"}],"about":[{"href":"https:\/\/candeebaar.ee\/et\/wp-json\/wp\/v2\/types\/product"}],"version-history":[{"count":1,"href":"https:\/\/candeebaar.ee\/et\/wp-json\/wp\/v2\/product\/13773\/revisions"}],"predecessor-version":[{"id":13774,"href":"https:\/\/candeebaar.ee\/et\/wp-json\/wp\/v2\/product\/13773\/revisions\/13774"}],"wp:featuredmedia":[{"embeddable":true,"href":"https:\/\/candeebaar.ee\/et\/wp-json\/wp\/v2\/media\/13771"}],"wp:attachment":[{"href":"https:\/\/candeebaar.ee\/et\/wp-json\/wp\/v2\/media?parent=13773"}],"wp:term":[{"taxonomy":"product_brand","embeddable":true,"href":"https:\/\/candeebaar.ee\/et\/wp-json\/wp\/v2\/product_brand?post=13773"},{"taxonomy":"product_cat","embeddable":true,"href":"https:\/\/candeebaar.ee\/et\/wp-json\/wp\/v2\/product_cat?post=13773"},{"taxonomy":"product_tag","embeddable":true,"href":"https:\/\/candeebaar.ee\/et\/wp-json\/wp\/v2\/product_tag?post=13773"}],"curies":[{"name":"t\u00f6\u00f6leht","href":"https:\/\/api.w.org\/{rel}","templated":true}]}}