{"id":13980,"date":"2025-10-31T10:48:11","date_gmt":"2025-10-31T08:48:11","guid":{"rendered":"https:\/\/candeebaar.ee\/?post_type=product&#038;p=13980"},"modified":"2026-04-13T19:50:25","modified_gmt":"2026-04-13T17:50:25","slug":"piserdab-sugavat-dzunglit","status":"publish","type":"product","link":"https:\/\/candeebaar.ee\/et\/pood\/piserdab-sugavat-dzunglit\/","title":{"rendered":"Piserdused \u201cS\u00fcgav d\u017eungel\u201d 45g"},"content":{"rendered":"<p>Magustoidu kaunistamiseks piserdused.<\/p>\n<p><strong>Koostisosad<\/strong>:<\/p>\n<p>Suhkur, dekstroos, maisit\u00e4rklis, dekstriin, paisutatud riis, riisijahu, valge suhkur, rafineeritud deodoreeritud palmi\u00f5li, melass, tuhksuhkur, h\u00fcdrogeenimata palmi\u00f5li, kookos\u00f5li, letsitiin, magneesiumstearaat, karnaubavaha (E903); glasuuriained: kummiaraabik (E414), talk (E553b), \u0161ellak (E904); paksendaja: karboks\u00fcmet\u00fc\u00fcltselluloos (CMC) (E466); l\u00f5hna- ja maitseained: vanill; v\u00e4rvained: tartrasiin (E102), Ponceau 4R (E124), patentsinine V (E131), s\u00f6\u00f6dav h\u00f5be (E174).<\/p>\n<p>V\u00f5ib sisaldada j\u00e4lgi <strong>munad, piim ja p\u00e4hklid<\/strong>.<\/p>\n<p>Sisaldab tartrasiini (E102) ja Ponceau 4R (E124), mis v\u00f5ivad lastel aktiivsust ja t\u00e4helepanu kahjustada.<\/p>\n<p><strong>Toitumisalased faktid:<\/strong><\/p>\n<table width=\"510\">\n<tbody>\n<tr>\n<td colspan=\"2\" width=\"510\">100 g sisaldab keskmist v\u00e4\u00e4rtust:<\/td>\n<\/tr>\n<tr>\n<td width=\"200\">Kalorite v\u00e4\u00e4rtus<\/td>\n<td width=\"310\">1653 kJ \/ 394 kcal<\/td>\n<\/tr>\n<tr>\n<td width=\"200\">Valgud<\/td>\n<td width=\"310\">0,33 g<\/td>\n<\/tr>\n<tr>\n<td width=\"200\">Rasvad<\/p>\n<p>\u2013 k\u00fcllastunud<\/td>\n<td width=\"310\">0,72 g<\/p>\n<p>- 0,01 g<\/td>\n<\/tr>\n<tr>\n<td width=\"200\">S\u00fcsivesikud kokku \u2013 suhkur<\/td>\n<td width=\"310\">96,7 g\u201370,02 g<\/td>\n<\/tr>\n<tr>\n<td width=\"200\">soola<\/td>\n<td width=\"310\">0 g<\/td>\n<\/tr>\n<\/tbody>\n<\/table>\n<p style=\"font-weight: 400;\">Ei sobi alla 3-aastastele lastele. Enamiku elementide sees on pehme riisip\u00f5hi, samas kui m\u00f5ned v\u00f5ivad olla k\u00f5vad.<br \/>\nHoida suletuna toatemperatuuril ja normaalsel (40-75%) niiskusel.<br \/>\nTootja: Saksamaa<br \/>\nS\u00e4ilivusaeg: detsember 2026<\/p>","protected":false},"excerpt":{"rendered":"<p>Magustoidu kaunistuseks m\u00f5eldud puisted. Koostisosad: suhkur, dekstroos, maisit\u00e4rklis, dekstriin, paisutatud riis, riisijahu, valge suhkur, rafineeritud deodoreeritud palmi\u00f5li, melass, tuhksuhkur, h\u00fcdrogeenimata palmi\u00f5li, kookos\u00f5li, letsitiin, magneesiumstearaat, karnaubavaha (E903); glasuuriained: kummiaraabik (E414), talk (E553b), \u0161ellak (E904); paksendaja: karboks\u00fcmet\u00fc\u00fcltselluloos (CMC) (E466); l\u00f5hna- ja maitseained: vanill; v\u00e4rvained: tartrasiin (E102), Ponceau 4R (E124), [\u2026]<\/p>","protected":false},"featured_media":13985,"template":"","meta":{"_seopress_robots_primary_cat":"none","_seopress_titles_title":"","_seopress_titles_desc":"","_seopress_robots_index":""},"product_brand":[],"product_cat":[15,104,106],"product_tag":[],"class_list":{"0":"post-13980","1":"product","2":"type-product","3":"status-publish","4":"has-post-thumbnail","6":"product_cat-all-products","7":"product_cat-sprinkles","8":"product_cat-new","10":"first","11":"instock","12":"taxable","13":"shipping-taxable","14":"purchasable","15":"product-type-simple"},"_links":{"self":[{"href":"https:\/\/candeebaar.ee\/et\/wp-json\/wp\/v2\/product\/13980","targetHints":{"allow":["GET"]}}],"collection":[{"href":"https:\/\/candeebaar.ee\/et\/wp-json\/wp\/v2\/product"}],"about":[{"href":"https:\/\/candeebaar.ee\/et\/wp-json\/wp\/v2\/types\/product"}],"version-history":[{"count":2,"href":"https:\/\/candeebaar.ee\/et\/wp-json\/wp\/v2\/product\/13980\/revisions"}],"predecessor-version":[{"id":13990,"href":"https:\/\/candeebaar.ee\/et\/wp-json\/wp\/v2\/product\/13980\/revisions\/13990"}],"wp:featuredmedia":[{"embeddable":true,"href":"https:\/\/candeebaar.ee\/et\/wp-json\/wp\/v2\/media\/13985"}],"wp:attachment":[{"href":"https:\/\/candeebaar.ee\/et\/wp-json\/wp\/v2\/media?parent=13980"}],"wp:term":[{"taxonomy":"product_brand","embeddable":true,"href":"https:\/\/candeebaar.ee\/et\/wp-json\/wp\/v2\/product_brand?post=13980"},{"taxonomy":"product_cat","embeddable":true,"href":"https:\/\/candeebaar.ee\/et\/wp-json\/wp\/v2\/product_cat?post=13980"},{"taxonomy":"product_tag","embeddable":true,"href":"https:\/\/candeebaar.ee\/et\/wp-json\/wp\/v2\/product_tag?post=13980"}],"curies":[{"name":"t\u00f6\u00f6leht","href":"https:\/\/api.w.org\/{rel}","templated":true}]}}