{"id":13996,"date":"2025-10-31T11:00:59","date_gmt":"2025-10-31T09:00:59","guid":{"rendered":"https:\/\/candeebaar.ee\/?post_type=product&#038;p=13996"},"modified":"2025-11-05T11:26:09","modified_gmt":"2025-11-05T09:26:09","slug":"sprinkles-mustvalge","status":"publish","type":"product","link":"https:\/\/candeebaar.ee\/et\/pood\/sprinkles-mustvalge\/","title":{"rendered":"Piserdused \u201cMust ja Valge\u201d 45g"},"content":{"rendered":"<p>Magustoidu kaunistamiseks piserdused.<\/p>\n<p><strong>Koostisosad<\/strong>:<\/p>\n<p>Paisutatud riis, suhkrusiirup, maisit\u00e4rklis, tuhksuhkur, E170, E102, E124, E174, <b>NISU\u00a0<\/b>jahu, vesi, gl\u00fckoos, palmi\u00f5li (h\u00fcdrogeenimata), riisijahu, maltodekstriin, kummiaraabik, Capol\u00ae glasuuriaine<\/p>\n<p>V\u00f5ib sisaldada j\u00e4lgi <strong>munad, piim ja p\u00e4hklid<\/strong>.<\/p>\n<p>Sisaldab E102, E124, mis v\u00f5ivad avaldada kahjulikku m\u00f5ju laste aktiivsusele ja t\u00e4helepanuv\u00f5imele.<\/p>\n<p><strong>Toitumisalased faktid:<\/strong><\/p>\n<table width=\"510\">\n<tbody>\n<tr>\n<td colspan=\"2\" width=\"510\">100 g sisaldab keskmist v\u00e4\u00e4rtust:<\/td>\n<\/tr>\n<tr>\n<td width=\"200\">Energiav\u00e4\u00e4rtus<\/td>\n<td width=\"310\">1545 kJ \/ 369 kcal<\/td>\n<\/tr>\n<tr>\n<td width=\"200\">Valgud<\/td>\n<td width=\"310\">3,4 g<\/td>\n<\/tr>\n<tr>\n<td width=\"200\">Rasvad<\/p>\n<p>\u2013 k\u00fcllastunud<\/td>\n<td width=\"310\">0,3 g<\/p>\n<p>\u2013 0,1 g<\/td>\n<\/tr>\n<tr>\n<td width=\"200\">S\u00fcsivesikud kokku \u2013 suhkur<\/td>\n<td width=\"310\">91 g\u201372,4 g<\/td>\n<\/tr>\n<tr>\n<td width=\"200\">soola<\/td>\n<td width=\"310\">0 g<\/td>\n<\/tr>\n<\/tbody>\n<\/table>\n<p style=\"font-weight: 400;\">Ei sobi alla 3-aastastele lastele. Enamiku elementide sees on pehme riisip\u00f5hi, samas kui m\u00f5ned v\u00f5ivad olla k\u00f5vad.<br \/>\nHoida suletuna toatemperatuuril ja normaalsel (40-75%) niiskusel.<br \/>\nTootja: Saksamaa<br \/>\nS\u00e4ilivusaeg: jaanuar 2027<\/p>","protected":false},"excerpt":{"rendered":"<p>Magustoidu kaunistuseks m\u00f5eldud puisted. Koostisosad: paisutatud riis, suhkrusiirup, maisit\u00e4rklis, tuhksuhkur, E170, E102, E124, E174, NISUJAHU, vesi, gl\u00fckoos, palmi\u00f5li (mitteh\u00fcdrogeenitud), riisijahu, maltodekstriin, akaatsiakumm, Capol\u00ae glasuuraine. V\u00f5ib sisaldada munade, piima ja p\u00e4hklite j\u00e4lgi. Sisaldab E102, E124, mis v\u00f5ivad kahjustada laste aktiivsust ja t\u00e4helepanu. Toitumisalane teave [\u2026]<\/p>","protected":false},"featured_media":13983,"template":"","meta":{"_seopress_robots_primary_cat":"none","_seopress_titles_title":"","_seopress_titles_desc":"","_seopress_robots_index":""},"product_brand":[],"product_cat":[15,104,106],"product_tag":[],"class_list":{"0":"post-13996","1":"product","2":"type-product","3":"status-publish","4":"has-post-thumbnail","6":"product_cat-all-products","7":"product_cat-sprinkles","8":"product_cat-new","10":"first","11":"outofstock","12":"taxable","13":"shipping-taxable","14":"purchasable","15":"product-type-simple"},"_links":{"self":[{"href":"https:\/\/candeebaar.ee\/et\/wp-json\/wp\/v2\/product\/13996","targetHints":{"allow":["GET"]}}],"collection":[{"href":"https:\/\/candeebaar.ee\/et\/wp-json\/wp\/v2\/product"}],"about":[{"href":"https:\/\/candeebaar.ee\/et\/wp-json\/wp\/v2\/types\/product"}],"version-history":[{"count":1,"href":"https:\/\/candeebaar.ee\/et\/wp-json\/wp\/v2\/product\/13996\/revisions"}],"predecessor-version":[{"id":13997,"href":"https:\/\/candeebaar.ee\/et\/wp-json\/wp\/v2\/product\/13996\/revisions\/13997"}],"wp:featuredmedia":[{"embeddable":true,"href":"https:\/\/candeebaar.ee\/et\/wp-json\/wp\/v2\/media\/13983"}],"wp:attachment":[{"href":"https:\/\/candeebaar.ee\/et\/wp-json\/wp\/v2\/media?parent=13996"}],"wp:term":[{"taxonomy":"product_brand","embeddable":true,"href":"https:\/\/candeebaar.ee\/et\/wp-json\/wp\/v2\/product_brand?post=13996"},{"taxonomy":"product_cat","embeddable":true,"href":"https:\/\/candeebaar.ee\/et\/wp-json\/wp\/v2\/product_cat?post=13996"},{"taxonomy":"product_tag","embeddable":true,"href":"https:\/\/candeebaar.ee\/et\/wp-json\/wp\/v2\/product_tag?post=13996"}],"curies":[{"name":"t\u00f6\u00f6leht","href":"https:\/\/api.w.org\/{rel}","templated":true}]}}