{"id":13998,"date":"2025-10-31T11:04:07","date_gmt":"2025-10-31T09:04:07","guid":{"rendered":"https:\/\/candeebaar.ee\/?post_type=product&#038;p=13998"},"modified":"2026-04-14T19:04:15","modified_gmt":"2026-04-14T17:04:15","slug":"piserdused-sulge-silmad","status":"publish","type":"product","link":"https:\/\/candeebaar.ee\/et\/pood\/piserdused-sulge-silmad\/","title":{"rendered":"Piserdused \u201eSulge silmad\u201d 45g"},"content":{"rendered":"<p>Magustoidu kaunistamiseks piserdused.<\/p>\n<p><strong>Koostisosad<\/strong>:<\/p>\n<p>Suhkur, dekstroos, maisit\u00e4rklis, dekstriin, paisutatud riis, riisijahu, valge suhkur, rafineeritud deodoreeritud palmi\u00f5li, melass, tuhksuhkur, h\u00fcdrogeenimata palmi\u00f5li, kookos\u00f5li, letsitiin, magneesiumstearaat, karnaubavaha (E903); glasuurained: kummiaraabik (E414), talk (E553b), \u0161ellak (E904); paksendaja: karboks\u00fcmet\u00fc\u00fcltselluloos (CMC) (E466); l\u00f5hna- ja maitseained: vanill; toiduv\u00e4rvid: tartrasiin (E102), Ponceau 4R (E124), patent sinine V (E131), briljantmust BN (E151), s\u00f6\u00f6dav h\u00f5be (E174).<\/p>\n<p>V\u00f5ib sisaldada j\u00e4lgi <strong>munad, piim ja p\u00e4hklid<\/strong>.<\/p>\n<p>Sisaldab tartrasiini (E102) ja Ponceau 4R (E124), mis v\u00f5ivad lastel aktiivsust ja t\u00e4helepanu kahjustada.<\/p>\n<p><strong>Toitumisalased faktid:<\/strong><\/p>\n<table width=\"510\">\n<tbody>\n<tr>\n<td colspan=\"2\" width=\"510\">100 g sisaldab keskmist v\u00e4\u00e4rtust:<\/td>\n<\/tr>\n<tr>\n<td width=\"200\">Energiav\u00e4\u00e4rtus<\/td>\n<td width=\"310\">1638 kJ \/ 391,2 kcal<\/td>\n<\/tr>\n<tr>\n<td width=\"200\">Valgud<\/td>\n<td width=\"310\">0,4 g<\/td>\n<\/tr>\n<tr>\n<td width=\"200\">Rasvad<\/p>\n<p>\u2013 k\u00fcllastunud<\/td>\n<td width=\"310\">1,59 g<\/p>\n<p>\u2013 0,67 g<\/td>\n<\/tr>\n<tr>\n<td width=\"200\">S\u00fcsivesikud kokku \u2013 suhkur<\/td>\n<td width=\"310\">93,26g\u201373,52g<\/td>\n<\/tr>\n<tr>\n<td width=\"200\">soola<\/td>\n<td width=\"310\">0 g<\/td>\n<\/tr>\n<\/tbody>\n<\/table>\n<p style=\"font-weight: 400;\">Ei sobi alla 3-aastastele lastele. Enamiku elementide sees on pehme riisip\u00f5hi, samas kui m\u00f5ned v\u00f5ivad olla k\u00f5vad.<br \/>\nHoida suletuna toatemperatuuril ja normaalsel (40-75%) niiskusel.<br \/>\nTootja: Saksamaa<br \/>\nS\u00e4ilivusaeg: detsember 2026<\/p>","protected":false},"excerpt":{"rendered":"<p>Magustoidu kaunistamiseks m\u00f5eldud puisted. Koostisosad: suhkur, dekstroos, maisit\u00e4rklis, dekstriin, paisutatud riis, riisijahu, valge suhkur, rafineeritud deodoriseeritud palmi\u00f5li, melass, tuhksuhkur, h\u00fcdrogeenimata palmi\u00f5li, kookos\u00f5li, letsitiin, magneesiumstearaat, karnaubavaha (E903); glasuurained: kummiaraabik (E414), talk (E553b), \u0161ellak (E904); paksendaja: karboks\u00fcmet\u00fc\u00fcltselluloos (CMC) (E466); l\u00f5hna- ja maitseained: vanill; toiduv\u00e4rvid: tartrasiin (E102), Ponceau 4R (E124), [\u2026]<\/p>","protected":false},"featured_media":13988,"template":"","meta":{"_seopress_robots_primary_cat":"none","_seopress_titles_title":"","_seopress_titles_desc":"","_seopress_robots_index":""},"product_brand":[],"product_cat":[15,104,106],"product_tag":[],"class_list":{"0":"post-13998","1":"product","2":"type-product","3":"status-publish","4":"has-post-thumbnail","6":"product_cat-all-products","7":"product_cat-sprinkles","8":"product_cat-new","10":"first","11":"instock","12":"taxable","13":"shipping-taxable","14":"purchasable","15":"product-type-simple"},"_links":{"self":[{"href":"https:\/\/candeebaar.ee\/et\/wp-json\/wp\/v2\/product\/13998","targetHints":{"allow":["GET"]}}],"collection":[{"href":"https:\/\/candeebaar.ee\/et\/wp-json\/wp\/v2\/product"}],"about":[{"href":"https:\/\/candeebaar.ee\/et\/wp-json\/wp\/v2\/types\/product"}],"version-history":[{"count":1,"href":"https:\/\/candeebaar.ee\/et\/wp-json\/wp\/v2\/product\/13998\/revisions"}],"predecessor-version":[{"id":13999,"href":"https:\/\/candeebaar.ee\/et\/wp-json\/wp\/v2\/product\/13998\/revisions\/13999"}],"wp:featuredmedia":[{"embeddable":true,"href":"https:\/\/candeebaar.ee\/et\/wp-json\/wp\/v2\/media\/13988"}],"wp:attachment":[{"href":"https:\/\/candeebaar.ee\/et\/wp-json\/wp\/v2\/media?parent=13998"}],"wp:term":[{"taxonomy":"product_brand","embeddable":true,"href":"https:\/\/candeebaar.ee\/et\/wp-json\/wp\/v2\/product_brand?post=13998"},{"taxonomy":"product_cat","embeddable":true,"href":"https:\/\/candeebaar.ee\/et\/wp-json\/wp\/v2\/product_cat?post=13998"},{"taxonomy":"product_tag","embeddable":true,"href":"https:\/\/candeebaar.ee\/et\/wp-json\/wp\/v2\/product_tag?post=13998"}],"curies":[{"name":"t\u00f6\u00f6leht","href":"https:\/\/api.w.org\/{rel}","templated":true}]}}