{"id":14032,"date":"2025-10-31T12:03:20","date_gmt":"2025-10-31T10:03:20","guid":{"rendered":"https:\/\/candeebaar.ee\/?post_type=product&#038;p=14032"},"modified":"2026-01-09T04:59:24","modified_gmt":"2026-01-09T02:59:24","slug":"joulukott-275-150-60mm","status":"publish","type":"product","link":"https:\/\/candeebaar.ee\/et\/pood\/joulukott-275-150-60mm\/","title":{"rendered":"Paberkott \u201cH\u00e4id j\u00f5ule k\u00f5igile\u201d 27*15*6cm 10tk"},"content":{"rendered":"<p>Ideaalne paberkott j\u00f5uludeks!<br \/>\nSuurus: 27 * 15 * 6 cm<br \/>\nKomplektis: 10 tk<\/p>","protected":false},"excerpt":{"rendered":"<p>Ideaalne j\u00f5uludeks m\u00f5eldud paberkott! M\u00f5\u00f5t: 27*15*6cm Komplektis: 10 tk<\/p>","protected":false},"featured_media":14033,"template":"","meta":{"_seopress_robots_primary_cat":"none","_seopress_titles_title":"","_seopress_titles_desc":"","_seopress_robots_index":""},"product_brand":[],"product_cat":[182,181,95,106],"product_tag":[],"class_list":{"0":"post-14032","1":"product","2":"type-product","3":"status-publish","4":"has-post-thumbnail","6":"product_cat-christmas","7":"product_cat-christmas-new-year","8":"product_cat-plastic-and-paper-bags","9":"product_cat-new","11":"first","12":"instock","13":"taxable","14":"shipping-taxable","15":"purchasable","16":"product-type-simple"},"_links":{"self":[{"href":"https:\/\/candeebaar.ee\/et\/wp-json\/wp\/v2\/product\/14032","targetHints":{"allow":["GET"]}}],"collection":[{"href":"https:\/\/candeebaar.ee\/et\/wp-json\/wp\/v2\/product"}],"about":[{"href":"https:\/\/candeebaar.ee\/et\/wp-json\/wp\/v2\/types\/product"}],"version-history":[{"count":1,"href":"https:\/\/candeebaar.ee\/et\/wp-json\/wp\/v2\/product\/14032\/revisions"}],"predecessor-version":[{"id":14034,"href":"https:\/\/candeebaar.ee\/et\/wp-json\/wp\/v2\/product\/14032\/revisions\/14034"}],"wp:featuredmedia":[{"embeddable":true,"href":"https:\/\/candeebaar.ee\/et\/wp-json\/wp\/v2\/media\/14033"}],"wp:attachment":[{"href":"https:\/\/candeebaar.ee\/et\/wp-json\/wp\/v2\/media?parent=14032"}],"wp:term":[{"taxonomy":"product_brand","embeddable":true,"href":"https:\/\/candeebaar.ee\/et\/wp-json\/wp\/v2\/product_brand?post=14032"},{"taxonomy":"product_cat","embeddable":true,"href":"https:\/\/candeebaar.ee\/et\/wp-json\/wp\/v2\/product_cat?post=14032"},{"taxonomy":"product_tag","embeddable":true,"href":"https:\/\/candeebaar.ee\/et\/wp-json\/wp\/v2\/product_tag?post=14032"}],"curies":[{"name":"t\u00f6\u00f6leht","href":"https:\/\/api.w.org\/{rel}","templated":true}]}}