{"id":14198,"date":"2025-11-12T09:47:17","date_gmt":"2025-11-12T07:47:17","guid":{"rendered":"https:\/\/candeebaar.ee\/?post_type=product&#038;p=14198"},"modified":"2025-12-16T13:43:33","modified_gmt":"2025-12-16T11:43:33","slug":"sprinkles-kingitusaeg-45g","status":"publish","type":"product","link":"https:\/\/candeebaar.ee\/et\/pood\/sprinkles-kingitusaeg-45g\/","title":{"rendered":"Piserdused \u201cKingitusaeg\u201d 45g"},"content":{"rendered":"<p>Magustoidu kaunistamiseks piserdused.<\/p>\n<p><strong>Koostisosad<\/strong>:<\/p>\n<p>Suhkur, t\u00e4rklis (<strong>NISU<\/strong>, mais, kartul, riis), jahu (<strong>NISU, riis<\/strong>), <strong>NISU<\/strong> manna, taime\u00f5lid (p\u00e4evalille-, rapsi-, t\u00e4ielikult h\u00fcdrogeenitud rapsi-, kookos\u00f5li), gl\u00fckoosisiirup, dekstroos, maltodekstriin, t\u00e4isterajahu <strong>PIIM<\/strong> pulber, kakaov\u00f5i, kakaomass, v\u00e4rvained (E100, E120, E129*, E131, E133, E160a, E172, E174), toiduv\u00e4rv (\u00f5unamahla kontsentraat, s\u00f5star, porgandimahl, redis, sidrun), l\u00f5hna- ja maitseained, looduslik vanilje l\u00f5hna- ja maitseaine, glasuuraine (E901, E903, E904), paksendaja (E414), emulgaator (letsitiin (p\u00e4evalille-, <strong>SOJA<\/strong>), E473), \u017eelatiin (veiseliha), m\u00e4\u00e4rdeaine (E470b, E553b, E555). V\u00f5ib sisaldada j\u00e4lgi <strong>P\u00c4HKLID<\/strong>. *\u201eE129: V\u00f5ib avaldada kahjulikku m\u00f5ju laste aktiivsusele ja t\u00e4helepanuv\u00f5imele\u201d.<\/p>\n<p><strong>Toitumisalased faktid:<\/strong><\/p>\n<table width=\"510\">\n<tbody>\n<tr>\n<td colspan=\"2\" width=\"510\">100 g sisaldab keskmist v\u00e4\u00e4rtust:<\/td>\n<\/tr>\n<tr>\n<td width=\"200\">Energiav\u00e4\u00e4rtus<\/td>\n<td width=\"310\">1708 kJ \/ 405 kcal<\/td>\n<\/tr>\n<tr>\n<td width=\"200\">Valgud<\/td>\n<td width=\"310\">0,9 g<\/td>\n<\/tr>\n<tr>\n<td width=\"200\">Rasvad<\/p>\n<p>\u2013 k\u00fcllastunud<\/td>\n<td width=\"310\">3,5 g<\/p>\n<p>\u2013 1,9 g<\/td>\n<\/tr>\n<tr>\n<td width=\"200\">S\u00fcsivesikud kokku \u2013 suhkur<\/td>\n<td width=\"310\">91,7 g\u201379 g<\/td>\n<\/tr>\n<tr>\n<td width=\"200\">soola<\/td>\n<td width=\"310\">0,1 g<\/td>\n<\/tr>\n<\/tbody>\n<\/table>\n<p style=\"font-weight: 400;\">Ei sobi alla 3-aastastele lastele.<br \/>\nHoida suletuna toatemperatuuril ja normaalsel (40-75%) niiskusel.<br \/>\nTootja: Saksamaa<br \/>\nS\u00e4ilivusaeg: september 2027<\/p>","protected":false},"excerpt":{"rendered":"<p>Magustoidu kaunistuseks m\u00f5eldud puisted. Koostisosad: suhkur, t\u00e4rklis (NISU, mais, kartul, riis), jahu (NISU, riis), NISUMANN, taime\u00f5lid (p\u00e4evalille-, rapsi-, t\u00e4ielikult h\u00fcdrogeenitud rapsi-, kookos\u00f5li), gl\u00fckoosisiirup, dekstroos, maltodekstriin, t\u00e4isPIIMApulber, kakaov\u00f5i, kakaomass, v\u00e4rvained (E100, E120, E129*, E131, E133, E160a, E172, E174), toiduv\u00e4rv (\u00f5unamahla kontsentraat, s\u00f5star, porgandimahl, redis, sidrun), [\u2026]<\/p>","protected":false},"featured_media":14199,"template":"","meta":{"_seopress_robots_primary_cat":"none","_seopress_titles_title":"","_seopress_titles_desc":"","_seopress_robots_index":""},"product_brand":[],"product_cat":[182,181,15,104,106],"product_tag":[],"class_list":{"0":"post-14198","1":"product","2":"type-product","3":"status-publish","4":"has-post-thumbnail","6":"product_cat-christmas","7":"product_cat-christmas-new-year","8":"product_cat-all-products","9":"product_cat-sprinkles","10":"product_cat-new","12":"first","13":"outofstock","14":"taxable","15":"shipping-taxable","16":"purchasable","17":"product-type-simple"},"_links":{"self":[{"href":"https:\/\/candeebaar.ee\/et\/wp-json\/wp\/v2\/product\/14198","targetHints":{"allow":["GET"]}}],"collection":[{"href":"https:\/\/candeebaar.ee\/et\/wp-json\/wp\/v2\/product"}],"about":[{"href":"https:\/\/candeebaar.ee\/et\/wp-json\/wp\/v2\/types\/product"}],"version-history":[{"count":1,"href":"https:\/\/candeebaar.ee\/et\/wp-json\/wp\/v2\/product\/14198\/revisions"}],"predecessor-version":[{"id":14200,"href":"https:\/\/candeebaar.ee\/et\/wp-json\/wp\/v2\/product\/14198\/revisions\/14200"}],"wp:featuredmedia":[{"embeddable":true,"href":"https:\/\/candeebaar.ee\/et\/wp-json\/wp\/v2\/media\/14199"}],"wp:attachment":[{"href":"https:\/\/candeebaar.ee\/et\/wp-json\/wp\/v2\/media?parent=14198"}],"wp:term":[{"taxonomy":"product_brand","embeddable":true,"href":"https:\/\/candeebaar.ee\/et\/wp-json\/wp\/v2\/product_brand?post=14198"},{"taxonomy":"product_cat","embeddable":true,"href":"https:\/\/candeebaar.ee\/et\/wp-json\/wp\/v2\/product_cat?post=14198"},{"taxonomy":"product_tag","embeddable":true,"href":"https:\/\/candeebaar.ee\/et\/wp-json\/wp\/v2\/product_tag?post=14198"}],"curies":[{"name":"t\u00f6\u00f6leht","href":"https:\/\/api.w.org\/{rel}","templated":true}]}}