{"id":14201,"date":"2025-11-12T10:01:47","date_gmt":"2025-11-12T08:01:47","guid":{"rendered":"https:\/\/candeebaar.ee\/?post_type=product&#038;p=14201"},"modified":"2025-11-28T16:00:57","modified_gmt":"2025-11-28T14:00:57","slug":"kirsikoogi-puistangud","status":"publish","type":"product","link":"https:\/\/candeebaar.ee\/et\/pood\/kirsikoogi-puistangud\/","title":{"rendered":"Sprinkles \u201cKirsikoogi\u201d 45g"},"content":{"rendered":"<p>Magustoidu kaunistamiseks piserdused.<\/p>\n<p><strong>Koostisosad<\/strong>:<\/p>\n<p>Suhkur, dekstroos, maisit\u00e4rklis, dekstriin, paisutatud<strong> riis, riisijahu, nisujahu<\/strong>, valge suhkur, rafineeritud deodoreeritud palmi\u00f5li, kookos\u00f5li, <strong>letsitiin (soja)<\/strong>, magneesiumstearaat, karnaubavaha (E903), glasuurained: kummiaraabik (E414), talk (E553b), \u0161ellak (E904). Paksendaja (E466). Maitseaine: vanill. Toiduv\u00e4rvid E124, E170, E174.<br \/>\nV\u00f5ib sisaldada j\u00e4lgi <strong>munad, piim ja p\u00e4hklid<\/strong>.<\/p>\n<p>Sisaldab E124, mis v\u00f5ib avaldada kahjulikku m\u00f5ju laste aktiivsusele ja t\u00e4helepanuv\u00f5imele.<\/p>\n<p><strong>Toitumisalased faktid:<\/strong><\/p>\n<table width=\"510\">\n<tbody>\n<tr>\n<td colspan=\"2\" width=\"510\">100 g sisaldab keskmist v\u00e4\u00e4rtust:<\/td>\n<\/tr>\n<tr>\n<td width=\"200\">Energiav\u00e4\u00e4rtus<\/td>\n<td width=\"310\">1638 kJ \/ 391,2 kcal<\/td>\n<\/tr>\n<tr>\n<td width=\"200\">Valgud<\/td>\n<td width=\"310\">0,4 g<\/td>\n<\/tr>\n<tr>\n<td width=\"200\">Rasvad<\/p>\n<p>\u2013 k\u00fcllastunud<\/td>\n<td width=\"310\">1,59 g<\/p>\n<p>\u2013 0,67 g<\/td>\n<\/tr>\n<tr>\n<td width=\"200\">S\u00fcsivesikud kokku \u2013 suhkur<\/td>\n<td width=\"310\">93,26g\u201373,52g<\/td>\n<\/tr>\n<tr>\n<td width=\"200\">soola<\/td>\n<td width=\"310\">0 g<\/td>\n<\/tr>\n<\/tbody>\n<\/table>\n<p style=\"font-weight: 400;\">Ei sobi alla 3-aastastele lastele. Enamiku elementide sees on pehme riisip\u00f5hi, samas kui m\u00f5ned v\u00f5ivad olla k\u00f5vad.<br \/>\nHoida suletuna toatemperatuuril ja normaalsel (40-75%) niiskusel.<br \/>\nTootja: Saksamaa<br \/>\nS\u00e4ilivusaeg: jaanuar 2027<\/p>","protected":false},"excerpt":{"rendered":"<p>Magustoidu kaunistamiseks m\u00f5eldud puisted. Koostisosad: suhkur, dekstroos, maisit\u00e4rklis, dekstriin, paisutatud riis, riisijahu, nisujahu, valge suhkur, rafineeritud deodoreeritud palmi\u00f5li, kookos\u00f5li, letsitiin (soja), magneesiumstearaat, karnaubavaha (E903), glasuuriained: kummiaraabik (E414), talk (E553b), \u0161ellak (E904). Paksendaja (E466). Maitseaine: vanill. Toiduv\u00e4rvid E124, E170, 174. V\u00f5ib sisaldada muna-, piima- ja p\u00e4hklij\u00e4lgi. [\u2026]<\/p>","protected":false},"featured_media":14202,"template":"","meta":{"_seopress_robots_primary_cat":"none","_seopress_titles_title":"","_seopress_titles_desc":"","_seopress_robots_index":""},"product_brand":[],"product_cat":[15,104,106],"product_tag":[],"class_list":{"0":"post-14201","1":"product","2":"type-product","3":"status-publish","4":"has-post-thumbnail","6":"product_cat-all-products","7":"product_cat-sprinkles","8":"product_cat-new","10":"first","11":"outofstock","12":"taxable","13":"shipping-taxable","14":"purchasable","15":"product-type-simple"},"_links":{"self":[{"href":"https:\/\/candeebaar.ee\/et\/wp-json\/wp\/v2\/product\/14201","targetHints":{"allow":["GET"]}}],"collection":[{"href":"https:\/\/candeebaar.ee\/et\/wp-json\/wp\/v2\/product"}],"about":[{"href":"https:\/\/candeebaar.ee\/et\/wp-json\/wp\/v2\/types\/product"}],"version-history":[{"count":2,"href":"https:\/\/candeebaar.ee\/et\/wp-json\/wp\/v2\/product\/14201\/revisions"}],"predecessor-version":[{"id":14204,"href":"https:\/\/candeebaar.ee\/et\/wp-json\/wp\/v2\/product\/14201\/revisions\/14204"}],"wp:featuredmedia":[{"embeddable":true,"href":"https:\/\/candeebaar.ee\/et\/wp-json\/wp\/v2\/media\/14202"}],"wp:attachment":[{"href":"https:\/\/candeebaar.ee\/et\/wp-json\/wp\/v2\/media?parent=14201"}],"wp:term":[{"taxonomy":"product_brand","embeddable":true,"href":"https:\/\/candeebaar.ee\/et\/wp-json\/wp\/v2\/product_brand?post=14201"},{"taxonomy":"product_cat","embeddable":true,"href":"https:\/\/candeebaar.ee\/et\/wp-json\/wp\/v2\/product_cat?post=14201"},{"taxonomy":"product_tag","embeddable":true,"href":"https:\/\/candeebaar.ee\/et\/wp-json\/wp\/v2\/product_tag?post=14201"}],"curies":[{"name":"t\u00f6\u00f6leht","href":"https:\/\/api.w.org\/{rel}","templated":true}]}}