{"id":14380,"date":"2025-11-27T12:22:39","date_gmt":"2025-11-27T10:22:39","guid":{"rendered":"https:\/\/candeebaar.ee\/?post_type=product&#038;p=14380"},"modified":"2026-04-06T08:35:44","modified_gmt":"2026-04-06T06:35:44","slug":"tsitruseliste-amideeritud-pektiin-100-g","status":"publish","type":"product","link":"https:\/\/candeebaar.ee\/et\/pood\/tsitruseliste-amideeritud-pektiin-100-g\/","title":{"rendered":"Tsitruseliste amideeritud pektiin 100g"},"content":{"rendered":"<div class=\"tab-content\">\n<div id=\"desc\" class=\"tab-pane active\" role=\"tabpanel\">\n<div id=\"product-full-desc\" class=\"user-inner\" data-ng-non-bindable=\"\">\n<p style=\"padding-left: 30px;\">Koostisosad: pektiin (E440ii), dekstroos.<strong><br \/>\n<\/strong>Sisu 100g kohta:<br \/>\nEnergia: 1070 kJ\/256 kcal<br \/>\nRasvad (k\u00fcllastunud): 1,5 g (0,5 g)<br \/>\nKiudained: 45 g<br \/>\nValk: 5g<br \/>\nSool: 0,01 g<br \/>\nS\u00fcsivesikud (suhkrud): 33g (30g)<br \/>\nV\u00f5ib sisaldada j\u00e4lgi j\u00e4rgmistest ainetest: <strong>p\u00e4hklid, soja, gluteen<\/strong><br \/>\nKaal: 100g<br \/>\nTootja: Itaalia<\/p>\n<\/div>\n<\/div>\n<\/div>","protected":false},"excerpt":{"rendered":"<p>Koostisosad: pektiin (E440ii), dekstroos. 100 g kohta: Energia: 1070 kJ\/256 kcal Rasvad (k\u00fcllastunud): 1,5 g (0,5 g) Kiudained: 45 g Valgud: 5 g Sool: 0,01 g S\u00fcsivesikud (suhkrud): 33 g (30 g) V\u00f5ib sisaldada j\u00e4lgi: p\u00e4hkleid, soja, gluteeni. Mass: 100 g Tootja: Itaalia<\/p>","protected":false},"featured_media":14484,"template":"","meta":{"_seopress_robots_primary_cat":"none","_seopress_titles_title":"","_seopress_titles_desc":"","_seopress_robots_index":""},"product_brand":[],"product_cat":[15,100,106],"product_tag":[],"class_list":{"0":"post-14380","1":"product","2":"type-product","3":"status-publish","4":"has-post-thumbnail","6":"product_cat-all-products","7":"product_cat-thickeners","8":"product_cat-new","10":"first","11":"outofstock","12":"taxable","13":"shipping-taxable","14":"purchasable","15":"product-type-simple"},"_links":{"self":[{"href":"https:\/\/candeebaar.ee\/et\/wp-json\/wp\/v2\/product\/14380","targetHints":{"allow":["GET"]}}],"collection":[{"href":"https:\/\/candeebaar.ee\/et\/wp-json\/wp\/v2\/product"}],"about":[{"href":"https:\/\/candeebaar.ee\/et\/wp-json\/wp\/v2\/types\/product"}],"version-history":[{"count":1,"href":"https:\/\/candeebaar.ee\/et\/wp-json\/wp\/v2\/product\/14380\/revisions"}],"predecessor-version":[{"id":14485,"href":"https:\/\/candeebaar.ee\/et\/wp-json\/wp\/v2\/product\/14380\/revisions\/14485"}],"wp:featuredmedia":[{"embeddable":true,"href":"https:\/\/candeebaar.ee\/et\/wp-json\/wp\/v2\/media\/14484"}],"wp:attachment":[{"href":"https:\/\/candeebaar.ee\/et\/wp-json\/wp\/v2\/media?parent=14380"}],"wp:term":[{"taxonomy":"product_brand","embeddable":true,"href":"https:\/\/candeebaar.ee\/et\/wp-json\/wp\/v2\/product_brand?post=14380"},{"taxonomy":"product_cat","embeddable":true,"href":"https:\/\/candeebaar.ee\/et\/wp-json\/wp\/v2\/product_cat?post=14380"},{"taxonomy":"product_tag","embeddable":true,"href":"https:\/\/candeebaar.ee\/et\/wp-json\/wp\/v2\/product_tag?post=14380"}],"curies":[{"name":"t\u00f6\u00f6leht","href":"https:\/\/api.w.org\/{rel}","templated":true}]}}