{"id":14430,"date":"2025-12-01T14:47:37","date_gmt":"2025-12-01T12:47:37","guid":{"rendered":"https:\/\/candeebaar.ee\/?post_type=product&#038;p=14430"},"modified":"2026-02-26T23:34:23","modified_gmt":"2026-02-26T21:34:23","slug":"mustikapuree-1000g-menii","status":"publish","type":"product","link":"https:\/\/candeebaar.ee\/et\/pood\/mustikapuree-1000g-menii\/","title":{"rendered":"Mustikap\u00fcree 1000g Menii"},"content":{"rendered":"<p>Mustikap\u00fcree naturaalsetest marjadest. Sobib ideaalselt vahukommide, kreemide jms valmistamiseks.<br \/>\nKaal: 1000g<br \/>\nKoostis: Mustikas 90%, suhkur 10%<br \/>\nEi sisalda maitselisandeid, v\u00e4rvaineid ega s\u00e4ilitusaineid.<br \/>\nHoida pimedas jahedas kohas.<br \/>\nK\u00f5lblikkusaeg: vaata pakendilt<br \/>\nTootja: Menii, Poola<\/p>\n<p>&nbsp;<\/p>\n<p>&nbsp;<\/p>\n<p>&nbsp;<\/p>","protected":false},"excerpt":{"rendered":"<p>Mustikap\u00fcree naturaalsetest marjadest. Sobib ideaalselt vahukommide, kreemide jms valmistamiseks. Kaal: 1000g Koostis: Mustikas 90%, suhkur 10% Ei sisalda l\u00f5hna- ja maitseaineid, v\u00e4rvaineid ega s\u00e4ilitusaineid. Hoida pimedas ja jahedas kohas. S\u00e4ilivusaeg: vt pakendilt Tootja: Menii, Poola &nbsp; &nbsp; &nbsp;<\/p>","protected":false},"featured_media":14432,"template":"","meta":{"_seopress_robots_primary_cat":"none","_seopress_titles_title":"","_seopress_titles_desc":"","_seopress_robots_index":""},"product_brand":[],"product_cat":[183,15,99,106],"product_tag":[],"class_list":{"0":"post-14430","1":"product","2":"type-product","3":"status-publish","4":"has-post-thumbnail","6":"product_cat-valentines-day","7":"product_cat-all-products","8":"product_cat-fruit-purees","9":"product_cat-new","11":"first","12":"instock","13":"taxable","14":"shipping-taxable","15":"purchasable","16":"product-type-simple"},"_links":{"self":[{"href":"https:\/\/candeebaar.ee\/et\/wp-json\/wp\/v2\/product\/14430","targetHints":{"allow":["GET"]}}],"collection":[{"href":"https:\/\/candeebaar.ee\/et\/wp-json\/wp\/v2\/product"}],"about":[{"href":"https:\/\/candeebaar.ee\/et\/wp-json\/wp\/v2\/types\/product"}],"version-history":[{"count":1,"href":"https:\/\/candeebaar.ee\/et\/wp-json\/wp\/v2\/product\/14430\/revisions"}],"predecessor-version":[{"id":14433,"href":"https:\/\/candeebaar.ee\/et\/wp-json\/wp\/v2\/product\/14430\/revisions\/14433"}],"wp:featuredmedia":[{"embeddable":true,"href":"https:\/\/candeebaar.ee\/et\/wp-json\/wp\/v2\/media\/14432"}],"wp:attachment":[{"href":"https:\/\/candeebaar.ee\/et\/wp-json\/wp\/v2\/media?parent=14430"}],"wp:term":[{"taxonomy":"product_brand","embeddable":true,"href":"https:\/\/candeebaar.ee\/et\/wp-json\/wp\/v2\/product_brand?post=14430"},{"taxonomy":"product_cat","embeddable":true,"href":"https:\/\/candeebaar.ee\/et\/wp-json\/wp\/v2\/product_cat?post=14430"},{"taxonomy":"product_tag","embeddable":true,"href":"https:\/\/candeebaar.ee\/et\/wp-json\/wp\/v2\/product_tag?post=14430"}],"curies":[{"name":"t\u00f6\u00f6leht","href":"https:\/\/api.w.org\/{rel}","templated":true}]}}