{"id":14444,"date":"2025-12-01T15:00:52","date_gmt":"2025-12-01T13:00:52","guid":{"rendered":"https:\/\/candeebaar.ee\/?post_type=product&#038;p=14444"},"modified":"2026-02-15T16:36:54","modified_gmt":"2026-02-15T14:36:54","slug":"maasikapuree-1000g-menii","status":"publish","type":"product","link":"https:\/\/candeebaar.ee\/et\/pood\/maasikapuree-1000g-menii\/","title":{"rendered":"Maasikap\u00fcree 1000g Menii"},"content":{"rendered":"<p>Looduslikest marjadest valmistatud maasikap\u00fcree. Ideaalne vahukommide, kreemide jms valmistamiseks.<br \/>\nKaal: 1000g<br \/>\nKoostis: Maasikas 90%, Suhkur 10%<br \/>\nEi sisalda maitselisandeid, v\u00e4rvaineid ega s\u00e4ilitusaineid.<br \/>\nHoida pimedas jahedas kohas.<br \/>\nK\u00f5lblikkusaeg: vaata pakendilt<br \/>\nTootja: Menii, Poola<\/p>\n<p>&nbsp;<\/p>\n<p>&nbsp;<\/p>\n<p>&nbsp;<\/p>","protected":false},"excerpt":{"rendered":"<p>Maasikap\u00fcree naturaalsetest marjadest. Sobib ideaalselt vahukommide, kreemide jms valmistamiseks. Kaal: 1000g Koostis: Maasikas 90%, Suhkur 10% Ei sisalda l\u00f5hna- ja maitseaineid, v\u00e4rvaineid ega s\u00e4ilitusaineid. Hoida pimedas ja jahedas kohas. S\u00e4ilivusaeg: vt pakendilt Tootja: Menii, Poola &nbsp; &nbsp; &nbsp;<\/p>","protected":false},"featured_media":14446,"template":"","meta":{"_seopress_robots_primary_cat":"none","_seopress_titles_title":"","_seopress_titles_desc":"","_seopress_robots_index":""},"product_brand":[],"product_cat":[183,15,99,106],"product_tag":[],"class_list":{"0":"post-14444","1":"product","2":"type-product","3":"status-publish","4":"has-post-thumbnail","6":"product_cat-valentines-day","7":"product_cat-all-products","8":"product_cat-fruit-purees","9":"product_cat-new","11":"first","12":"instock","13":"taxable","14":"shipping-taxable","15":"purchasable","16":"product-type-simple"},"_links":{"self":[{"href":"https:\/\/candeebaar.ee\/et\/wp-json\/wp\/v2\/product\/14444","targetHints":{"allow":["GET"]}}],"collection":[{"href":"https:\/\/candeebaar.ee\/et\/wp-json\/wp\/v2\/product"}],"about":[{"href":"https:\/\/candeebaar.ee\/et\/wp-json\/wp\/v2\/types\/product"}],"version-history":[{"count":1,"href":"https:\/\/candeebaar.ee\/et\/wp-json\/wp\/v2\/product\/14444\/revisions"}],"predecessor-version":[{"id":14447,"href":"https:\/\/candeebaar.ee\/et\/wp-json\/wp\/v2\/product\/14444\/revisions\/14447"}],"wp:featuredmedia":[{"embeddable":true,"href":"https:\/\/candeebaar.ee\/et\/wp-json\/wp\/v2\/media\/14446"}],"wp:attachment":[{"href":"https:\/\/candeebaar.ee\/et\/wp-json\/wp\/v2\/media?parent=14444"}],"wp:term":[{"taxonomy":"product_brand","embeddable":true,"href":"https:\/\/candeebaar.ee\/et\/wp-json\/wp\/v2\/product_brand?post=14444"},{"taxonomy":"product_cat","embeddable":true,"href":"https:\/\/candeebaar.ee\/et\/wp-json\/wp\/v2\/product_cat?post=14444"},{"taxonomy":"product_tag","embeddable":true,"href":"https:\/\/candeebaar.ee\/et\/wp-json\/wp\/v2\/product_tag?post=14444"}],"curies":[{"name":"t\u00f6\u00f6leht","href":"https:\/\/api.w.org\/{rel}","templated":true}]}}