{"id":14451,"date":"2025-12-01T16:28:21","date_gmt":"2025-12-01T14:28:21","guid":{"rendered":"https:\/\/candeebaar.ee\/?post_type=product&#038;p=14451"},"modified":"2026-03-17T12:15:10","modified_gmt":"2026-03-17T10:15:10","slug":"puree-vaarika-menii-1kg-pakk","status":"publish","type":"product","link":"https:\/\/candeebaar.ee\/et\/pood\/puree-vaarika-menii-1kg-pakk\/","title":{"rendered":"Vaarikap\u00fcree 1000g Menii"},"content":{"rendered":"<p>Looduslikest marjadest valmistatud vaarikap\u00fcree. Ideaalne vahukommide, kreemide jms valmistamiseks.<br \/>\nKaal: 1000g<br \/>\nKoostis: Vaarika 90%, Suhkur 10%<br \/>\nEi sisalda maitselisandeid, v\u00e4rvaineid ega s\u00e4ilitusaineid.<br \/>\nHoida pimedas jahedas kohas.<br \/>\nK\u00f5lblikkusaeg: vaata pakendilt<br \/>\nTootja: Menii, Poola<\/p>\n<p>&nbsp;<\/p>\n<p>&nbsp;<\/p>\n<p>&nbsp;<\/p>","protected":false},"excerpt":{"rendered":"<p>Vaarikap\u00fcree naturaalsetest marjadest. Sobib ideaalselt vahukommide, kreemide jms valmistamiseks. Kaal: 1000g Koostis: Vaarikas 90%, Suhkur 10% Ei sisalda l\u00f5hna- ja maitseaineid, v\u00e4rvaineid ega s\u00e4ilitusaineid. Hoida pimedas ja jahedas kohas. S\u00e4ilivusaeg: vt pakendilt Tootja: Menii, Poola &nbsp; &nbsp; &nbsp;<\/p>","protected":false},"featured_media":14453,"template":"","meta":{"_seopress_robots_primary_cat":"none","_seopress_titles_title":"","_seopress_titles_desc":"","_seopress_robots_index":""},"product_brand":[],"product_cat":[183,15,99,106],"product_tag":[],"class_list":{"0":"post-14451","1":"product","2":"type-product","3":"status-publish","4":"has-post-thumbnail","6":"product_cat-valentines-day","7":"product_cat-all-products","8":"product_cat-fruit-purees","9":"product_cat-new","11":"first","12":"outofstock","13":"taxable","14":"shipping-taxable","15":"purchasable","16":"product-type-simple"},"_links":{"self":[{"href":"https:\/\/candeebaar.ee\/et\/wp-json\/wp\/v2\/product\/14451","targetHints":{"allow":["GET"]}}],"collection":[{"href":"https:\/\/candeebaar.ee\/et\/wp-json\/wp\/v2\/product"}],"about":[{"href":"https:\/\/candeebaar.ee\/et\/wp-json\/wp\/v2\/types\/product"}],"version-history":[{"count":1,"href":"https:\/\/candeebaar.ee\/et\/wp-json\/wp\/v2\/product\/14451\/revisions"}],"predecessor-version":[{"id":14454,"href":"https:\/\/candeebaar.ee\/et\/wp-json\/wp\/v2\/product\/14451\/revisions\/14454"}],"wp:featuredmedia":[{"embeddable":true,"href":"https:\/\/candeebaar.ee\/et\/wp-json\/wp\/v2\/media\/14453"}],"wp:attachment":[{"href":"https:\/\/candeebaar.ee\/et\/wp-json\/wp\/v2\/media?parent=14451"}],"wp:term":[{"taxonomy":"product_brand","embeddable":true,"href":"https:\/\/candeebaar.ee\/et\/wp-json\/wp\/v2\/product_brand?post=14451"},{"taxonomy":"product_cat","embeddable":true,"href":"https:\/\/candeebaar.ee\/et\/wp-json\/wp\/v2\/product_cat?post=14451"},{"taxonomy":"product_tag","embeddable":true,"href":"https:\/\/candeebaar.ee\/et\/wp-json\/wp\/v2\/product_tag?post=14451"}],"curies":[{"name":"t\u00f6\u00f6leht","href":"https:\/\/api.w.org\/{rel}","templated":true}]}}