{"id":14456,"date":"2025-12-01T16:38:09","date_gmt":"2025-12-01T14:38:09","guid":{"rendered":"https:\/\/candeebaar.ee\/?post_type=product&#038;p=14456"},"modified":"2026-04-19T10:01:54","modified_gmt":"2026-04-19T08:01:54","slug":"puuviljapasta-maasika-500g","status":"publish","type":"product","link":"https:\/\/candeebaar.ee\/et\/pood\/puuviljapasta-maasika-500g\/","title":{"rendered":"Puuviljapasta &quot;Maasikas&quot; 500g"},"content":{"rendered":"<p>Termostabiilne puuviljapasta maasikamaitsega 0,5 kg<br \/>\nToote kirjeldus<br \/>\nMaasikamaitseline puuviljav\u00f5ie on toode, mis on loodud professionaalseks kasutamiseks kondiitritoodetes ja k\u00fcpsetamisel, aga sobib suurep\u00e4raselt ka koduseks toiduvalmistamiseks. Sellel on meeldiv, intensiivne maasikaaroom ja \u00fchtlane, \u00fchtlane konsistents, mis h\u00f5lbustab pealekandmist ja \u00fchtlast jaotamist t\u00e4idistes. T\u00e4nu termostabiilsusele s\u00e4ilitab v\u00f5ie oma v\u00e4rvi, maitse ja tekstuuri ka p\u00e4rast k\u00fcpsetamist v\u00f5i k\u00fclmutamist, muutes selle ideaalseks koostisosaks p\u00e4rmitoodete, sarvesaiade, muretaigna, saiakeste, magustoitude ja muude magusate k\u00fcpsetiste jaoks.<\/p>\n<p>Kompositsioon<br \/>\nToode on valmistatud naturaalsest \u00f5unakastmest, mida on 94,5 g 100 g v\u00f5ide kohta. See vaht sisaldab j\u00e4lgi v\u00e4\u00e4veldioksiidi (\u2264 0,01%). Lisaks on koostisosadeks valge kristalne suhkur \u00f5rna magususe saavutamiseks, maasikamaitseaine puuvilja iseloomuliku maitse r\u00f5hutamiseks ja s\u00e4ilitusaine kaaliumsorbaat, mis tagab pikema s\u00e4ilivusaja. Toiduv\u00e4rv E110 annab v\u00f5idele atraktiivse v\u00e4rvuse.<\/p>\n<p>Taotlus<br \/>\nTermostabiilset maasikapastat soovitatakse peamiselt pagari- ja kondiitritoodetele, mis vajavad k\u00f5rget temperatuuritaluvust. See sobib ideaalselt kookide, sarvesaiade, saiakeste, s\u00f5\u00f5rikute, k\u00fcpsiste ja muffinite t\u00e4itmiseks. See toimib h\u00e4sti ka maitsekihina kookides, kihilistes kookides, magustoitudes, pannkookides ja vahvlites. Seda saab kasutada ka k\u00fclmutatud toodetes, s\u00e4ilitades oma t\u00e4ieliku maitse ja aroomi ka p\u00e4rast sulatamist.<\/p>\n<p>Ladustamine<br \/>\nHoida jahedas, kuivas ja otsese p\u00e4ikesevalguse eest kaitstult. P\u00e4rast avamist on soovitatav toodet k\u00fclmkapis hoida ja m\u00f5ne p\u00e4eva jooksul tarbida, et s\u00e4ilitada v\u00e4rskus, aroom ja t\u00e4ielik maitse.<\/p>\n<p>Toitev\u00e4\u00e4rtus<br \/>\nEnergiav\u00e4\u00e4rtus: 1131 kJ \/ 267 kcal 100 g toote kohta. Rasv: 0 g, k\u00fcllastunud rasvhapped: 0 g, s\u00fcsivesikud: 66 g, suhkrud: 61 g, t\u00e4rklis: 5,3 g, kiudained: 0,05 g, valgud: 0,6 g, sool: 0,01 g.<\/p>\n<p>Netokaal<br \/>\n0,5 kg<\/p>\n<p>Tootja: Rumeenia<\/p>\n<p>&nbsp;<\/p>\n<p>&nbsp;<\/p>\n<p>&nbsp;<\/p>","protected":false},"excerpt":{"rendered":"<p>Termostabiilne puuviljapasta maasikamaitsega 0,5 kg Tootekirjeldus Maasikamaitseline puuviljam\u00e4\u00e4re on m\u00f5eldud professionaalseks kasutamiseks kondiitritoodetes ja k\u00fcpsetamisel, aga ka ideaalselt koduseks toiduvalmistamiseks. Sellel on meeldiv, intensiivne maasika aroom ja \u00fchtlane, sile konsistents, mis h\u00f5lbustab pealekandmist ja \u00fchtlast jaotamist t\u00e4idistes. T\u00e4nu termostabiilsusele [\u2026]<\/p>","protected":false},"featured_media":14458,"template":"","meta":{"_seopress_robots_primary_cat":"none","_seopress_titles_title":"","_seopress_titles_desc":"","_seopress_robots_index":""},"product_brand":[],"product_cat":[15,99],"product_tag":[],"class_list":{"0":"post-14456","1":"product","2":"type-product","3":"status-publish","4":"has-post-thumbnail","6":"product_cat-all-products","7":"product_cat-fruit-purees","9":"first","10":"instock","11":"taxable","12":"shipping-taxable","13":"purchasable","14":"product-type-simple"},"_links":{"self":[{"href":"https:\/\/candeebaar.ee\/et\/wp-json\/wp\/v2\/product\/14456","targetHints":{"allow":["GET"]}}],"collection":[{"href":"https:\/\/candeebaar.ee\/et\/wp-json\/wp\/v2\/product"}],"about":[{"href":"https:\/\/candeebaar.ee\/et\/wp-json\/wp\/v2\/types\/product"}],"version-history":[{"count":1,"href":"https:\/\/candeebaar.ee\/et\/wp-json\/wp\/v2\/product\/14456\/revisions"}],"predecessor-version":[{"id":14459,"href":"https:\/\/candeebaar.ee\/et\/wp-json\/wp\/v2\/product\/14456\/revisions\/14459"}],"wp:featuredmedia":[{"embeddable":true,"href":"https:\/\/candeebaar.ee\/et\/wp-json\/wp\/v2\/media\/14458"}],"wp:attachment":[{"href":"https:\/\/candeebaar.ee\/et\/wp-json\/wp\/v2\/media?parent=14456"}],"wp:term":[{"taxonomy":"product_brand","embeddable":true,"href":"https:\/\/candeebaar.ee\/et\/wp-json\/wp\/v2\/product_brand?post=14456"},{"taxonomy":"product_cat","embeddable":true,"href":"https:\/\/candeebaar.ee\/et\/wp-json\/wp\/v2\/product_cat?post=14456"},{"taxonomy":"product_tag","embeddable":true,"href":"https:\/\/candeebaar.ee\/et\/wp-json\/wp\/v2\/product_tag?post=14456"}],"curies":[{"name":"t\u00f6\u00f6leht","href":"https:\/\/api.w.org\/{rel}","templated":true}]}}