{"id":14475,"date":"2025-12-01T17:50:21","date_gmt":"2025-12-01T15:50:21","guid":{"rendered":"https:\/\/candeebaar.ee\/?post_type=product&#038;p=14475"},"modified":"2026-04-07T11:11:17","modified_gmt":"2026-04-07T09:11:17","slug":"kuninglik-jaatumine-500g-pulber","status":"publish","type":"product","link":"https:\/\/candeebaar.ee\/et\/pood\/kuninglik-jaatumine-500g-pulber\/","title":{"rendered":"Kuninglik j\u00e4\u00e4tumine 500g (pulber)"},"content":{"rendered":"<div>Koostisosad: tuhksuhkur, tuhksuhkur <strong>muna<\/strong> valged (albumiin), sidrunhape.<br \/>\nGlasuuri juhised 100 g toote kohta: Lisa umbes 15\u201320 ml vett (alguses v\u00e4hem, seej\u00e4rel vajadusel paar tilka rohkem). Vahusta umbes 5 minutit, kuni segu on sile, l\u00e4ikiv ja tugev. V\u00f5id lisada geeliv\u00e4rvi v\u00f5i gl\u00fctseriini (kui soovid kontuuride jaoks elastsemat glasuuri). Juhised 1 kg kuiva segu kohta: 150\u2013200 ml vett (s\u00f5ltuvalt soovitud tihedusest).<br \/>\nLihtsustatud teisendus: paks (kontuur): 150 ml keskmine (t\u00e4idis): 170-180 ml vedel (glasuur): 190-200 ml P\u00e4rast glasuurimist laske kuivada.<\/div>\n<div dir=\"auto\"><\/div>\n<div dir=\"auto\">P\u00e4ritoluriik: Poola<\/div>\n<div dir=\"auto\"><\/div>\n<div dir=\"auto\">S\u00e4ilitamistingimused: Hoida tihedalt suletud anumas.<\/div>\n<div dir=\"auto\"><\/div>\n<div dir=\"auto\">Parim enne: 14.07.2027<\/div>","protected":false},"excerpt":{"rendered":"<p>Koostisosad: tuhksuhkur, munavalgepulber (albumiin), sidrunhape. Glasuuri juhised 100 g toote kohta: Lisa umbes 15\u201320 ml vett (alguses v\u00e4hem, seej\u00e4rel vajadusel paar tilka rohkem). Vahusta umbes 5 minutit, kuni segu on sile, l\u00e4ikiv ja tugev. V\u00f5id lisada geelv\u00e4rvi v\u00f5i gl\u00fctseriini (kui soovid painduvamat glasuuri [\u2026]).<\/p>","protected":false},"featured_media":15742,"template":"","meta":{"_seopress_robots_primary_cat":"none","_seopress_titles_title":"","_seopress_titles_desc":"","_seopress_robots_index":""},"product_brand":[],"product_cat":[182,181,178,78,15,102,106],"product_tag":[],"class_list":{"0":"post-14475","1":"product","2":"type-product","3":"status-publish","4":"has-post-thumbnail","6":"product_cat-christmas","7":"product_cat-christmas-new-year","8":"product_cat-easter-products","9":"product_cat-deal-of-the-day","10":"product_cat-all-products","11":"product_cat-sugars","12":"product_cat-new","14":"first","15":"instock","16":"taxable","17":"shipping-taxable","18":"purchasable","19":"product-type-simple"},"_links":{"self":[{"href":"https:\/\/candeebaar.ee\/et\/wp-json\/wp\/v2\/product\/14475","targetHints":{"allow":["GET"]}}],"collection":[{"href":"https:\/\/candeebaar.ee\/et\/wp-json\/wp\/v2\/product"}],"about":[{"href":"https:\/\/candeebaar.ee\/et\/wp-json\/wp\/v2\/types\/product"}],"version-history":[{"count":2,"href":"https:\/\/candeebaar.ee\/et\/wp-json\/wp\/v2\/product\/14475\/revisions"}],"predecessor-version":[{"id":14481,"href":"https:\/\/candeebaar.ee\/et\/wp-json\/wp\/v2\/product\/14475\/revisions\/14481"}],"wp:featuredmedia":[{"embeddable":true,"href":"https:\/\/candeebaar.ee\/et\/wp-json\/wp\/v2\/media\/15742"}],"wp:attachment":[{"href":"https:\/\/candeebaar.ee\/et\/wp-json\/wp\/v2\/media?parent=14475"}],"wp:term":[{"taxonomy":"product_brand","embeddable":true,"href":"https:\/\/candeebaar.ee\/et\/wp-json\/wp\/v2\/product_brand?post=14475"},{"taxonomy":"product_cat","embeddable":true,"href":"https:\/\/candeebaar.ee\/et\/wp-json\/wp\/v2\/product_cat?post=14475"},{"taxonomy":"product_tag","embeddable":true,"href":"https:\/\/candeebaar.ee\/et\/wp-json\/wp\/v2\/product_tag?post=14475"}],"curies":[{"name":"t\u00f6\u00f6leht","href":"https:\/\/api.w.org\/{rel}","templated":true}]}}