{"id":14520,"date":"2025-12-03T10:30:34","date_gmt":"2025-12-03T08:30:34","guid":{"rendered":"https:\/\/candeebaar.ee\/?post_type=product&#038;p=14520"},"modified":"2026-04-10T21:05:30","modified_gmt":"2026-04-10T19:05:30","slug":"metsamarjapuree-1000g-menii","status":"publish","type":"product","link":"https:\/\/candeebaar.ee\/et\/pood\/metsamarjapuree-1000g-menii\/","title":{"rendered":"Metsamarjap\u00fcree 1000g Menii"},"content":{"rendered":"<p>Looduslikest marjadest valmistatud marjap\u00fcree. Sobib ideaalselt vahukommide, kreemide jms valmistamiseks.<br \/>\nKaal: 1000g<br \/>\nKoostis: Marjad (haskap mari, musts\u00f5star, murakas, vaarikas, maasikas, mustikas, mustikas) 90%, suhkur 10%<br \/>\nEi sisalda maitselisandeid, v\u00e4rvaineid ega s\u00e4ilitusaineid.<br \/>\nHoida pimedas jahedas kohas.<br \/>\nK\u00f5lblikkusaeg: vaata pakendilt<br \/>\nTootja: Menii, Poola<\/p>\n<p>&nbsp;<\/p>\n<p>&nbsp;<\/p>\n<p>&nbsp;<\/p>","protected":false},"excerpt":{"rendered":"<p>Looduslikest marjadest valmistatud marjap\u00fcree. Sobib ideaalselt vahukommide, vahukommide, kreemide jms valmistamiseks. Kaal: 1000 g Koostis: Marjad (haskapsa mari, musts\u00f5star, murakas, vaarikas, maasikas, mustikas, mustikas) 90%, suhkur 10% Ei sisalda l\u00f5hna- ja maitseaineid, v\u00e4rvaineid ega s\u00e4ilitusaineid. Hoida pimedas ja jahedas kohas. S\u00e4ilivusaeg: vt pakendilt Tootja: Menii, Poola &nbsp; &nbsp; &nbsp;<\/p>","protected":false},"featured_media":14427,"template":"","meta":{"_seopress_robots_primary_cat":"none","_seopress_titles_title":"","_seopress_titles_desc":"","_seopress_robots_index":""},"product_brand":[],"product_cat":[183,15,99,106],"product_tag":[],"class_list":{"0":"post-14520","1":"product","2":"type-product","3":"status-publish","4":"has-post-thumbnail","6":"product_cat-valentines-day","7":"product_cat-all-products","8":"product_cat-fruit-purees","9":"product_cat-new","11":"first","12":"outofstock","13":"taxable","14":"shipping-taxable","15":"purchasable","16":"product-type-simple"},"_links":{"self":[{"href":"https:\/\/candeebaar.ee\/et\/wp-json\/wp\/v2\/product\/14520","targetHints":{"allow":["GET"]}}],"collection":[{"href":"https:\/\/candeebaar.ee\/et\/wp-json\/wp\/v2\/product"}],"about":[{"href":"https:\/\/candeebaar.ee\/et\/wp-json\/wp\/v2\/types\/product"}],"version-history":[{"count":1,"href":"https:\/\/candeebaar.ee\/et\/wp-json\/wp\/v2\/product\/14520\/revisions"}],"predecessor-version":[{"id":14521,"href":"https:\/\/candeebaar.ee\/et\/wp-json\/wp\/v2\/product\/14520\/revisions\/14521"}],"wp:featuredmedia":[{"embeddable":true,"href":"https:\/\/candeebaar.ee\/et\/wp-json\/wp\/v2\/media\/14427"}],"wp:attachment":[{"href":"https:\/\/candeebaar.ee\/et\/wp-json\/wp\/v2\/media?parent=14520"}],"wp:term":[{"taxonomy":"product_brand","embeddable":true,"href":"https:\/\/candeebaar.ee\/et\/wp-json\/wp\/v2\/product_brand?post=14520"},{"taxonomy":"product_cat","embeddable":true,"href":"https:\/\/candeebaar.ee\/et\/wp-json\/wp\/v2\/product_cat?post=14520"},{"taxonomy":"product_tag","embeddable":true,"href":"https:\/\/candeebaar.ee\/et\/wp-json\/wp\/v2\/product_tag?post=14520"}],"curies":[{"name":"t\u00f6\u00f6leht","href":"https:\/\/api.w.org\/{rel}","templated":true}]}}