{"id":14597,"date":"2025-12-08T09:52:01","date_gmt":"2025-12-08T07:52:01","guid":{"rendered":"https:\/\/candeebaar.ee\/?post_type=product&#038;p=14597"},"modified":"2026-04-06T19:00:52","modified_gmt":"2026-04-06T17:00:52","slug":"lumehelbed","status":"publish","type":"product","link":"https:\/\/candeebaar.ee\/et\/pood\/lumehelbed\/","title":{"rendered":"Piserdused \u201cLumehelbed\u201d 45g"},"content":{"rendered":"<p>Magustoidu kaunistamiseks piserdused.<\/p>\n<p><strong>Koostisosad<\/strong>:<\/p>\n<p>Valge suhkur, riisijahu, rafineeritud deodoreeritud palmi\u00f5li, maisit\u00e4rklis, melass; paksendaja: karboks\u00fcmet\u00fc\u00fcltselluloos (CMC) (E466); glasuuriained: kummiaraabik (E414), talk (E553b); l\u00f5hna- ja maitseained: vanill.<br \/>\nV\u00f5ib sisaldada j\u00e4lgi <strong>munad, piim ja p\u00e4hklid<\/strong>.<\/p>\n<p><strong>Toitumisalased faktid:<\/strong><\/p>\n<table width=\"510\">\n<tbody>\n<tr>\n<td colspan=\"2\" width=\"510\">100 g sisaldab keskmist v\u00e4\u00e4rtust:<\/td>\n<\/tr>\n<tr>\n<td width=\"200\">Energiav\u00e4\u00e4rtus<\/td>\n<td width=\"310\">1544 kJ \/ 369 kcal<\/td>\n<\/tr>\n<tr>\n<td width=\"200\">Valgud<\/td>\n<td width=\"310\">1,7 g<\/td>\n<\/tr>\n<tr>\n<td width=\"200\">Rasvad<\/p>\n<p>\u2013 k\u00fcllastunud<\/td>\n<td width=\"310\">3,8 g<\/p>\n<p>\u2013 1,6 g<\/td>\n<\/tr>\n<tr>\n<td width=\"200\">S\u00fcsivesikud kokku \u2013 suhkur<\/td>\n<td width=\"310\">82\u201367 g<\/td>\n<\/tr>\n<tr>\n<td width=\"200\">soola<\/td>\n<td width=\"310\">0 g<\/td>\n<\/tr>\n<\/tbody>\n<\/table>\n<p style=\"font-weight: 400;\">Ei sobi alla 3-aastastele lastele.<br \/>\nHoida suletuna toatemperatuuril ja normaalsel (40-75%) niiskusel.<br \/>\nTootja: Saksamaa<br \/>\nS\u00e4ilivusaeg: jaanuar 2027<\/p>","protected":false},"excerpt":{"rendered":"<p>Magustoidu kaunistuseks m\u00f5eldud puisted. Koostisosad: valge suhkur, riisijahu, rafineeritud deodoreeritud palmi\u00f5li, maisit\u00e4rklis, melass; paksendaja: karboks\u00fcmet\u00fc\u00fcltselluloos (CMC) (E466); glasuuriained: kummiaraabik (E414), talk (E553b); l\u00f5hna- ja maitseained: vanill. V\u00f5ib sisaldada muna-, piima- ja p\u00e4hklij\u00e4lgi. Toitumisalane teave: 100 g sisaldab keskmiselt: energiat 1544 kJ \/ 369 kcal, valke 1,7 g, rasvu \u2013 k\u00fcllastunud [\u2026]<\/p>","protected":false},"featured_media":14598,"template":"","meta":{"_seopress_robots_primary_cat":"none","_seopress_titles_title":"","_seopress_titles_desc":"","_seopress_robots_index":""},"product_brand":[],"product_cat":[182,181,15,104,106],"product_tag":[],"class_list":{"0":"post-14597","1":"product","2":"type-product","3":"status-publish","4":"has-post-thumbnail","6":"product_cat-christmas","7":"product_cat-christmas-new-year","8":"product_cat-all-products","9":"product_cat-sprinkles","10":"product_cat-new","12":"first","13":"instock","14":"taxable","15":"shipping-taxable","16":"purchasable","17":"product-type-simple"},"_links":{"self":[{"href":"https:\/\/candeebaar.ee\/et\/wp-json\/wp\/v2\/product\/14597","targetHints":{"allow":["GET"]}}],"collection":[{"href":"https:\/\/candeebaar.ee\/et\/wp-json\/wp\/v2\/product"}],"about":[{"href":"https:\/\/candeebaar.ee\/et\/wp-json\/wp\/v2\/types\/product"}],"version-history":[{"count":1,"href":"https:\/\/candeebaar.ee\/et\/wp-json\/wp\/v2\/product\/14597\/revisions"}],"predecessor-version":[{"id":14599,"href":"https:\/\/candeebaar.ee\/et\/wp-json\/wp\/v2\/product\/14597\/revisions\/14599"}],"wp:featuredmedia":[{"embeddable":true,"href":"https:\/\/candeebaar.ee\/et\/wp-json\/wp\/v2\/media\/14598"}],"wp:attachment":[{"href":"https:\/\/candeebaar.ee\/et\/wp-json\/wp\/v2\/media?parent=14597"}],"wp:term":[{"taxonomy":"product_brand","embeddable":true,"href":"https:\/\/candeebaar.ee\/et\/wp-json\/wp\/v2\/product_brand?post=14597"},{"taxonomy":"product_cat","embeddable":true,"href":"https:\/\/candeebaar.ee\/et\/wp-json\/wp\/v2\/product_cat?post=14597"},{"taxonomy":"product_tag","embeddable":true,"href":"https:\/\/candeebaar.ee\/et\/wp-json\/wp\/v2\/product_tag?post=14597"}],"curies":[{"name":"t\u00f6\u00f6leht","href":"https:\/\/api.w.org\/{rel}","templated":true}]}}