{"id":14600,"date":"2025-12-08T10:11:14","date_gmt":"2025-12-08T08:11:14","guid":{"rendered":"https:\/\/candeebaar.ee\/?post_type=product&#038;p=14600"},"modified":"2026-04-03T14:08:02","modified_gmt":"2026-04-03T12:08:02","slug":"punased-parlid-puistangud-45g","status":"publish","type":"product","link":"https:\/\/candeebaar.ee\/et\/pood\/punased-parlid-puistangud-45g\/","title":{"rendered":"Piserdused \u201cPunased p\u00e4rlid\u201d 45g (pehmed)"},"content":{"rendered":"<p>Puistad magustoitude kaunistamiseks. P\u00e4rlite suurus on juhuslikult vahemikus 1 kuni 10 mm.<\/p>\n<p><strong>Koostisosad<\/strong>:<\/p>\n<p>Paisutatud riis (10%), suhkur, tuhksuhkur, maisit\u00e4rklis, toiduv\u00e4rv: Ponceau 4R (E124); glasuuraine: karnaubavaha (E903).<\/p>\n<p>Sisaldab Ponzo 4R (E124) ja v\u00f5ib seet\u00f5ttu kahjustada laste aktiivsust ja t\u00e4helepanu.<\/p>\n<p>V\u00f5ib sisaldada j\u00e4lgi <strong>munad, piim ja p\u00e4hklid<\/strong>.<\/p>\n<p><strong>Toitumisalased faktid:<\/strong><\/p>\n<table width=\"510\">\n<tbody>\n<tr>\n<td colspan=\"2\" width=\"510\">100 g sisaldab keskmist v\u00e4\u00e4rtust:<\/td>\n<\/tr>\n<tr>\n<td width=\"200\">Kalorite v\u00e4\u00e4rtus<\/td>\n<td width=\"310\">1660 kJ \/ 392 kcal<\/td>\n<\/tr>\n<tr>\n<td width=\"200\">Valgud<\/td>\n<td width=\"310\">0,4 g<\/td>\n<\/tr>\n<tr>\n<td width=\"200\">Rasvad<\/p>\n<p>\u2013 k\u00fcllastunud<\/td>\n<td width=\"310\">0,1 g<\/p>\n<p>- 0 g<\/td>\n<\/tr>\n<tr>\n<td width=\"200\">S\u00fcsivesikud kokku \u2013 suhkur<\/td>\n<td width=\"310\">95,9-60 g<\/td>\n<\/tr>\n<tr>\n<td width=\"200\">soola<\/td>\n<td width=\"310\">0,00 g<\/td>\n<\/tr>\n<\/tbody>\n<\/table>\n<p style=\"font-weight: 400;\">Ei sobi alla 3-aastastele lastele. Enamiku elementide sees on pehme riisip\u00f5hi, samas kui m\u00f5ned v\u00f5ivad olla k\u00f5vad.<br \/>\nHoida suletuna toatemperatuuril ja normaalsel (40-75%) niiskusel.<br \/>\nTootja: Saksamaa<br \/>\nS\u00e4ilivusaeg: m\u00e4rts 2027<\/p>","protected":false},"excerpt":{"rendered":"<p>Magustoitude kaunistamiseks m\u00f5eldud piserdused. P\u00e4rlite suurus on juhuslik, 1 kuni 10 mm. Koostisosad: paisutatud riis (10%), suhkur, tuhksuhkur, maisit\u00e4rklis, toiduv\u00e4rv: Ponceau 4R (E124); glasuuraine: karnaubavaha (E903). Sisaldab Ponzo 4R (E124) ja v\u00f5ib seet\u00f5ttu kahjustada laste aktiivsust ja t\u00e4helepanu. V\u00f5ib sisaldada munade, piima ja p\u00e4hklite j\u00e4lgi. Toitumisalane teave: 100 g [\u2026]<\/p>","protected":false},"featured_media":11992,"template":"","meta":{"_seopress_robots_primary_cat":"none","_seopress_titles_title":"","_seopress_titles_desc":"","_seopress_robots_index":""},"product_brand":[],"product_cat":[182,181,15,104,106],"product_tag":[],"class_list":{"0":"post-14600","1":"product","2":"type-product","3":"status-publish","4":"has-post-thumbnail","6":"product_cat-christmas","7":"product_cat-christmas-new-year","8":"product_cat-all-products","9":"product_cat-sprinkles","10":"product_cat-new","12":"first","13":"instock","14":"taxable","15":"shipping-taxable","16":"purchasable","17":"product-type-simple"},"_links":{"self":[{"href":"https:\/\/candeebaar.ee\/et\/wp-json\/wp\/v2\/product\/14600","targetHints":{"allow":["GET"]}}],"collection":[{"href":"https:\/\/candeebaar.ee\/et\/wp-json\/wp\/v2\/product"}],"about":[{"href":"https:\/\/candeebaar.ee\/et\/wp-json\/wp\/v2\/types\/product"}],"version-history":[{"count":3,"href":"https:\/\/candeebaar.ee\/et\/wp-json\/wp\/v2\/product\/14600\/revisions"}],"predecessor-version":[{"id":15177,"href":"https:\/\/candeebaar.ee\/et\/wp-json\/wp\/v2\/product\/14600\/revisions\/15177"}],"wp:featuredmedia":[{"embeddable":true,"href":"https:\/\/candeebaar.ee\/et\/wp-json\/wp\/v2\/media\/11992"}],"wp:attachment":[{"href":"https:\/\/candeebaar.ee\/et\/wp-json\/wp\/v2\/media?parent=14600"}],"wp:term":[{"taxonomy":"product_brand","embeddable":true,"href":"https:\/\/candeebaar.ee\/et\/wp-json\/wp\/v2\/product_brand?post=14600"},{"taxonomy":"product_cat","embeddable":true,"href":"https:\/\/candeebaar.ee\/et\/wp-json\/wp\/v2\/product_cat?post=14600"},{"taxonomy":"product_tag","embeddable":true,"href":"https:\/\/candeebaar.ee\/et\/wp-json\/wp\/v2\/product_tag?post=14600"}],"curies":[{"name":"t\u00f6\u00f6leht","href":"https:\/\/api.w.org\/{rel}","templated":true}]}}