{"id":14606,"date":"2025-12-08T10:27:15","date_gmt":"2025-12-08T08:27:15","guid":{"rendered":"https:\/\/candeebaar.ee\/?post_type=product&#038;p=14606"},"modified":"2026-03-24T16:50:58","modified_gmt":"2026-03-24T14:50:58","slug":"sprinkles-hobedased-valged-parlid-45g","status":"publish","type":"product","link":"https:\/\/candeebaar.ee\/et\/pood\/sprinkles-hobedased-valged-parlid-45g\/","title":{"rendered":"Piserdused \u201cH\u00f5bedased ja valged p\u00e4rlid\u201d 45g (pehmed)"},"content":{"rendered":"<p>Magustoitude kaunistamiseks m\u00f5eldud piserdused. P\u00e4rlite suurus on umbes 8\u201310 mm.<\/p>\n<p><strong>Koostisosad<\/strong>:<\/p>\n<p>Paisutatud riis, kate \u2013 siirup, t\u00e4rklis, tuhksuhkur, E170, E174, glasuuraine<\/p>\n<p>V\u00f5ib sisaldada j\u00e4lgi <strong>munad, piim ja p\u00e4hklid<\/strong>.<\/p>\n<p><strong>Toitumisalased faktid:<\/strong><\/p>\n<table width=\"510\">\n<tbody>\n<tr>\n<td colspan=\"2\" width=\"510\">100 g sisaldab keskmist v\u00e4\u00e4rtust:<\/td>\n<\/tr>\n<tr>\n<td width=\"200\">Kalorite v\u00e4\u00e4rtus<\/td>\n<td width=\"310\">1545 kJ \/ 369 kcal<\/td>\n<\/tr>\n<tr>\n<td width=\"200\">Valgud<\/td>\n<td width=\"310\">3,4 g<\/td>\n<\/tr>\n<tr>\n<td width=\"200\">Rasvad<\/p>\n<p>\u2013 k\u00fcllastunud<\/td>\n<td width=\"310\">0,3 g<\/p>\n<p>\u2013 0,1 g<\/td>\n<\/tr>\n<tr>\n<td width=\"200\">S\u00fcsivesikud kokku \u2013 suhkur<\/td>\n<td width=\"310\">91 g\u201372,4 g<\/td>\n<\/tr>\n<tr>\n<td width=\"200\">soola<\/td>\n<td width=\"310\">0,00 g<\/td>\n<\/tr>\n<\/tbody>\n<\/table>\n<p style=\"font-weight: 400;\">Ei sobi alla 3-aastastele lastele. Enamiku elementide sees on pehme riisip\u00f5hi, samas kui m\u00f5ned v\u00f5ivad olla k\u00f5vad.<br \/>\nHoida suletuna toatemperatuuril ja normaalsel (40-75%) niiskusel.<br \/>\nTootja: Saksamaa<br \/>\nS\u00e4ilivusaeg: detsember 2026<\/p>","protected":false},"excerpt":{"rendered":"<p>Magustoitude kaunistamiseks m\u00f5eldud puisted. P\u00e4rlite suurus on umbes 8\u201310 mm. Koostisosad: paisutatud riis, kate \u2013 siirup, t\u00e4rklis, tuhksuhkur, E170, E174, glasuuraine. V\u00f5ib sisaldada muna, piima ja p\u00e4hklite j\u00e4lgi. Toitumisalane teave: 100 g sisaldab keskmiselt: Kalorsus 1545 kJ \/ 369 kcal Valgud 3,4 g Rasvad \u2013 k\u00fcllastunud 0,3 g \u2013 0,1 g Kokku [\u2026]<\/p>","protected":false},"featured_media":14607,"template":"","meta":{"_seopress_robots_primary_cat":"none","_seopress_titles_title":"","_seopress_titles_desc":"","_seopress_robots_index":""},"product_brand":[],"product_cat":[182,181,180,15,104,106],"product_tag":[],"class_list":{"0":"post-14606","1":"product","2":"type-product","3":"status-publish","4":"has-post-thumbnail","6":"product_cat-christmas","7":"product_cat-christmas-new-year","8":"product_cat-wedding-products","9":"product_cat-all-products","10":"product_cat-sprinkles","11":"product_cat-new","13":"first","14":"outofstock","15":"taxable","16":"shipping-taxable","17":"purchasable","18":"product-type-simple"},"_links":{"self":[{"href":"https:\/\/candeebaar.ee\/et\/wp-json\/wp\/v2\/product\/14606","targetHints":{"allow":["GET"]}}],"collection":[{"href":"https:\/\/candeebaar.ee\/et\/wp-json\/wp\/v2\/product"}],"about":[{"href":"https:\/\/candeebaar.ee\/et\/wp-json\/wp\/v2\/types\/product"}],"version-history":[{"count":2,"href":"https:\/\/candeebaar.ee\/et\/wp-json\/wp\/v2\/product\/14606\/revisions"}],"predecessor-version":[{"id":14629,"href":"https:\/\/candeebaar.ee\/et\/wp-json\/wp\/v2\/product\/14606\/revisions\/14629"}],"wp:featuredmedia":[{"embeddable":true,"href":"https:\/\/candeebaar.ee\/et\/wp-json\/wp\/v2\/media\/14607"}],"wp:attachment":[{"href":"https:\/\/candeebaar.ee\/et\/wp-json\/wp\/v2\/media?parent=14606"}],"wp:term":[{"taxonomy":"product_brand","embeddable":true,"href":"https:\/\/candeebaar.ee\/et\/wp-json\/wp\/v2\/product_brand?post=14606"},{"taxonomy":"product_cat","embeddable":true,"href":"https:\/\/candeebaar.ee\/et\/wp-json\/wp\/v2\/product_cat?post=14606"},{"taxonomy":"product_tag","embeddable":true,"href":"https:\/\/candeebaar.ee\/et\/wp-json\/wp\/v2\/product_tag?post=14606"}],"curies":[{"name":"t\u00f6\u00f6leht","href":"https:\/\/api.w.org\/{rel}","templated":true}]}}