{"id":14616,"date":"2025-12-08T10:52:15","date_gmt":"2025-12-08T08:52:15","guid":{"rendered":"https:\/\/candeebaar.ee\/?post_type=product&#038;p=14616"},"modified":"2026-04-08T13:37:08","modified_gmt":"2026-04-08T11:37:08","slug":"roosad-parlid-sprinkles-2-10mm-45g","status":"publish","type":"product","link":"https:\/\/candeebaar.ee\/et\/pood\/roosad-parlid-sprinkles-2-10mm-45g\/","title":{"rendered":"Piserdused \u201cRoosad p\u00e4rlid 2-10mm\u201d 45g (pehmed)"},"content":{"rendered":"<p>Puistad magustoitude kaunistamiseks. P\u00e4rlite suurus on juhuslikult vahemikus 2 kuni 10 mm.<\/p>\n<p><strong>Koostisosad<\/strong>:<\/p>\n<p>paisutatud riis, tuhksuhkur, maisit\u00e4rklis, toiduv\u00e4rv: Ponzo 4R (E124), glasuuraine: Capol (\u0161ellak, taime\u00f5li, etanool).<\/p>\n<p>Sisaldab Ponzo 4R (E124) ja v\u00f5ib seet\u00f5ttu kahjustada laste aktiivsust ja t\u00e4helepanu.<\/p>\n<p>V\u00f5ib sisaldada j\u00e4lgi <strong>munad, piim ja p\u00e4hklid<\/strong>.<\/p>\n<p><strong>Toitumisalased faktid:<\/strong><\/p>\n<table style=\"font-weight: 400;\">\n<tbody style=\"font-style: inherit; font-weight: inherit;\">\n<tr style=\"font-style: inherit; font-weight: inherit;\">\n<td style=\"font-style: inherit; font-weight: inherit;\" colspan=\"2\" width=\"357\">\n<p style=\"font-style: inherit; font-weight: inherit;\"><span style=\"font-style: inherit; font-weight: inherit;\"><b><span style=\"font-style: inherit;\">100 g sisaldab keskmist v\u00e4\u00e4rtust:<\/span><\/b><\/span><\/p>\n<\/td>\n<\/tr>\n<tr style=\"font-style: inherit; font-weight: inherit;\">\n<td style=\"font-style: inherit; font-weight: inherit;\" width=\"215\">\n<p style=\"font-style: inherit; font-weight: inherit;\"><span style=\"font-style: inherit; font-weight: inherit;\">Kalorsusv\u00e4\u00e4rtus<\/span><\/p>\n<\/td>\n<td style=\"font-style: inherit; font-weight: inherit;\" width=\"142\">\n<p style=\"font-style: inherit; font-weight: inherit;\"><span style=\"font-style: inherit; font-weight: inherit;\">1627<\/span><span style=\"font-style: inherit; font-weight: inherit;\">kJ\/3<\/span><span style=\"font-style: inherit; font-weight: inherit;\">89<\/span><span style=\"font-style: inherit; font-weight: inherit;\">kcal<\/span><\/p>\n<\/td>\n<\/tr>\n<tr style=\"font-style: inherit; font-weight: inherit;\">\n<td style=\"font-style: inherit; font-weight: inherit;\" width=\"215\">\n<p style=\"font-style: inherit; font-weight: inherit;\"><span style=\"font-style: inherit; font-weight: inherit;\">S\u00fcsivesikute koguarv<\/span><\/p>\n<\/td>\n<td style=\"font-style: inherit; font-weight: inherit;\" width=\"142\">\n<p style=\"font-style: inherit; font-weight: inherit;\"><span style=\"font-style: inherit; font-weight: inherit;\">92.6<\/span><span style=\"font-style: inherit; font-weight: inherit;\">g<\/span><\/p>\n<\/td>\n<\/tr>\n<tr style=\"font-style: inherit; font-weight: inherit;\">\n<td style=\"font-style: inherit; font-weight: inherit;\" width=\"215\">\n<p style=\"font-style: inherit; font-weight: inherit;\"><span style=\"font-style: inherit; font-weight: inherit;\">Suhkur<\/span><\/p>\n<\/td>\n<td style=\"font-style: inherit; font-weight: inherit;\" width=\"142\">\n<p style=\"font-style: inherit; font-weight: inherit;\"><span style=\"font-style: inherit; font-weight: inherit;\">52.1<\/span><span style=\"font-style: inherit; font-weight: inherit;\">g<\/span><\/p>\n<\/td>\n<\/tr>\n<tr style=\"font-style: inherit; font-weight: inherit;\">\n<td style=\"font-style: inherit; font-weight: inherit;\" width=\"215\">\n<p style=\"font-style: inherit; font-weight: inherit;\"><span style=\"font-style: inherit; font-weight: inherit;\">Rasv<\/span><br \/>\n<span style=\"font-style: inherit; font-weight: inherit;\">\u2013 K\u00fcllastunud rasv<\/span><\/p>\n<\/td>\n<td style=\"font-style: inherit; font-weight: inherit;\" width=\"142\">\n<p style=\"font-style: inherit; font-weight: inherit;\"><span style=\"font-style: inherit; font-weight: inherit;\">0,63 g<\/span><\/p>\n<p style=\"font-style: inherit; font-weight: inherit;\"><span style=\"font-style: inherit; font-weight: inherit;\">0,0 g<\/span><\/p>\n<\/td>\n<\/tr>\n<tr style=\"font-style: inherit; font-weight: inherit;\">\n<td style=\"font-style: inherit; font-weight: inherit;\" width=\"215\">\n<p style=\"font-style: inherit; font-weight: inherit;\"><span style=\"font-style: inherit; font-weight: inherit;\">Valk<\/span><\/p>\n<\/td>\n<td style=\"font-style: inherit; font-weight: inherit;\" width=\"142\">\n<p style=\"font-style: inherit; font-weight: inherit;\"><span style=\"font-style: inherit; font-weight: inherit;\">1,9 g<\/span><\/p>\n<\/td>\n<\/tr>\n<tr style=\"font-style: inherit; font-weight: inherit;\">\n<td style=\"font-style: inherit; font-weight: inherit;\" width=\"215\">\n<p style=\"font-style: inherit; font-weight: inherit;\"><span style=\"font-style: inherit; font-weight: inherit;\">Naatrium<\/span><\/p>\n<\/td>\n<td style=\"font-style: inherit; font-weight: inherit;\" width=\"142\">\n<p style=\"font-style: inherit; font-weight: inherit;\"><span style=\"font-style: inherit; font-weight: inherit;\">0 g<\/span><\/p>\n<\/td>\n<\/tr>\n<\/tbody>\n<\/table>\n<p style=\"font-weight: 400;\">Ei sobi alla 3-aastastele lastele. Enamiku elementide sees on pehme riisip\u00f5hi, samas kui m\u00f5ned v\u00f5ivad olla k\u00f5vad.<br \/>\nHoida suletuna toatemperatuuril ja normaalsel (40-75%) niiskusel.<br \/>\nTootja: Saksamaa<br \/>\nS\u00e4ilivusaeg: detsember 2026<\/p>","protected":false},"excerpt":{"rendered":"<p>Magustoitude kaunistamiseks m\u00f5eldud puisted. P\u00e4rlid on juhusliku suurusega 2\u201310 mm. Koostisosad: paisutatud riis, tuhksuhkur, maisit\u00e4rklis, toiduv\u00e4rv: Ponzo 4R (E124), glasuuraine: Capol (\u0161ellak, taime\u00f5li, etanool). Sisaldab Ponzo 4R (E124) ja v\u00f5ib seet\u00f5ttu kahjustada laste aktiivsust ja t\u00e4helepanu. V\u00f5ib sisaldada munade, piima ja p\u00e4hklite j\u00e4lgi. Toitumisalane teave: 100 g [\u2026]<\/p>","protected":false},"featured_media":14617,"template":"","meta":{"_seopress_robots_primary_cat":"none","_seopress_titles_title":"","_seopress_titles_desc":"","_seopress_robots_index":""},"product_brand":[],"product_cat":[15,104,106],"product_tag":[],"class_list":{"0":"post-14616","1":"product","2":"type-product","3":"status-publish","4":"has-post-thumbnail","6":"product_cat-all-products","7":"product_cat-sprinkles","8":"product_cat-new","10":"first","11":"outofstock","12":"taxable","13":"shipping-taxable","14":"purchasable","15":"product-type-simple"},"_links":{"self":[{"href":"https:\/\/candeebaar.ee\/et\/wp-json\/wp\/v2\/product\/14616","targetHints":{"allow":["GET"]}}],"collection":[{"href":"https:\/\/candeebaar.ee\/et\/wp-json\/wp\/v2\/product"}],"about":[{"href":"https:\/\/candeebaar.ee\/et\/wp-json\/wp\/v2\/types\/product"}],"version-history":[{"count":2,"href":"https:\/\/candeebaar.ee\/et\/wp-json\/wp\/v2\/product\/14616\/revisions"}],"predecessor-version":[{"id":14626,"href":"https:\/\/candeebaar.ee\/et\/wp-json\/wp\/v2\/product\/14616\/revisions\/14626"}],"wp:featuredmedia":[{"embeddable":true,"href":"https:\/\/candeebaar.ee\/et\/wp-json\/wp\/v2\/media\/14617"}],"wp:attachment":[{"href":"https:\/\/candeebaar.ee\/et\/wp-json\/wp\/v2\/media?parent=14616"}],"wp:term":[{"taxonomy":"product_brand","embeddable":true,"href":"https:\/\/candeebaar.ee\/et\/wp-json\/wp\/v2\/product_brand?post=14616"},{"taxonomy":"product_cat","embeddable":true,"href":"https:\/\/candeebaar.ee\/et\/wp-json\/wp\/v2\/product_cat?post=14616"},{"taxonomy":"product_tag","embeddable":true,"href":"https:\/\/candeebaar.ee\/et\/wp-json\/wp\/v2\/product_tag?post=14616"}],"curies":[{"name":"t\u00f6\u00f6leht","href":"https:\/\/api.w.org\/{rel}","templated":true}]}}