{"id":14622,"date":"2025-12-08T11:04:21","date_gmt":"2025-12-08T09:04:21","guid":{"rendered":"https:\/\/candeebaar.ee\/?post_type=product&#038;p=14622"},"modified":"2026-01-28T21:43:05","modified_gmt":"2026-01-28T19:43:05","slug":"uusaastaunistus-sprinkles-45g-pehmed","status":"publish","type":"product","link":"https:\/\/candeebaar.ee\/et\/pood\/uusaastaunistus-sprinkles-45g-pehmed\/","title":{"rendered":"Piserdused \u201cUusaasta unistus\u201d 45g (pehmed)"},"content":{"rendered":"<p>Pehmed puisted magustoidu kaunistamiseks.<br \/>\nSuurus: u. 5 mm<\/p>\n<p><strong>Koostisosad<\/strong>:<\/p>\n<p>paisutatud riis, suhkrusiirup, maisit\u00e4rklis, tuhksuhkur, E174, E102, E124, E131, Capol\u00ae glasuuraine<\/p>\n<p>Sisaldab E102, E124, mis v\u00f5ivad avaldada kahjulikku m\u00f5ju laste aktiivsusele ja t\u00e4helepanuv\u00f5imele.<\/p>\n<p>V\u00f5ib sisaldada j\u00e4lgi <strong>munad, piim ja p\u00e4hklid<\/strong>.<\/p>\n<p><strong>Toitumisalased faktid:<\/strong><\/p>\n<table width=\"510\">\n<tbody>\n<tr>\n<td colspan=\"2\" width=\"510\">100 g sisaldab keskmist v\u00e4\u00e4rtust:<\/td>\n<\/tr>\n<tr>\n<td width=\"200\">Energiav\u00e4\u00e4rtus<\/td>\n<td width=\"310\">1545 kJ \/ 369 kcal<\/td>\n<\/tr>\n<tr>\n<td width=\"200\">Valgud<\/td>\n<td width=\"310\">3,4 g<\/td>\n<\/tr>\n<tr>\n<td width=\"200\">Rasvad<\/p>\n<p>\u2013 k\u00fcllastunud<\/td>\n<td width=\"310\">0,3 g<\/p>\n<p>\u2013 0,1 g<\/td>\n<\/tr>\n<tr>\n<td width=\"200\">S\u00fcsivesikud kokku \u2013 suhkur<\/td>\n<td width=\"310\">91 g\u201372,4 g<\/td>\n<\/tr>\n<tr>\n<td width=\"200\">soola<\/td>\n<td width=\"310\">0 g<\/td>\n<\/tr>\n<\/tbody>\n<\/table>\n<p style=\"font-weight: 400;\">\nHoida suletuna toatemperatuuril ja normaalsel (40-75%) niiskusel.<br \/>\nTootja: Saksamaa<br \/>\nS\u00e4ilivusaeg: detsember 2026<\/p>","protected":false},"excerpt":{"rendered":"<p>Pehmed puisted magustoidu kaunistamiseks. Suurus: u. 5 mm. Koostisosad: paisutatud riis, suhkrusiirup, maisit\u00e4rklis, tuhksuhkur, E174, E102, E124, E131, Capol\u00ae glaseeraine. Sisaldab E102 ja E124, mis v\u00f5ivad kahjustada laste aktiivsust ja t\u00e4helepanu. V\u00f5ib sisaldada munade, piima ja p\u00e4hklite j\u00e4lgi. Toitumisalane teave: 100 g sisaldab keskmiselt: [\u2026]<\/p>","protected":false},"featured_media":14623,"template":"","meta":{"_seopress_robots_primary_cat":"none","_seopress_titles_title":"","_seopress_titles_desc":"","_seopress_robots_index":""},"product_brand":[],"product_cat":[182,181,15,104,106],"product_tag":[],"class_list":{"0":"post-14622","1":"product","2":"type-product","3":"status-publish","4":"has-post-thumbnail","6":"product_cat-christmas","7":"product_cat-christmas-new-year","8":"product_cat-all-products","9":"product_cat-sprinkles","10":"product_cat-new","12":"first","13":"instock","14":"taxable","15":"shipping-taxable","16":"purchasable","17":"product-type-simple"},"_links":{"self":[{"href":"https:\/\/candeebaar.ee\/et\/wp-json\/wp\/v2\/product\/14622","targetHints":{"allow":["GET"]}}],"collection":[{"href":"https:\/\/candeebaar.ee\/et\/wp-json\/wp\/v2\/product"}],"about":[{"href":"https:\/\/candeebaar.ee\/et\/wp-json\/wp\/v2\/types\/product"}],"version-history":[{"count":1,"href":"https:\/\/candeebaar.ee\/et\/wp-json\/wp\/v2\/product\/14622\/revisions"}],"predecessor-version":[{"id":14624,"href":"https:\/\/candeebaar.ee\/et\/wp-json\/wp\/v2\/product\/14622\/revisions\/14624"}],"wp:featuredmedia":[{"embeddable":true,"href":"https:\/\/candeebaar.ee\/et\/wp-json\/wp\/v2\/media\/14623"}],"wp:attachment":[{"href":"https:\/\/candeebaar.ee\/et\/wp-json\/wp\/v2\/media?parent=14622"}],"wp:term":[{"taxonomy":"product_brand","embeddable":true,"href":"https:\/\/candeebaar.ee\/et\/wp-json\/wp\/v2\/product_brand?post=14622"},{"taxonomy":"product_cat","embeddable":true,"href":"https:\/\/candeebaar.ee\/et\/wp-json\/wp\/v2\/product_cat?post=14622"},{"taxonomy":"product_tag","embeddable":true,"href":"https:\/\/candeebaar.ee\/et\/wp-json\/wp\/v2\/product_tag?post=14622"}],"curies":[{"name":"t\u00f6\u00f6leht","href":"https:\/\/api.w.org\/{rel}","templated":true}]}}