{"id":14764,"date":"2025-12-16T09:32:19","date_gmt":"2025-12-16T07:32:19","guid":{"rendered":"https:\/\/candeebaar.ee\/?post_type=product&#038;p=14764"},"modified":"2026-04-13T19:50:25","modified_gmt":"2026-04-13T17:50:25","slug":"kirss-ja-karamell","status":"publish","type":"product","link":"https:\/\/candeebaar.ee\/et\/pood\/kirss-ja-karamell\/","title":{"rendered":"Piserdused \u201cKirss ja karamell\u201d 45g (pehmed)"},"content":{"rendered":"<p>Pehmed puisted magustoidu kaunistamiseks.<br \/>\nSuurus: u. 12 mm<\/p>\n<p><strong>Koostisosad<\/strong>:<\/p>\n<p>Paisutatud riis (10%), suhkur, tuhksuhkur, maisit\u00e4rklis, toiduv\u00e4rvid: tartrasiin (E102), Ponceau 4R (E124), s\u00f6\u00f6dav h\u00f5be (E174), glasuuraine: karnaubavaha (E903).<\/p>\n<p>Sisaldab tartrasiini (E102) ja Ponceau 4R (E124), mis v\u00f5ivad lastel aktiivsust ja t\u00e4helepanu kahjustada.<\/p>\n<p>V\u00f5ib sisaldada j\u00e4lgi <strong>munad, piim ja p\u00e4hklid<\/strong>.<\/p>\n<p><strong>Toitumisalased faktid:<\/strong><\/p>\n<table width=\"510\">\n<tbody>\n<tr>\n<td colspan=\"2\" width=\"510\">100 g sisaldab keskmist v\u00e4\u00e4rtust:<\/td>\n<\/tr>\n<tr>\n<td width=\"200\">Energiav\u00e4\u00e4rtus<\/td>\n<td width=\"310\">1660 kJ \/ 392 kcal<\/td>\n<\/tr>\n<tr>\n<td width=\"200\">Valgud<\/td>\n<td width=\"310\">0,8 g<\/td>\n<\/tr>\n<tr>\n<td width=\"200\">Rasvad<\/p>\n<p>\u2013 k\u00fcllastunud<\/td>\n<td width=\"310\">0,1 g<\/p>\n<p>\u2013 0,0 g<\/td>\n<\/tr>\n<tr>\n<td width=\"200\">S\u00fcsivesikud kokku \u2013 suhkur<\/td>\n<td width=\"310\">95,9-60 g<\/td>\n<\/tr>\n<tr>\n<td width=\"200\">soola<\/td>\n<td width=\"310\">0 g<\/td>\n<\/tr>\n<\/tbody>\n<\/table>\n<p style=\"font-weight: 400;\">Hoida suletuna toatemperatuuril ja normaalsel (40-75%) niiskusel.<br \/>\nTootja: Saksamaa<br \/>\nS\u00e4ilivusaeg: detsember 2027<\/p>","protected":false},"excerpt":{"rendered":"<p>Pehmed puisted magustoidu kaunistamiseks. Suurus: u. 12 mm. Koostisosad: paisutatud riis (10%), suhkur, tuhksuhkur, maisit\u00e4rklis, toiduv\u00e4rvid: tartrasiin (E102), Ponceau 4R (E124), s\u00f6\u00f6dav h\u00f5be (E174), glasuuraine: karnaubavaha (E903). Sisaldab tartrasiini (E102) ja Ponceau 4R (E124), mis v\u00f5ivad lastel aktiivsust ja t\u00e4helepanu kahjustada. V\u00f5ib sisaldada munade, piima ja p\u00e4hklite j\u00e4lgi. Toitumisalane teave [\u2026]<\/p>","protected":false},"featured_media":14765,"template":"","meta":{"_seopress_robots_primary_cat":"none","_seopress_titles_title":"","_seopress_titles_desc":"","_seopress_robots_index":""},"product_brand":[],"product_cat":[182,181,15,104,106],"product_tag":[],"class_list":{"0":"post-14764","1":"product","2":"type-product","3":"status-publish","4":"has-post-thumbnail","6":"product_cat-christmas","7":"product_cat-christmas-new-year","8":"product_cat-all-products","9":"product_cat-sprinkles","10":"product_cat-new","12":"first","13":"instock","14":"taxable","15":"shipping-taxable","16":"purchasable","17":"product-type-simple"},"_links":{"self":[{"href":"https:\/\/candeebaar.ee\/et\/wp-json\/wp\/v2\/product\/14764","targetHints":{"allow":["GET"]}}],"collection":[{"href":"https:\/\/candeebaar.ee\/et\/wp-json\/wp\/v2\/product"}],"about":[{"href":"https:\/\/candeebaar.ee\/et\/wp-json\/wp\/v2\/types\/product"}],"version-history":[{"count":1,"href":"https:\/\/candeebaar.ee\/et\/wp-json\/wp\/v2\/product\/14764\/revisions"}],"predecessor-version":[{"id":14766,"href":"https:\/\/candeebaar.ee\/et\/wp-json\/wp\/v2\/product\/14764\/revisions\/14766"}],"wp:featuredmedia":[{"embeddable":true,"href":"https:\/\/candeebaar.ee\/et\/wp-json\/wp\/v2\/media\/14765"}],"wp:attachment":[{"href":"https:\/\/candeebaar.ee\/et\/wp-json\/wp\/v2\/media?parent=14764"}],"wp:term":[{"taxonomy":"product_brand","embeddable":true,"href":"https:\/\/candeebaar.ee\/et\/wp-json\/wp\/v2\/product_brand?post=14764"},{"taxonomy":"product_cat","embeddable":true,"href":"https:\/\/candeebaar.ee\/et\/wp-json\/wp\/v2\/product_cat?post=14764"},{"taxonomy":"product_tag","embeddable":true,"href":"https:\/\/candeebaar.ee\/et\/wp-json\/wp\/v2\/product_tag?post=14764"}],"curies":[{"name":"t\u00f6\u00f6leht","href":"https:\/\/api.w.org\/{rel}","templated":true}]}}