{"id":14903,"date":"2026-01-05T09:55:31","date_gmt":"2026-01-05T07:55:31","guid":{"rendered":"https:\/\/candeebaar.ee\/?post_type=product&#038;p=14903"},"modified":"2026-04-06T19:00:51","modified_gmt":"2026-04-06T17:00:51","slug":"koogikarp-35-35-45-cm-kuljeaknaga","status":"publish","type":"product","link":"https:\/\/candeebaar.ee\/et\/pood\/koogikarp-35-35-45-cm-kuljeaknaga\/","title":{"rendered":"Tordikarp 35*35*45cm (k\u00fclgaken)"},"content":{"rendered":"<p>Lainepapist karp k\u00f5rgete (kuni 430mm) mitmekorruseliste kookide jaoks.<br \/>\nV\u00e4rv: valge<br \/>\nSuurus: 350 * 350 * 450 mm<br \/>\nLihtne kokku panna.<\/p>","protected":false},"excerpt":{"rendered":"<p>Lainepapist karp k\u00f5rgete (kuni 430 mm) mitmetasandiliste kookide jaoks. V\u00e4rvus: valge. M\u00f5\u00f5t: 350*350*450 mm. Lihtne kokku panna.<\/p>","protected":false},"featured_media":14904,"template":"","meta":{"_seopress_robots_primary_cat":"none","_seopress_titles_title":"","_seopress_titles_desc":"","_seopress_robots_index":""},"product_brand":[],"product_cat":[180,15,135,136,106],"product_tag":[],"class_list":{"0":"post-14903","1":"product","2":"type-product","3":"status-publish","4":"has-post-thumbnail","6":"product_cat-wedding-products","7":"product_cat-all-products","8":"product_cat-31cm-base-and-bigger","9":"product_cat-tall-cake-boxes-h25cm","10":"product_cat-new","12":"first","13":"instock","14":"taxable","15":"shipping-taxable","16":"purchasable","17":"product-type-simple"},"_links":{"self":[{"href":"https:\/\/candeebaar.ee\/et\/wp-json\/wp\/v2\/product\/14903","targetHints":{"allow":["GET"]}}],"collection":[{"href":"https:\/\/candeebaar.ee\/et\/wp-json\/wp\/v2\/product"}],"about":[{"href":"https:\/\/candeebaar.ee\/et\/wp-json\/wp\/v2\/types\/product"}],"version-history":[{"count":1,"href":"https:\/\/candeebaar.ee\/et\/wp-json\/wp\/v2\/product\/14903\/revisions"}],"predecessor-version":[{"id":14905,"href":"https:\/\/candeebaar.ee\/et\/wp-json\/wp\/v2\/product\/14903\/revisions\/14905"}],"wp:featuredmedia":[{"embeddable":true,"href":"https:\/\/candeebaar.ee\/et\/wp-json\/wp\/v2\/media\/14904"}],"wp:attachment":[{"href":"https:\/\/candeebaar.ee\/et\/wp-json\/wp\/v2\/media?parent=14903"}],"wp:term":[{"taxonomy":"product_brand","embeddable":true,"href":"https:\/\/candeebaar.ee\/et\/wp-json\/wp\/v2\/product_brand?post=14903"},{"taxonomy":"product_cat","embeddable":true,"href":"https:\/\/candeebaar.ee\/et\/wp-json\/wp\/v2\/product_cat?post=14903"},{"taxonomy":"product_tag","embeddable":true,"href":"https:\/\/candeebaar.ee\/et\/wp-json\/wp\/v2\/product_tag?post=14903"}],"curies":[{"name":"t\u00f6\u00f6leht","href":"https:\/\/api.w.org\/{rel}","templated":true}]}}