{"id":14911,"date":"2026-01-05T10:49:47","date_gmt":"2026-01-05T08:49:47","guid":{"rendered":"https:\/\/candeebaar.ee\/?post_type=product&#038;p=14911"},"modified":"2026-03-11T14:55:26","modified_gmt":"2026-03-11T12:55:26","slug":"mustad-sudamed-sprinkles-45g","status":"publish","type":"product","link":"https:\/\/candeebaar.ee\/et\/pood\/mustad-sudamed-sprinkles-45g\/","title":{"rendered":"Piserdused \u201cMustad s\u00fcdamed\u201d 45g"},"content":{"rendered":"<p>Puistad magustoitude kaunistamiseks.<br \/>\nS\u00fcdame l\u00e4bim\u00f5\u00f5t: 6 mm<br \/>\nKaal: 45 g<br \/>\nKoostisosad: valge suhkur, riisijahu, rafineeritud deodoreeritud palmi\u00f5li, maisit\u00e4rklis, melass, paksendaja: karboks\u00fcmet\u00fc\u00fcltselluloos (CMC) (E466), glasuuriained: kummiaraabik (E414), talk (E553b), l\u00f5hna- ja maitseained: vanill, toiduv\u00e4rvid: briljantmust BN (E151).<\/p>\n<p>Toitev\u00e4\u00e4rtus: 1544 kJ\/369 kcal<br \/>\nRasvad (k\u00fcllastunud): 3,8 (1,6) g<br \/>\nS\u00fcsivesikud (suhkur): 82 (67) g<br \/>\nValgud: 1,7 g<br \/>\nSool: 0 g<br \/>\nEi sobi alla 3-aastastele lastele.<\/p>\n<p><strong data-start=\"721\" data-end=\"733\">Hoiustamine:<\/strong><br data-start=\"733\" data-end=\"736\" \/>Hoida temperatuuril mitte \u00fcle 25 \u00b0C ja suhtelise \u00f5huniiskuse juures mitte \u00fcle 75%.<br \/>\nTootja: Saksamaa<\/p>","protected":false},"excerpt":{"rendered":"<p>Magustoitude kaunistamiseks m\u00f5eldud puisted. S\u00fcdame suurus: 6mm Kaal: 45g Koostisosad: valge suhkur, riisijahu, rafineeritud deodoreeritud palmi\u00f5li, maisit\u00e4rklis, melass, paksendaja: karboks\u00fcmet\u00fc\u00fcltselluloos (CMC) (E466), glasuuriained: kummiaraabik (E414), talk (E553b), l\u00f5hna- ja maitseained: vanill, toiduv\u00e4rvid: briljantmust BN (E151). Toitev\u00e4\u00e4rtus: 1544 kJ\/369 kcal Rasvad (k\u00fcllastunud): 3,8 (1,6) g S\u00fcsivesikud (suhkur): 82 (67) g Valgud: 1,7 g Sool: 0 g [\u2026]<\/p>","protected":false},"featured_media":14912,"template":"","meta":{"_seopress_robots_primary_cat":"none","_seopress_titles_title":"","_seopress_titles_desc":"","_seopress_robots_index":""},"product_brand":[],"product_cat":[183,15,104],"product_tag":[],"class_list":{"0":"post-14911","1":"product","2":"type-product","3":"status-publish","4":"has-post-thumbnail","6":"product_cat-valentines-day","7":"product_cat-all-products","8":"product_cat-sprinkles","10":"first","11":"instock","12":"taxable","13":"shipping-taxable","14":"purchasable","15":"product-type-simple"},"_links":{"self":[{"href":"https:\/\/candeebaar.ee\/et\/wp-json\/wp\/v2\/product\/14911","targetHints":{"allow":["GET"]}}],"collection":[{"href":"https:\/\/candeebaar.ee\/et\/wp-json\/wp\/v2\/product"}],"about":[{"href":"https:\/\/candeebaar.ee\/et\/wp-json\/wp\/v2\/types\/product"}],"version-history":[{"count":1,"href":"https:\/\/candeebaar.ee\/et\/wp-json\/wp\/v2\/product\/14911\/revisions"}],"predecessor-version":[{"id":14913,"href":"https:\/\/candeebaar.ee\/et\/wp-json\/wp\/v2\/product\/14911\/revisions\/14913"}],"wp:featuredmedia":[{"embeddable":true,"href":"https:\/\/candeebaar.ee\/et\/wp-json\/wp\/v2\/media\/14912"}],"wp:attachment":[{"href":"https:\/\/candeebaar.ee\/et\/wp-json\/wp\/v2\/media?parent=14911"}],"wp:term":[{"taxonomy":"product_brand","embeddable":true,"href":"https:\/\/candeebaar.ee\/et\/wp-json\/wp\/v2\/product_brand?post=14911"},{"taxonomy":"product_cat","embeddable":true,"href":"https:\/\/candeebaar.ee\/et\/wp-json\/wp\/v2\/product_cat?post=14911"},{"taxonomy":"product_tag","embeddable":true,"href":"https:\/\/candeebaar.ee\/et\/wp-json\/wp\/v2\/product_tag?post=14911"}],"curies":[{"name":"t\u00f6\u00f6leht","href":"https:\/\/api.w.org\/{rel}","templated":true}]}}