{"id":15058,"date":"2026-01-16T11:08:23","date_gmt":"2026-01-16T09:08:23","guid":{"rendered":"https:\/\/candeebaar.ee\/?post_type=product&#038;p=15058"},"modified":"2026-04-07T17:40:23","modified_gmt":"2026-04-07T15:40:23","slug":"valge-koogipohi-10-cm-3-mm","status":"publish","type":"product","link":"https:\/\/candeebaar.ee\/et\/pood\/valge-koogipohi-10-cm-3-mm\/","title":{"rendered":"Valge koogip\u00f5hi 10cm * 3mm"},"content":{"rendered":"<p>\u00dcmmargune alus tihedast tugevdatud papist, niiskus- ja rasvakindel.<br \/>\nV\u00e4rv: valge<br \/>\nL\u00e4bim\u00f5\u00f5t: 104 mm<br \/>\nPaksus: 3mm<\/p>","protected":false},"excerpt":{"rendered":"<p>Tihedast tugevdatud papist \u00fcmmargune alus, niiskus- ja rasvakindel. V\u00e4rvus: valge. L\u00e4bim\u00f5\u00f5t: 104 mm. Paksus: 3 mm.<\/p>","protected":false},"featured_media":7250,"template":"","meta":{"_seopress_robots_primary_cat":"none","_seopress_titles_title":"","_seopress_titles_desc":"","_seopress_robots_index":""},"product_brand":[],"product_cat":[15,139,106],"product_tag":[],"class_list":{"0":"post-15058","1":"product","2":"type-product","3":"status-publish","4":"has-post-thumbnail","6":"product_cat-all-products","7":"product_cat-small-size","8":"product_cat-new","10":"first","11":"instock","12":"taxable","13":"shipping-taxable","14":"purchasable","15":"product-type-simple"},"_links":{"self":[{"href":"https:\/\/candeebaar.ee\/et\/wp-json\/wp\/v2\/product\/15058","targetHints":{"allow":["GET"]}}],"collection":[{"href":"https:\/\/candeebaar.ee\/et\/wp-json\/wp\/v2\/product"}],"about":[{"href":"https:\/\/candeebaar.ee\/et\/wp-json\/wp\/v2\/types\/product"}],"version-history":[{"count":1,"href":"https:\/\/candeebaar.ee\/et\/wp-json\/wp\/v2\/product\/15058\/revisions"}],"predecessor-version":[{"id":15059,"href":"https:\/\/candeebaar.ee\/et\/wp-json\/wp\/v2\/product\/15058\/revisions\/15059"}],"wp:featuredmedia":[{"embeddable":true,"href":"https:\/\/candeebaar.ee\/et\/wp-json\/wp\/v2\/media\/7250"}],"wp:attachment":[{"href":"https:\/\/candeebaar.ee\/et\/wp-json\/wp\/v2\/media?parent=15058"}],"wp:term":[{"taxonomy":"product_brand","embeddable":true,"href":"https:\/\/candeebaar.ee\/et\/wp-json\/wp\/v2\/product_brand?post=15058"},{"taxonomy":"product_cat","embeddable":true,"href":"https:\/\/candeebaar.ee\/et\/wp-json\/wp\/v2\/product_cat?post=15058"},{"taxonomy":"product_tag","embeddable":true,"href":"https:\/\/candeebaar.ee\/et\/wp-json\/wp\/v2\/product_tag?post=15058"}],"curies":[{"name":"t\u00f6\u00f6leht","href":"https:\/\/api.w.org\/{rel}","templated":true}]}}