{"id":15366,"date":"2026-02-10T10:04:56","date_gmt":"2026-02-10T08:04:56","guid":{"rendered":"https:\/\/candeebaar.ee\/?post_type=product&#038;p=15366"},"modified":"2026-04-12T20:39:34","modified_gmt":"2026-04-12T18:39:34","slug":"valge-roosi-puisted-45g","status":"publish","type":"product","link":"https:\/\/candeebaar.ee\/et\/pood\/valge-roosi-puisted-45g\/","title":{"rendered":"Piserdused \u201cValge Roos\u201d 45g"},"content":{"rendered":"<p>Magustoitude kaunistamiseks m\u00f5eldud piserdused.<br \/>\nRoosi suurus: 12 mm<br \/>\nKaal: 45 g<br \/>\nKoostisosad: <span style=\"font-style: inherit; font-weight: inherit;\">paisutatud riis, suhkur, suhkrusiirup, maisit\u00e4rklis,\u00a0<strong style=\"font-style: inherit; font-weight: 600;\">NISU\u00a0<\/strong>jahu, kummiaraabik, E170, E122, E131,\u00a0<\/span><span style=\"font-style: inherit; font-weight: inherit;\">\u0415<\/span><span style=\"font-style: inherit; font-weight: inherit;\">102, Capol\u00ae glasuuraine<\/span><span style=\"font-style: inherit; font-weight: inherit;\">Sisaldab E122,\u00a0<\/span><span style=\"font-style: inherit; font-weight: inherit;\">\u0415<\/span><span style=\"font-style: inherit; font-weight: inherit;\">102, millel v\u00f5ib olla kahjulik m\u00f5ju laste aktiivsusele ja t\u00e4helepanuv\u00f5imele.<\/span><\/p>\n<p>Toitev\u00e4\u00e4rtus: 1545 kJ\/369 kcal<br \/>\nRasvad (k\u00fcllastunud): 0,3 (0,1) g<br \/>\nS\u00fcsivesikud (suhkur): 91 (72,4) g<br \/>\nValgud: 3,4 g<br \/>\nSool: 0 g<br \/>\nEi sobi alla 3-aastastele lastele.<\/p>\n<p><strong data-start=\"721\" data-end=\"733\">Hoiustamine:<\/strong><br data-start=\"733\" data-end=\"736\" \/>Hoida temperatuuril mitte \u00fcle 25 \u00b0C ja suhtelise \u00f5huniiskuse juures mitte \u00fcle 75%.<br \/>\nTootja: Saksamaa<\/p>","protected":false},"excerpt":{"rendered":"<p>Magustoitude kaunistamiseks m\u00f5eldud puisted. Roosi suurus: 12 mm Kaal: 45 g Koostisosad: paisutatud riis, suhkur, suhkrusiirup, maisit\u00e4rklis, NISUJAHU, kummiaraabik, E170, E122, E131, E102, Capol\u00ae glaseeraineSisaldab E122, E102, millel v\u00f5ib olla kahjulik m\u00f5ju laste aktiivsusele ja t\u00e4helepanuv\u00f5imele. Toitev\u00e4\u00e4rtus: 1545 kJ\/369 kcal Rasvad (k\u00fcllastunud): 0,3 (0,1) g S\u00fcsivesikud (suhkur): 91 (72,4) g Valgud: 3,4 g Sool: 0 g Ei sobi lastele [\u2026]<\/p>","protected":false},"featured_media":15367,"template":"","meta":{"_seopress_robots_primary_cat":"none","_seopress_titles_title":"","_seopress_titles_desc":"","_seopress_robots_index":""},"product_brand":[],"product_cat":[183,15,104,106],"product_tag":[],"class_list":{"0":"post-15366","1":"product","2":"type-product","3":"status-publish","4":"has-post-thumbnail","6":"product_cat-valentines-day","7":"product_cat-all-products","8":"product_cat-sprinkles","9":"product_cat-new","11":"first","12":"instock","13":"taxable","14":"shipping-taxable","15":"purchasable","16":"product-type-simple"},"_links":{"self":[{"href":"https:\/\/candeebaar.ee\/et\/wp-json\/wp\/v2\/product\/15366","targetHints":{"allow":["GET"]}}],"collection":[{"href":"https:\/\/candeebaar.ee\/et\/wp-json\/wp\/v2\/product"}],"about":[{"href":"https:\/\/candeebaar.ee\/et\/wp-json\/wp\/v2\/types\/product"}],"version-history":[{"count":1,"href":"https:\/\/candeebaar.ee\/et\/wp-json\/wp\/v2\/product\/15366\/revisions"}],"predecessor-version":[{"id":15368,"href":"https:\/\/candeebaar.ee\/et\/wp-json\/wp\/v2\/product\/15366\/revisions\/15368"}],"wp:featuredmedia":[{"embeddable":true,"href":"https:\/\/candeebaar.ee\/et\/wp-json\/wp\/v2\/media\/15367"}],"wp:attachment":[{"href":"https:\/\/candeebaar.ee\/et\/wp-json\/wp\/v2\/media?parent=15366"}],"wp:term":[{"taxonomy":"product_brand","embeddable":true,"href":"https:\/\/candeebaar.ee\/et\/wp-json\/wp\/v2\/product_brand?post=15366"},{"taxonomy":"product_cat","embeddable":true,"href":"https:\/\/candeebaar.ee\/et\/wp-json\/wp\/v2\/product_cat?post=15366"},{"taxonomy":"product_tag","embeddable":true,"href":"https:\/\/candeebaar.ee\/et\/wp-json\/wp\/v2\/product_tag?post=15366"}],"curies":[{"name":"t\u00f6\u00f6leht","href":"https:\/\/api.w.org\/{rel}","templated":true}]}}