{"id":15464,"date":"2026-02-18T10:59:37","date_gmt":"2026-02-18T08:59:37","guid":{"rendered":"https:\/\/candeebaar.ee\/?post_type=product&#038;p=15464"},"modified":"2026-04-07T13:29:37","modified_gmt":"2026-04-07T11:29:37","slug":"sprinkles-janku","status":"publish","type":"product","link":"https:\/\/candeebaar.ee\/et\/pood\/sprinkles-janku\/","title":{"rendered":"Piserdused \u201cJ\u00e4nes\u201d 45g"},"content":{"rendered":"<p>Puistad magustoitude kaunistamiseks.<br \/>\nKaal: 45g<br \/>\nSuhkur, dekstroos, maisit\u00e4rklis, dekstriin, paisutatud riis, riisijahu, valge suhkur, rafineeritud deodoreeritud palmi\u00f5li, melass, tuhksuhkur, h\u00fcdrogeenimata palmi\u00f5li, kookos\u00f5li, letsitiin, magneesiumstearaat, karnaubavaha (E903), glasuurained: kummiaraabik (E414), talk (E553b), \u0161ellak (E904), paksendaja: karboks\u00fcmet\u00fc\u00fcltselluloos (CMC) (E466), l\u00f5hna- ja maitseained: vanill, toiduv\u00e4rvid: tartrasiin (E102), p\u00e4ikeseloojangukollane FCF (E110), Ponceau 4R (E124), patentsinine V (E131), kaltsiumkarbonaat (E170), s\u00f6\u00f6dav h\u00f5be (E174).<br \/>\nSisu 100g kohta:<br \/>\nEnergia: 1653,33 kJ \/ 394,24 kcal<br data-start=\"1132\" data-end=\"1135\" \/>Rasv: 0,72 g<br data-start=\"1146\" data-end=\"1149\" \/>millest k\u00fcllastunud rasvhappeid: 0,34 g<br data-start=\"1175\" data-end=\"1178\" \/>S\u00fcsivesikud: 96,07 g<br data-start=\"1200\" data-end=\"1203\" \/>millest suhkrud: 70,02 g<br data-start=\"1227\" data-end=\"1230\" \/>Kiudained: 0,13 g<br data-start=\"1243\" data-end=\"1246\" \/>Valk: 0,33 g<br data-start=\"1261\" data-end=\"1264\" \/>Sool: 0,00 g<\/p>\n<p>Ei sobi alla 3-aastastele lastele.<br \/>\nTootja: Saksamaa<br \/>\nS\u00e4ilivusaeg: veebruar 2027<\/p>","protected":false},"excerpt":{"rendered":"<p>Magustoitude kaunistamiseks m\u00f5eldud puisted. Kaal: 45g Suhkur, dekstroos, maisit\u00e4rklis, dekstriin, paisutatud riis, riisijahu, valge suhkur, rafineeritud deodoreeritud palmi\u00f5li, melass, tuhksuhkur, h\u00fcdrogeenimata palmi\u00f5li, kookos\u00f5li, letsitiin, magneesiumstearaat, karnaubavaha (E903), glasuurained: kummiaraabik (E414), talk (E553b), \u0161ellak (E904), paksendaja: karboks\u00fcmet\u00fc\u00fcltselluloos (CMC) (E466), l\u00f5hna- ja maitseained: vanill, toiduv\u00e4rvid: tartrasiin (E102), p\u00e4ikeseloojangu [\u2026]<\/p>","protected":false},"featured_media":15465,"template":"","meta":{"_seopress_robots_primary_cat":"none","_seopress_titles_title":"","_seopress_titles_desc":"","_seopress_robots_index":""},"product_brand":[],"product_cat":[178,78,15,104,109,106],"product_tag":[175],"class_list":{"0":"post-15464","1":"product","2":"type-product","3":"status-publish","4":"has-post-thumbnail","6":"product_cat-easter-products","7":"product_cat-deal-of-the-day","8":"product_cat-all-products","9":"product_cat-sprinkles","10":"product_cat-sale","11":"product_cat-new","12":"product_tag-easter","14":"first","15":"instock","16":"sale","17":"taxable","18":"shipping-taxable","19":"purchasable","20":"product-type-simple"},"_links":{"self":[{"href":"https:\/\/candeebaar.ee\/et\/wp-json\/wp\/v2\/product\/15464","targetHints":{"allow":["GET"]}}],"collection":[{"href":"https:\/\/candeebaar.ee\/et\/wp-json\/wp\/v2\/product"}],"about":[{"href":"https:\/\/candeebaar.ee\/et\/wp-json\/wp\/v2\/types\/product"}],"version-history":[{"count":1,"href":"https:\/\/candeebaar.ee\/et\/wp-json\/wp\/v2\/product\/15464\/revisions"}],"predecessor-version":[{"id":15466,"href":"https:\/\/candeebaar.ee\/et\/wp-json\/wp\/v2\/product\/15464\/revisions\/15466"}],"wp:featuredmedia":[{"embeddable":true,"href":"https:\/\/candeebaar.ee\/et\/wp-json\/wp\/v2\/media\/15465"}],"wp:attachment":[{"href":"https:\/\/candeebaar.ee\/et\/wp-json\/wp\/v2\/media?parent=15464"}],"wp:term":[{"taxonomy":"product_brand","embeddable":true,"href":"https:\/\/candeebaar.ee\/et\/wp-json\/wp\/v2\/product_brand?post=15464"},{"taxonomy":"product_cat","embeddable":true,"href":"https:\/\/candeebaar.ee\/et\/wp-json\/wp\/v2\/product_cat?post=15464"},{"taxonomy":"product_tag","embeddable":true,"href":"https:\/\/candeebaar.ee\/et\/wp-json\/wp\/v2\/product_tag?post=15464"}],"curies":[{"name":"t\u00f6\u00f6leht","href":"https:\/\/api.w.org\/{rel}","templated":true}]}}