{"id":15504,"date":"2026-02-20T09:45:01","date_gmt":"2026-02-20T07:45:01","guid":{"rendered":"https:\/\/candeebaar.ee\/?post_type=product&#038;p=15504"},"modified":"2026-04-07T13:56:24","modified_gmt":"2026-04-07T11:56:24","slug":"vutimunad-53g","status":"publish","type":"product","link":"https:\/\/candeebaar.ee\/et\/pood\/vutimunad-53g\/","title":{"rendered":"\u201cT\u00e4pilised vutimunad\u201d 53g"},"content":{"rendered":"<p>Magustoitude kaunistamiseks m\u00f5eldud puisted. Munadel (20*28mm, 7tk) on pehme ja maitsev \u0161okolaadip\u00f5hi.<br \/>\nKaal: 45g (+-3g)<br \/>\nV\u00e4rvus: t\u00e4piline, segatud<br \/>\nKoostisosad:<br \/>\nSuhkur, <strong>piima<\/strong>, modifitseeritud palmi- ja taime\u00f5lid, suhkrutamata \u0161okolaad, kakaov\u00f5i,<strong> soja<\/strong> letsitiin, toiduv\u00e4rvid: indigokarmiin (E132), kurkumiin (E100), tartrasiin (E102), ponceau 4R (E124), briljantsinine FCF (E131), glasuuraine: kummiaraabik.<br \/>\nSisaldab tartrasiini (E102) ja ponceau 4R (E124), mis v\u00f5ivad m\u00f5jutada laste aktiivsust ja t\u00e4helepanu.<br \/>\nSisu 100g kohta:<br \/>\n<strong data-start=\"631\" data-end=\"642\">Energia:<\/strong> 2300 kJ \/ 550 kcal<br \/>\n<strong data-start=\"666\" data-end=\"674\">Rasv:<\/strong> 33,0 g millest k\u00fcllastunud rasvhappeid: 19,0 g<br \/>\n<strong data-start=\"719\" data-end=\"737\">S\u00fcsivesikud:<\/strong> 55,0 g millest suhkrud: 50,0 g<br \/>\n<strong data-start=\"779\" data-end=\"791\">Valk:<\/strong>\u00a07,0 g<br \/>\n<strong data-start=\"802\" data-end=\"811\">Sool:<\/strong>\u00a00,2 g<\/p>\n<p>Ei sobi alla 3-aastastele lastele.<br \/>\nTootja: Saksamaa<br \/>\nS\u00e4ilivusaeg: veebruar 2027<\/p>","protected":false},"excerpt":{"rendered":"<p>Magustoitude kaunistamiseks m\u00f5eldud puisted. Munadel (20*28mm, 7tk) on pehme ja maitsev \u0161okolaadip\u00f5hi. Kaal: 45g(+-3g) V\u00e4rvus: t\u00e4piline, segatud Koostisosad: suhkur, piim, modifitseeritud palmi- ja taime\u00f5lid, suhkrutamata \u0161okolaad, kakaov\u00f5i, sojaletsitiin, toiduv\u00e4rvid: indigokarmiin (E132), kurkumiin (E100), tartrasiin (E102), ponceau 4R (E124), briljantsinine FCF (E131), glasuuraine: kummiaraabik. Sisaldab [\u2026]<\/p>","protected":false},"featured_media":15505,"template":"","meta":{"_seopress_robots_primary_cat":"none","_seopress_titles_title":"","_seopress_titles_desc":"","_seopress_robots_index":""},"product_brand":[],"product_cat":[178,15,104,106],"product_tag":[175],"class_list":{"0":"post-15504","1":"product","2":"type-product","3":"status-publish","4":"has-post-thumbnail","6":"product_cat-easter-products","7":"product_cat-all-products","8":"product_cat-sprinkles","9":"product_cat-new","10":"product_tag-easter","12":"first","13":"instock","14":"taxable","15":"shipping-taxable","16":"purchasable","17":"product-type-simple"},"_links":{"self":[{"href":"https:\/\/candeebaar.ee\/et\/wp-json\/wp\/v2\/product\/15504","targetHints":{"allow":["GET"]}}],"collection":[{"href":"https:\/\/candeebaar.ee\/et\/wp-json\/wp\/v2\/product"}],"about":[{"href":"https:\/\/candeebaar.ee\/et\/wp-json\/wp\/v2\/types\/product"}],"version-history":[{"count":4,"href":"https:\/\/candeebaar.ee\/et\/wp-json\/wp\/v2\/product\/15504\/revisions"}],"predecessor-version":[{"id":16265,"href":"https:\/\/candeebaar.ee\/et\/wp-json\/wp\/v2\/product\/15504\/revisions\/16265"}],"wp:featuredmedia":[{"embeddable":true,"href":"https:\/\/candeebaar.ee\/et\/wp-json\/wp\/v2\/media\/15505"}],"wp:attachment":[{"href":"https:\/\/candeebaar.ee\/et\/wp-json\/wp\/v2\/media?parent=15504"}],"wp:term":[{"taxonomy":"product_brand","embeddable":true,"href":"https:\/\/candeebaar.ee\/et\/wp-json\/wp\/v2\/product_brand?post=15504"},{"taxonomy":"product_cat","embeddable":true,"href":"https:\/\/candeebaar.ee\/et\/wp-json\/wp\/v2\/product_cat?post=15504"},{"taxonomy":"product_tag","embeddable":true,"href":"https:\/\/candeebaar.ee\/et\/wp-json\/wp\/v2\/product_tag?post=15504"}],"curies":[{"name":"t\u00f6\u00f6leht","href":"https:\/\/api.w.org\/{rel}","templated":true}]}}