{"id":15517,"date":"2026-02-20T15:15:19","date_gmt":"2026-02-20T13:15:19","guid":{"rendered":"https:\/\/candeebaar.ee\/?post_type=product&#038;p=15517"},"modified":"2026-04-08T00:28:03","modified_gmt":"2026-04-07T22:28:03","slug":"glasuuritud-mandlid-50-g","status":"publish","type":"product","link":"https:\/\/candeebaar.ee\/et\/pood\/glasuuritud-mandlid-50-g\/","title":{"rendered":"Glasuuritud mandlid 50g"},"content":{"rendered":"<p>Magustoitude kaunistamiseks m\u00f5eldud piserdused.<br \/>\nSuurus: u. 25 * 20 mm (u. 14 tk)<br \/>\nKaal: 50g (+-3g)<br \/>\nV\u00e4rv: matt, segatud<br \/>\nKoostisosad:<br \/>\nSuhkur,\u00a0<strong>MANDLID<\/strong>, kakaomass, riisit\u00e4rklis, kakaov\u00f5i, gl\u00fckoosisiirup, v\u00e4rvained (E100, E120, E132, E141, E163, E170), looduslik vanilje l\u00f5hna- ja maitseaine, vaniljeekstrakt, paksendaja (E414), emulgaator (letsitiin)<strong>SOJA<\/strong>)), \u017eelatiin (sea), taime\u00f5lid (rapsi-, kookos\u00f5li). V\u00f5ib sisaldada j\u00e4lgi\u00a0<strong>GLUTEEN<\/strong>,\u00a0<strong>P\u00c4HKLID<\/strong>,\u00a0<strong>PIIM<\/strong>\u00a0ja\u00a0<strong>MAAP\u00c4HKLID<\/strong>.<br \/>\nSisaldab tartrasiini (E102) ja ponceau 4R (E124), mis v\u00f5ivad m\u00f5jutada laste aktiivsust ja t\u00e4helepanu.<br \/>\nSisu 100g kohta:<br \/>\nkcal: 495; kJ: 2073;<br \/>\nrasv: 24 g; millest k\u00fcllastunud rasvhappeid: 4,3 g;<br \/>\ns\u00fcsivesikud: 59,5 g; millest suhkrud: 49,5 g;<br \/>\nvalk: 9g;<br \/>\nsool: 0g<\/p>\n<p>Ei sobi alla 3-aastastele lastele. V\u00f5ib hammastele rasket m\u00f5ju avaldada.<br \/>\nTootja: Saksamaa<br \/>\nS\u00e4ilivusaeg: detsember 2027<\/p>","protected":false},"excerpt":{"rendered":"<p>Magustoitude kaunistamiseks m\u00f5eldud puisted. Suurus: u. 25*20mm (u. 14 tk) Kaal: 50g(+-3g) V\u00e4rvus: matt, segatud Koostisosad: Suhkur, MANDLID, kakaomass, riisit\u00e4rklis, kakaov\u00f5i, gl\u00fckoosisiirup, v\u00e4rvaine (E100, E120, E132, E141, E163, E170), looduslik vanilje l\u00f5hna- ja maitseaine, vaniljeekstrakt, paksendaja (E414), emulgaator (letsitiin (SOJA)), \u017eelatiin (sea), taime\u00f5lid (rapsi-, kookos\u00f5li). V\u00f5ib sisaldada GLUTEENI, P\u00c4HKLITE, PIIMA ja MAAP\u00c4HKLITE j\u00e4lgi. Sisaldab tartrasiini (E102), [\u2026]<\/p>","protected":false},"featured_media":15518,"template":"","meta":{"_seopress_robots_primary_cat":"none","_seopress_titles_title":"","_seopress_titles_desc":"","_seopress_robots_index":""},"product_brand":[],"product_cat":[178,15,104,109,106],"product_tag":[175],"class_list":{"0":"post-15517","1":"product","2":"type-product","3":"status-publish","4":"has-post-thumbnail","6":"product_cat-easter-products","7":"product_cat-all-products","8":"product_cat-sprinkles","9":"product_cat-sale","10":"product_cat-new","11":"product_tag-easter","13":"first","14":"instock","15":"sale","16":"taxable","17":"shipping-taxable","18":"purchasable","19":"product-type-simple"},"_links":{"self":[{"href":"https:\/\/candeebaar.ee\/et\/wp-json\/wp\/v2\/product\/15517","targetHints":{"allow":["GET"]}}],"collection":[{"href":"https:\/\/candeebaar.ee\/et\/wp-json\/wp\/v2\/product"}],"about":[{"href":"https:\/\/candeebaar.ee\/et\/wp-json\/wp\/v2\/types\/product"}],"version-history":[{"count":1,"href":"https:\/\/candeebaar.ee\/et\/wp-json\/wp\/v2\/product\/15517\/revisions"}],"predecessor-version":[{"id":15519,"href":"https:\/\/candeebaar.ee\/et\/wp-json\/wp\/v2\/product\/15517\/revisions\/15519"}],"wp:featuredmedia":[{"embeddable":true,"href":"https:\/\/candeebaar.ee\/et\/wp-json\/wp\/v2\/media\/15518"}],"wp:attachment":[{"href":"https:\/\/candeebaar.ee\/et\/wp-json\/wp\/v2\/media?parent=15517"}],"wp:term":[{"taxonomy":"product_brand","embeddable":true,"href":"https:\/\/candeebaar.ee\/et\/wp-json\/wp\/v2\/product_brand?post=15517"},{"taxonomy":"product_cat","embeddable":true,"href":"https:\/\/candeebaar.ee\/et\/wp-json\/wp\/v2\/product_cat?post=15517"},{"taxonomy":"product_tag","embeddable":true,"href":"https:\/\/candeebaar.ee\/et\/wp-json\/wp\/v2\/product_tag?post=15517"}],"curies":[{"name":"t\u00f6\u00f6leht","href":"https:\/\/api.w.org\/{rel}","templated":true}]}}