{"id":15602,"date":"2026-02-27T17:11:03","date_gmt":"2026-02-27T15:11:03","guid":{"rendered":"https:\/\/candeebaar.ee\/?post_type=product&#038;p=15602"},"modified":"2026-03-07T15:20:44","modified_gmt":"2026-03-07T13:20:44","slug":"lihavottekookide-kupsetusvorm-90x90mm-500-tk","status":"publish","type":"product","link":"https:\/\/candeebaar.ee\/et\/pood\/lihavottekookide-kupsetusvorm-90x90mm-500-tk\/","title":{"rendered":"Lihav\u00f5ttekookide k\u00fcpsetusvorm 90x90mm 500 tk"},"content":{"rendered":"<p>Pabervorm sobib lihav\u00f5ttekookide k\u00fcpsetamiseks.<br \/>\nLaius: 90mm<br \/>\nK\u00f5rgus: 90mm<br \/>\nMaterjal: mustriga perforeeritud paber.<br \/>\nValmis koogi mass: umbes 200g.<br \/>\nPakendis: 500 tk.<br \/>\nTootja: Itaalia<\/p>","protected":false},"excerpt":{"rendered":"<p>Pabervorm sobib lihav\u00f5ttekookide k\u00fcpsetamiseks. Laius: 90mm K\u00f5rgus: 90mm Materjal: mustriga perforeeritud paber. Valmis koogi mass: umbes 200g. Pakendis: 500tk. Tootja: Itaalia<\/p>","protected":false},"featured_media":6110,"template":"","meta":{"_seopress_robots_primary_cat":"none","_seopress_titles_title":"Paper perforated molds set of x10 size 90x90mm for Easter cakes!","_seopress_titles_desc":"Top quality and classic design make this molds a perfect fit for baking Ester cakes! We have many sizes in stock selling by x10 x100 or bigger quantities!","_seopress_robots_index":""},"product_brand":[],"product_cat":[178,15,117,90,106],"product_tag":[175],"class_list":{"0":"post-15602","1":"product","2":"type-product","3":"status-publish","4":"has-post-thumbnail","6":"product_cat-easter-products","7":"product_cat-all-products","8":"product_cat-paper","9":"product_cat-paper-cups-and-tulips","10":"product_cat-new","11":"product_tag-easter","13":"first","14":"instock","15":"taxable","16":"shipping-taxable","17":"purchasable","18":"product-type-simple"},"_links":{"self":[{"href":"https:\/\/candeebaar.ee\/et\/wp-json\/wp\/v2\/product\/15602","targetHints":{"allow":["GET"]}}],"collection":[{"href":"https:\/\/candeebaar.ee\/et\/wp-json\/wp\/v2\/product"}],"about":[{"href":"https:\/\/candeebaar.ee\/et\/wp-json\/wp\/v2\/types\/product"}],"version-history":[{"count":1,"href":"https:\/\/candeebaar.ee\/et\/wp-json\/wp\/v2\/product\/15602\/revisions"}],"predecessor-version":[{"id":15603,"href":"https:\/\/candeebaar.ee\/et\/wp-json\/wp\/v2\/product\/15602\/revisions\/15603"}],"wp:featuredmedia":[{"embeddable":true,"href":"https:\/\/candeebaar.ee\/et\/wp-json\/wp\/v2\/media\/6110"}],"wp:attachment":[{"href":"https:\/\/candeebaar.ee\/et\/wp-json\/wp\/v2\/media?parent=15602"}],"wp:term":[{"taxonomy":"product_brand","embeddable":true,"href":"https:\/\/candeebaar.ee\/et\/wp-json\/wp\/v2\/product_brand?post=15602"},{"taxonomy":"product_cat","embeddable":true,"href":"https:\/\/candeebaar.ee\/et\/wp-json\/wp\/v2\/product_cat?post=15602"},{"taxonomy":"product_tag","embeddable":true,"href":"https:\/\/candeebaar.ee\/et\/wp-json\/wp\/v2\/product_tag?post=15602"}],"curies":[{"name":"t\u00f6\u00f6leht","href":"https:\/\/api.w.org\/{rel}","templated":true}]}}