{"id":16466,"date":"2026-04-23T09:44:20","date_gmt":"2026-04-23T07:44:20","guid":{"rendered":"https:\/\/candeebaar.ee\/?post_type=product&#038;p=16466"},"modified":"2026-04-23T09:50:20","modified_gmt":"2026-04-23T07:50:20","slug":"13-13-7-bento-kast","status":"publish","type":"product","link":"https:\/\/candeebaar.ee\/et\/pood\/13-13-7-bento-kast\/","title":{"rendered":"Bento koogikarp aknaga 13*13*7cm"},"content":{"rendered":"<p>Kaheosaline karp sobib mini-bento kookidele.<br \/>\nMaterjal: papp plastaknaga<br \/>\nSuurus (pk): 130*130*70mm<br \/>\nTordi l\u00e4bim\u00f5\u00f5t: 11 cm<\/p>","protected":false},"excerpt":{"rendered":"<p>Kaheosaline karp sobib mini-bento kookide jaoks. Materjal: papp plastaknaga. M\u00f5\u00f5tmed (p l k): 130 * 130 * 70 mm. Koogi l\u00e4bim\u00f5\u00f5t: 11 cm.<\/p>","protected":false},"featured_media":16467,"template":"","meta":{"_seopress_robots_primary_cat":"none","_seopress_titles_title":"","_seopress_titles_desc":"","_seopress_robots_index":""},"product_brand":[],"product_cat":[78,15,129,93],"product_tag":[],"class_list":{"0":"post-16466","1":"product","2":"type-product","3":"status-publish","4":"has-post-thumbnail","6":"product_cat-deal-of-the-day","7":"product_cat-all-products","8":"product_cat-small-and-bento-size","9":"product_cat-gift-packaging","11":"first","12":"instock","13":"taxable","14":"shipping-taxable","15":"purchasable","16":"product-type-simple"},"_links":{"self":[{"href":"https:\/\/candeebaar.ee\/et\/wp-json\/wp\/v2\/product\/16466","targetHints":{"allow":["GET"]}}],"collection":[{"href":"https:\/\/candeebaar.ee\/et\/wp-json\/wp\/v2\/product"}],"about":[{"href":"https:\/\/candeebaar.ee\/et\/wp-json\/wp\/v2\/types\/product"}],"version-history":[{"count":1,"href":"https:\/\/candeebaar.ee\/et\/wp-json\/wp\/v2\/product\/16466\/revisions"}],"predecessor-version":[{"id":16468,"href":"https:\/\/candeebaar.ee\/et\/wp-json\/wp\/v2\/product\/16466\/revisions\/16468"}],"wp:featuredmedia":[{"embeddable":true,"href":"https:\/\/candeebaar.ee\/et\/wp-json\/wp\/v2\/media\/16467"}],"wp:attachment":[{"href":"https:\/\/candeebaar.ee\/et\/wp-json\/wp\/v2\/media?parent=16466"}],"wp:term":[{"taxonomy":"product_brand","embeddable":true,"href":"https:\/\/candeebaar.ee\/et\/wp-json\/wp\/v2\/product_brand?post=16466"},{"taxonomy":"product_cat","embeddable":true,"href":"https:\/\/candeebaar.ee\/et\/wp-json\/wp\/v2\/product_cat?post=16466"},{"taxonomy":"product_tag","embeddable":true,"href":"https:\/\/candeebaar.ee\/et\/wp-json\/wp\/v2\/product_tag?post=16466"}],"curies":[{"name":"t\u00f6\u00f6leht","href":"https:\/\/api.w.org\/{rel}","templated":true}]}}