{"id":16728,"date":"2026-05-15T08:58:18","date_gmt":"2026-05-15T06:58:18","guid":{"rendered":"https:\/\/candeebaar.ee\/?post_type=product&#038;p=16728"},"modified":"2026-05-15T09:04:50","modified_gmt":"2026-05-15T07:04:50","slug":"cyprus-lemon-sprinkles","status":"publish","type":"product","link":"https:\/\/candeebaar.ee\/et\/pood\/cyprus-lemon-sprinkles\/","title":{"rendered":"Piserdused \u201cK\u00fcprose sidrun\u201d 45g"},"content":{"rendered":"<p>Magustoidu kaunistamiseks piserdused.<\/p>\n<p><strong>Koostisosad<\/strong>:<\/p>\n<p>Sugar, starch (WHEAT, corn, potato, rice), flour (WHEAT, malted WHEAT, rice), WHEAT semolina, WHEAT gluten, vegetable oils (rapeseed, rapeseed fully hydrogenated, coconut), glucose syrup, whole MILK powder, cocoa butter, cocoa mass, coloring (E100, E101, E131, E160a, E174), flavour, natural vanilla flavour, glazing agent (E901, E903, E904), thickener (E406, E414), emulsifier (lecithine (sunflower, SOY), E473), release agent (E553b), acidifier (E330), salt. May contain traces of NUTS.<\/p>\n<p>V\u00f5ib sisaldada j\u00e4lgi <strong>munad, piim ja p\u00e4hklid<\/strong>.<\/p>\n<p>Contains dyes, which can have a harmful effect on activity and attention in children.<\/p>\n<p><strong>Toitumisalased faktid:<\/strong><\/p>\n<table width=\"510\">\n<tbody>\n<tr>\n<td colspan=\"2\" width=\"510\">100 g sisaldab keskmist v\u00e4\u00e4rtust:<\/td>\n<\/tr>\n<tr>\n<td width=\"200\">Energiav\u00e4\u00e4rtus<\/td>\n<td width=\"310\">1778kJ \/ 420kcal<\/td>\n<\/tr>\n<tr>\n<td width=\"200\">Valgud<\/td>\n<td width=\"310\">1.3g<\/td>\n<\/tr>\n<tr>\n<td width=\"200\">Rasvad<\/p>\n<p>\u2013 k\u00fcllastunud<\/td>\n<td width=\"310\">5,1 g<\/p>\n<p>\u2013 2.9g<\/td>\n<\/tr>\n<tr>\n<td width=\"200\">S\u00fcsivesikud kokku \u2013 suhkur<\/td>\n<td width=\"310\">91.7g\u2013 84.9g<\/td>\n<\/tr>\n<tr>\n<td width=\"200\">soola<\/td>\n<td width=\"310\">0,1 g<\/td>\n<\/tr>\n<\/tbody>\n<\/table>\n<p style=\"font-weight: 400;\">Ei sobi alla 3-aastastele lastele. Enamiku elementide sees on pehme riisip\u00f5hi, samas kui m\u00f5ned v\u00f5ivad olla k\u00f5vad.<br \/>\nHoida suletuna toatemperatuuril ja normaalsel (40-75%) niiskusel.<br \/>\nTootja: Saksamaa<br \/>\nS\u00e4ilivusaeg: aprill 2028<\/p>","protected":false},"excerpt":{"rendered":"<p>Sprinkles for dessert decoration. Ingredients: Sugar, starch (WHEAT, corn, potato, rice), flour (WHEAT, malted WHEAT, rice), WHEAT semolina, WHEAT gluten, vegetable oils (rapeseed, rapeseed fully hydrogenated, coconut), glucose syrup, whole MILK powder, cocoa butter, cocoa mass, coloring (E100, E101, E131, E160a, E174), flavour, natural vanilla flavour, glazing agent (E901, E903, E904), thickener (E406, E414), emulsifier [&hellip;]<\/p>","protected":false},"featured_media":16729,"template":"","meta":{"_seopress_robots_primary_cat":"none","_seopress_titles_title":"","_seopress_titles_desc":"","_seopress_robots_index":""},"product_brand":[],"product_cat":[182,181,78,15,104,106],"product_tag":[],"class_list":{"0":"post-16728","1":"product","2":"type-product","3":"status-publish","4":"has-post-thumbnail","6":"product_cat-christmas","7":"product_cat-christmas-new-year","8":"product_cat-deal-of-the-day","9":"product_cat-all-products","10":"product_cat-sprinkles","11":"product_cat-new","13":"first","14":"instock","15":"taxable","16":"shipping-taxable","17":"purchasable","18":"product-type-simple"},"_links":{"self":[{"href":"https:\/\/candeebaar.ee\/et\/wp-json\/wp\/v2\/product\/16728","targetHints":{"allow":["GET"]}}],"collection":[{"href":"https:\/\/candeebaar.ee\/et\/wp-json\/wp\/v2\/product"}],"about":[{"href":"https:\/\/candeebaar.ee\/et\/wp-json\/wp\/v2\/types\/product"}],"version-history":[{"count":3,"href":"https:\/\/candeebaar.ee\/et\/wp-json\/wp\/v2\/product\/16728\/revisions"}],"predecessor-version":[{"id":16732,"href":"https:\/\/candeebaar.ee\/et\/wp-json\/wp\/v2\/product\/16728\/revisions\/16732"}],"wp:featuredmedia":[{"embeddable":true,"href":"https:\/\/candeebaar.ee\/et\/wp-json\/wp\/v2\/media\/16729"}],"wp:attachment":[{"href":"https:\/\/candeebaar.ee\/et\/wp-json\/wp\/v2\/media?parent=16728"}],"wp:term":[{"taxonomy":"product_brand","embeddable":true,"href":"https:\/\/candeebaar.ee\/et\/wp-json\/wp\/v2\/product_brand?post=16728"},{"taxonomy":"product_cat","embeddable":true,"href":"https:\/\/candeebaar.ee\/et\/wp-json\/wp\/v2\/product_cat?post=16728"},{"taxonomy":"product_tag","embeddable":true,"href":"https:\/\/candeebaar.ee\/et\/wp-json\/wp\/v2\/product_tag?post=16728"}],"curies":[{"name":"t\u00f6\u00f6leht","href":"https:\/\/api.w.org\/{rel}","templated":true}]}}